{"id":37047,"date":"2025-11-12T08:09:39","date_gmt":"2025-11-12T08:09:39","guid":{"rendered":"https:\/\/www.freeshopfrontiera.ch\/shop\/prices-candles-cotton-sky\/"},"modified":"2025-11-12T08:12:57","modified_gmt":"2025-11-12T08:12:57","slug":"prices-candles-cotton-sky","status":"publish","type":"product","link":"https:\/\/www.freeshopfrontiera.ch\/de\/shop\/prices-candles-cotton-sky\/","title":{"rendered":"PRICE&#8217;S CANDLES Cotton Sky"},"content":{"rendered":"<h3 data-start=\"2047\" data-end=\"2108\"><strong data-start=\"2056\" data-end=\"2108\">PRICE\u2019S CANDLES Cotton Sky<\/strong><\/h3>\n<p data-start=\"2110\" data-end=\"2398\">Erleben Sie <strong data-start=\"2122\" data-end=\"2156\">Cotton Sky von Price\u2019s Candles<\/strong>, eine elegante Duftkerze, die die Frische frisch gewaschener W\u00e4sche in Ihr Zuhause bringt. Der sanfte Duft vereint <strong data-start=\"2272\" data-end=\"2335\">frische Baumwolle, wei\u00dfe Bl\u00fcten und einen Hauch von Moschus<\/strong> und schafft so eine Atmosph\u00e4re voller Ruhe und Wohlbefinden.<\/p>\n<p data-start=\"2400\" data-end=\"2719\">Hergestellt aus <strong data-start=\"2416\" data-end=\"2438\">hochwertigem Wachs<\/strong> und einem <strong data-start=\"2449\" data-end=\"2484\">Docht aus nat\u00fcrlicher Baumwolle<\/strong>, sorgt die Kerze f\u00fcr ein gleichm\u00e4\u00dfiges, langes Abbrennen und verbreitet einen angenehmen, gleichm\u00e4\u00dfigen Duft. Ihr schlichtes, elegantes Design passt zu jedem Einrichtungsstil und macht sie auch zu einer wunderbaren <strong data-start=\"2700\" data-end=\"2716\">Geschenkidee<\/strong>.<\/p>\n<p data-start=\"2721\" data-end=\"2890\">Perfekt, um <strong data-start=\"2733\" data-end=\"2788\">Wohnr\u00e4ume, Schlafzimmer oder Badezimmer zu beduften<\/strong>, verwandelt <strong data-start=\"2801\" data-end=\"2831\">Price\u2019s Candles Cotton Sky<\/strong> jeden Moment in ein Gef\u00fchl von Entspannung und Reinheit.<\/p>\n<p data-start=\"717\" data-end=\"983\">Follow us! <a href=\"https:\/\/www.instagram.com\/freeshopswiss\/\" target=\"_blank\" rel=\"noopener\">@freeshopswiss<\/a><\/p>\n<p data-start=\"717\" data-end=\"983\">\n","protected":false},"excerpt":{"rendered":"<p>Erleben Sie <strong data-start=\"2122\" data-end=\"2156\">Cotton Sky von Price\u2019s Candles<\/strong>, eine elegante Duftkerze, die die Frische frisch gewaschener W\u00e4sche in Ihr Zuhause bringt. Der sanfte Duft vereint <strong data-start=\"2272\" data-end=\"2335\">frische Baumwolle, wei\u00dfe Bl\u00fcten und einen Hauch von Moschus<\/strong> und schafft so eine Atmosph\u00e4re voller Ruhe und Wohlbefinden.<\/p>\n","protected":false},"featured_media":37035,"comment_status":"open","ping_status":"closed","template":"","meta":[],"pwb-brand":[3161],"product_brand":[],"product_cat":[533],"product_tag":[3172,4368,2810,3173],"class_list":{"0":"post-37047","1":"product","2":"type-product","3":"status-publish","4":"has-post-thumbnail","6":"pwb-brand-prices-candles","7":"product_cat-raumduefte","8":"product_tag-duftkerzen","9":"product_tag-fruehlingsspecial","10":"product_tag-home-diffuser-de","11":"product_tag-raumduft","13":"first","14":"instock","15":"sale","16":"taxable","17":"shipping-taxable","18":"purchasable","19":"product-type-variable","20":"has-default-attributes"},"brands":[{"id":3161,"name":"Price's Candles","slug":"prices-candles"}],"_links":{"self":[{"href":"https:\/\/www.freeshopfrontiera.ch\/de\/wp-json\/wp\/v2\/product\/37047","targetHints":{"allow":["GET"]}}],"collection":[{"href":"https:\/\/www.freeshopfrontiera.ch\/de\/wp-json\/wp\/v2\/product"}],"about":[{"href":"https:\/\/www.freeshopfrontiera.ch\/de\/wp-json\/wp\/v2\/types\/product"}],"replies":[{"embeddable":true,"href":"https:\/\/www.freeshopfrontiera.ch\/de\/wp-json\/wp\/v2\/comments?post=37047"}],"version-history":[{"count":1,"href":"https:\/\/www.freeshopfrontiera.ch\/de\/wp-json\/wp\/v2\/product\/37047\/revisions"}],"predecessor-version":[{"id":37052,"href":"https:\/\/www.freeshopfrontiera.ch\/de\/wp-json\/wp\/v2\/product\/37047\/revisions\/37052"}],"wp:featuredmedia":[{"embeddable":true,"href":"https:\/\/www.freeshopfrontiera.ch\/de\/wp-json\/wp\/v2\/media\/37035"}],"wp:attachment":[{"href":"https:\/\/www.freeshopfrontiera.ch\/de\/wp-json\/wp\/v2\/media?parent=37047"}],"wp:term":[{"taxonomy":"pwb-brand","embeddable":true,"href":"https:\/\/www.freeshopfrontiera.ch\/de\/wp-json\/wp\/v2\/pwb-brand?post=37047"},{"taxonomy":"product_brand","embeddable":true,"href":"https:\/\/www.freeshopfrontiera.ch\/de\/wp-json\/wp\/v2\/product_brand?post=37047"},{"taxonomy":"product_cat","embeddable":true,"href":"https:\/\/www.freeshopfrontiera.ch\/de\/wp-json\/wp\/v2\/product_cat?post=37047"},{"taxonomy":"product_tag","embeddable":true,"href":"https:\/\/www.freeshopfrontiera.ch\/de\/wp-json\/wp\/v2\/product_tag?post=37047"}],"curies":[{"name":"wp","href":"https:\/\/api.w.org\/{rel}","templated":true}]}}