{"id":37198,"date":"2025-11-17T10:59:10","date_gmt":"2025-11-17T10:59:10","guid":{"rendered":"https:\/\/www.freeshopfrontiera.ch\/shop\/gucci-set-flora-gorgeous-orchid\/"},"modified":"2025-11-17T11:26:12","modified_gmt":"2025-11-17T11:26:12","slug":"gucci-set-flora-gorgeous-orchid","status":"publish","type":"product","link":"https:\/\/www.freeshopfrontiera.ch\/de\/shop\/gucci-set-flora-gorgeous-orchid\/","title":{"rendered":"GUCCI SET Flora Gorgeous Orchid"},"content":{"rendered":"<p data-start=\"929\" data-end=\"1009\"><strong data-start=\"929\" data-end=\"966\">GUCCI \u2013 Flora Gorgeous Orchid Set<\/strong><br data-start=\"966\" data-end=\"969\" \/>Eau de Parfum 50 ml + Bodylotion 50 ml<\/p>\n<p data-start=\"1011\" data-end=\"1314\">Das GUCCI Flora Gorgeous Orchid Geschenkset verk\u00f6rpert moderne Weiblichkeit mit einem verf\u00fchrerischen und eleganten Blumenparfum. Das 50-ml-Eau-de-Parfum verstr\u00f6mt einen eleganten und leuchtenden Duft, w\u00e4hrend die 50-ml-Bodylotion die Haut pflegt und sie sanft mit demselben raffinierten Duft umh\u00fcllt.<\/p>\n<p data-start=\"1316\" data-end=\"1406\">GUCCI Flora Gorgeous Orchid besticht durch einen eleganten und sinnlichen Blumenbouquet:<\/p>\n<ul data-start=\"1407\" data-end=\"1598\">\n<li data-start=\"1407\" data-end=\"1458\">\n<p data-start=\"1409\" data-end=\"1458\">Kopfnote: Rhabarber f\u00fcr eine spritzige Frische,<\/p>\n<\/li>\n<li data-start=\"1459\" data-end=\"1520\">\n<p data-start=\"1461\" data-end=\"1520\">Herznote: Orchidee und Rose f\u00fcr raffinierte Weiblichkeit,<\/p>\n<\/li>\n<li data-start=\"1521\" data-end=\"1598\">\n<p data-start=\"1523\" data-end=\"1598\">Basisnote: Moschus und Zedernholz f\u00fcr eine warme und langanhaltende Spur.<\/p>\n<\/li>\n<\/ul>\n<p data-start=\"1600\" data-end=\"1746\">Dieses GUCCI-Set ist perfekt als Geschenkidee oder f\u00fcr den pers\u00f6nlichen Gebrauch und kombiniert Hautpflege und Duft in einer eleganten Luxusbox.<\/p>\n<p data-start=\"1012\" data-end=\"1069\">Follow us! <a href=\"https:\/\/www.instagram.com\/freeshopswiss\/\" target=\"_blank\" rel=\"noopener\">@freeshopswiss<\/a><\/p>\n","protected":false},"excerpt":{"rendered":"<p>Das GUCCI Flora Gorgeous Orchid Geschenkset verk\u00f6rpert moderne Weiblichkeit mit einem verf\u00fchrerischen und eleganten Blumenparfum. Das 50-ml-Eau-de-Parfum verstr\u00f6mt einen eleganten und leuchtenden Duft, w\u00e4hrend die 50-ml-Bodylotion die Haut pflegt und sie sanft mit demselben raffinierten Duft umh\u00fcllt.<\/p>\n","protected":false},"featured_media":37192,"comment_status":"open","ping_status":"closed","template":"","meta":[],"pwb-brand":[270],"product_brand":[],"product_cat":[144,84,111,485,4193],"product_tag":[281,254,4349,462,5051,5073,460],"class_list":{"0":"post-37198","1":"product","2":"type-product","3":"status-publish","4":"has-post-thumbnail","6":"pwb-brand-gucci","7":"product_cat-bietet","8":"product_cat-duefte","9":"product_cat-fur-sie-de","10":"product_cat-geschenkbox","11":"product_cat-sets-aktion","12":"product_tag-bestseller-de","13":"product_tag-eau-de-parfum-de","14":"product_tag-frauentag","15":"product_tag-geschenkset-fuer-damen","16":"product_tag-muttertag","17":"product_tag-muttertags-parfums","18":"product_tag-parfuem-geschenkset","20":"first","21":"instock","22":"sale","23":"taxable","24":"shipping-taxable","25":"purchasable","26":"product-type-simple"},"brands":[{"id":270,"name":"Gucci","slug":"gucci"}],"_links":{"self":[{"href":"https:\/\/www.freeshopfrontiera.ch\/de\/wp-json\/wp\/v2\/product\/37198","targetHints":{"allow":["GET"]}}],"collection":[{"href":"https:\/\/www.freeshopfrontiera.ch\/de\/wp-json\/wp\/v2\/product"}],"about":[{"href":"https:\/\/www.freeshopfrontiera.ch\/de\/wp-json\/wp\/v2\/types\/product"}],"replies":[{"embeddable":true,"href":"https:\/\/www.freeshopfrontiera.ch\/de\/wp-json\/wp\/v2\/comments?post=37198"}],"version-history":[{"count":1,"href":"https:\/\/www.freeshopfrontiera.ch\/de\/wp-json\/wp\/v2\/product\/37198\/revisions"}],"predecessor-version":[{"id":37201,"href":"https:\/\/www.freeshopfrontiera.ch\/de\/wp-json\/wp\/v2\/product\/37198\/revisions\/37201"}],"wp:featuredmedia":[{"embeddable":true,"href":"https:\/\/www.freeshopfrontiera.ch\/de\/wp-json\/wp\/v2\/media\/37192"}],"wp:attachment":[{"href":"https:\/\/www.freeshopfrontiera.ch\/de\/wp-json\/wp\/v2\/media?parent=37198"}],"wp:term":[{"taxonomy":"pwb-brand","embeddable":true,"href":"https:\/\/www.freeshopfrontiera.ch\/de\/wp-json\/wp\/v2\/pwb-brand?post=37198"},{"taxonomy":"product_brand","embeddable":true,"href":"https:\/\/www.freeshopfrontiera.ch\/de\/wp-json\/wp\/v2\/product_brand?post=37198"},{"taxonomy":"product_cat","embeddable":true,"href":"https:\/\/www.freeshopfrontiera.ch\/de\/wp-json\/wp\/v2\/product_cat?post=37198"},{"taxonomy":"product_tag","embeddable":true,"href":"https:\/\/www.freeshopfrontiera.ch\/de\/wp-json\/wp\/v2\/product_tag?post=37198"}],"curies":[{"name":"wp","href":"https:\/\/api.w.org\/{rel}","templated":true}]}}