{"id":37212,"date":"2025-11-17T11:46:03","date_gmt":"2025-11-17T11:46:03","guid":{"rendered":"https:\/\/www.freeshopfrontiera.ch\/shop\/valentino-set-born-in-roma-uomo\/"},"modified":"2025-11-17T14:03:57","modified_gmt":"2025-11-17T14:03:57","slug":"valentino-set-born-in-roma-uomo","status":"publish","type":"product","link":"https:\/\/www.freeshopfrontiera.ch\/de\/shop\/valentino-set-born-in-roma-uomo\/","title":{"rendered":"VALENTINO SET Born in Roma Uomo"},"content":{"rendered":"<p data-start=\"1342\" data-end=\"1426\"><strong data-start=\"1342\" data-end=\"1377\">VALENTINO Born in Roma Uomo Set<\/strong><br data-start=\"1377\" data-end=\"1380\" \/><strong data-start=\"1380\" data-end=\"1424\">Eau de Toilette Spray 50 ml + Mini 15 ml<\/strong><\/p>\n<p data-start=\"1428\" data-end=\"1857\">Das VALENTINO Born in Roma Uomo Geschenkset steht f\u00fcr zeitgen\u00f6ssische Eleganz des modernen Mannes und vereint St\u00e4rke und Raffinesse perfekt. Das 50-ml-Eau-de-Toilette-Spray verstr\u00f6mt einen kraftvollen und eleganten Duft, ideal f\u00fcr alle, die einen bleibenden Eindruck hinterlassen m\u00f6chten. Der Duft ist eine olfaktorische Reise durch frische, w\u00fcrzige und holzige Noten und schafft ein unverwechselbares und magnetisches Bouquet.<\/p>\n<p data-start=\"1859\" data-end=\"2028\">Das 15-ml-Mini erm\u00f6glicht es, diesen ikonischen Duft \u00fcberallhin mitzunehmen \u2013 vom B\u00fcro bis zu Abendveranstaltungen \u2013 und dabei stets elegante Ausstrahlung zu bewahren.<\/p>\n<p data-start=\"2030\" data-end=\"2051\"><strong data-start=\"2030\" data-end=\"2049\">Hauptduftnoten:<\/strong><\/p>\n<ul data-start=\"2052\" data-end=\"2291\">\n<li data-start=\"2052\" data-end=\"2137\">\n<p data-start=\"2054\" data-end=\"2137\"><strong data-start=\"2054\" data-end=\"2063\">Kopf:<\/strong> Zitrusfr\u00fcchte und schwarzer Pfeffer f\u00fcr lebendige und spritzige Frische<\/p>\n<\/li>\n<li data-start=\"2138\" data-end=\"2212\">\n<p data-start=\"2140\" data-end=\"2212\"><strong data-start=\"2140\" data-end=\"2149\">Herz:<\/strong> Lavendel und Geranie f\u00fcr eine raffinierte und sinnliche Note<\/p>\n<\/li>\n<li data-start=\"2213\" data-end=\"2291\">\n<p data-start=\"2215\" data-end=\"2291\"><strong data-start=\"2215\" data-end=\"2225\">Basis:<\/strong> Zedernholz und Bernstein f\u00fcr eine warme und langanhaltende Spur<\/p>\n<\/li>\n<\/ul>\n<p data-start=\"2293\" data-end=\"2556\">Das VALENTINO Born in Roma Uomo Set ist f\u00fcr den selbstbewussten, modernen und dynamischen Mann konzipiert, der seine Pers\u00f6nlichkeit durch elegante Details ausdr\u00fccken m\u00f6chte. Perfekt als exklusives Geschenk oder zur Bereicherung der eigenen Luxus-Parfumsammlung.<\/p>\n<p data-start=\"1173\" data-end=\"1433\">Follow us! <a href=\"https:\/\/www.instagram.com\/freeshopswiss\/\" target=\"_blank\" rel=\"noopener\">@freeshopswiss<\/a><\/p>\n","protected":false},"excerpt":{"rendered":"<p>Das VALENTINO Born in Roma Uomo Geschenkset steht f\u00fcr zeitgen\u00f6ssische Eleganz des modernen Mannes und vereint St\u00e4rke und Raffinesse perfekt.<\/p>\n","protected":false},"featured_media":37207,"comment_status":"open","ping_status":"closed","template":"","meta":[],"pwb-brand":[298],"product_brand":[],"product_cat":[485],"product_tag":[254,465,953,460],"class_list":{"0":"post-37212","1":"product","2":"type-product","3":"status-publish","4":"has-post-thumbnail","6":"pwb-brand-valentino","7":"product_cat-geschenkbox","8":"product_tag-eau-de-parfum-de","9":"product_tag-geschenkset-herren","10":"product_tag-uomo-de","11":"product_tag-parfuem-geschenkset","13":"first","14":"outofstock","15":"sale","16":"taxable","17":"shipping-taxable","18":"purchasable","19":"product-type-simple"},"brands":[{"id":298,"name":"Valentino","slug":"valentino"}],"_links":{"self":[{"href":"https:\/\/www.freeshopfrontiera.ch\/de\/wp-json\/wp\/v2\/product\/37212","targetHints":{"allow":["GET"]}}],"collection":[{"href":"https:\/\/www.freeshopfrontiera.ch\/de\/wp-json\/wp\/v2\/product"}],"about":[{"href":"https:\/\/www.freeshopfrontiera.ch\/de\/wp-json\/wp\/v2\/types\/product"}],"replies":[{"embeddable":true,"href":"https:\/\/www.freeshopfrontiera.ch\/de\/wp-json\/wp\/v2\/comments?post=37212"}],"version-history":[{"count":2,"href":"https:\/\/www.freeshopfrontiera.ch\/de\/wp-json\/wp\/v2\/product\/37212\/revisions"}],"predecessor-version":[{"id":37217,"href":"https:\/\/www.freeshopfrontiera.ch\/de\/wp-json\/wp\/v2\/product\/37212\/revisions\/37217"}],"wp:featuredmedia":[{"embeddable":true,"href":"https:\/\/www.freeshopfrontiera.ch\/de\/wp-json\/wp\/v2\/media\/37207"}],"wp:attachment":[{"href":"https:\/\/www.freeshopfrontiera.ch\/de\/wp-json\/wp\/v2\/media?parent=37212"}],"wp:term":[{"taxonomy":"pwb-brand","embeddable":true,"href":"https:\/\/www.freeshopfrontiera.ch\/de\/wp-json\/wp\/v2\/pwb-brand?post=37212"},{"taxonomy":"product_brand","embeddable":true,"href":"https:\/\/www.freeshopfrontiera.ch\/de\/wp-json\/wp\/v2\/product_brand?post=37212"},{"taxonomy":"product_cat","embeddable":true,"href":"https:\/\/www.freeshopfrontiera.ch\/de\/wp-json\/wp\/v2\/product_cat?post=37212"},{"taxonomy":"product_tag","embeddable":true,"href":"https:\/\/www.freeshopfrontiera.ch\/de\/wp-json\/wp\/v2\/product_tag?post=37212"}],"curies":[{"name":"wp","href":"https:\/\/api.w.org\/{rel}","templated":true}]}}