{"id":37236,"date":"2025-11-17T15:32:52","date_gmt":"2025-11-17T15:32:52","guid":{"rendered":"https:\/\/www.freeshopfrontiera.ch\/shop\/prices-candles-warm-oud\/"},"modified":"2025-11-19T11:54:21","modified_gmt":"2025-11-19T11:54:21","slug":"prices-candles-warm-oud","status":"publish","type":"product","link":"https:\/\/www.freeshopfrontiera.ch\/de\/shop\/prices-candles-warm-oud\/","title":{"rendered":"PRICE&#8217;S CANDLES Warm Oud"},"content":{"rendered":"<p data-start=\"57\" data-end=\"89\"><strong data-start=\"57\" data-end=\"87\">PRICE\u2019S CANDLES \u2013 Warm Oud<\/strong><\/p>\n<p data-start=\"91\" data-end=\"267\">Tauchen Sie ein in eine warme und raffinierte Atmosph\u00e4re mit <strong data-start=\"152\" data-end=\"164\">Warm Oud<\/strong> von Price\u2019s Candles, einem intensiven Duft, der orientalische Tiefe mit zeitloser Eleganz verbindet.<\/p>\n<p data-start=\"269\" data-end=\"513\">Die warmen, holzigen Oud-Noten, erg\u00e4nzt durch aromatische Akzente und einen sanft balsamischen Hauch, schaffen ein reichhaltiges und sinnliches Dufterlebnis. Ideal, um jeden Raum in einen ruhigen, einladenden und stilvollen Ort zu verwandeln.<\/p>\n<p data-start=\"515\" data-end=\"721\">Perfekt f\u00fcr Liebhaber intensiver und umh\u00fcllender D\u00fcfte, vermittelt <strong data-start=\"582\" data-end=\"594\">Warm Oud<\/strong> ein Gef\u00fchl von Komfort und Entspannung \u2013 ideal f\u00fcr den Abend, Wohnbereiche oder als elegante Atmosph\u00e4re f\u00fcr besondere G\u00e4ste.<\/p>\n<p data-start=\"723\" data-end=\"835\">Eine charakterstarke Kerze, die Ihr Zuhause mit einem Hauch britischer Eleganz von Price\u2019s Candles bereichert.<\/p>\n<p data-start=\"731\" data-end=\"851\">Follow us! <a href=\"https:\/\/www.instagram.com\/freeshopswiss\/\" target=\"_blank\" rel=\"noopener\">@freeshopswiss<\/a><\/p>\n","protected":false},"excerpt":{"rendered":"<p>Tauchen Sie ein in eine warme und raffinierte Atmosph\u00e4re mit <strong data-start=\"152\" data-end=\"164\">Warm Oud<\/strong> von Price\u2019s Candles, einem intensiven Duft, der orientalische Tiefe mit zeitloser Eleganz verbindet.<\/p>\n","protected":false},"featured_media":37224,"comment_status":"open","ping_status":"closed","template":"","meta":[],"pwb-brand":[3161],"product_brand":[],"product_cat":[533],"product_tag":[3172,2810,3173],"class_list":{"0":"post-37236","1":"product","2":"type-product","3":"status-publish","4":"has-post-thumbnail","6":"pwb-brand-prices-candles","7":"product_cat-raumduefte","8":"product_tag-duftkerzen","9":"product_tag-home-diffuser-de","10":"product_tag-raumduft","12":"first","13":"instock","14":"sale","15":"taxable","16":"shipping-taxable","17":"purchasable","18":"product-type-variable","19":"has-default-attributes"},"brands":[{"id":3161,"name":"Price's Candles","slug":"prices-candles"}],"_links":{"self":[{"href":"https:\/\/www.freeshopfrontiera.ch\/de\/wp-json\/wp\/v2\/product\/37236","targetHints":{"allow":["GET"]}}],"collection":[{"href":"https:\/\/www.freeshopfrontiera.ch\/de\/wp-json\/wp\/v2\/product"}],"about":[{"href":"https:\/\/www.freeshopfrontiera.ch\/de\/wp-json\/wp\/v2\/types\/product"}],"replies":[{"embeddable":true,"href":"https:\/\/www.freeshopfrontiera.ch\/de\/wp-json\/wp\/v2\/comments?post=37236"}],"version-history":[{"count":1,"href":"https:\/\/www.freeshopfrontiera.ch\/de\/wp-json\/wp\/v2\/product\/37236\/revisions"}],"predecessor-version":[{"id":37266,"href":"https:\/\/www.freeshopfrontiera.ch\/de\/wp-json\/wp\/v2\/product\/37236\/revisions\/37266"}],"wp:featuredmedia":[{"embeddable":true,"href":"https:\/\/www.freeshopfrontiera.ch\/de\/wp-json\/wp\/v2\/media\/37224"}],"wp:attachment":[{"href":"https:\/\/www.freeshopfrontiera.ch\/de\/wp-json\/wp\/v2\/media?parent=37236"}],"wp:term":[{"taxonomy":"pwb-brand","embeddable":true,"href":"https:\/\/www.freeshopfrontiera.ch\/de\/wp-json\/wp\/v2\/pwb-brand?post=37236"},{"taxonomy":"product_brand","embeddable":true,"href":"https:\/\/www.freeshopfrontiera.ch\/de\/wp-json\/wp\/v2\/product_brand?post=37236"},{"taxonomy":"product_cat","embeddable":true,"href":"https:\/\/www.freeshopfrontiera.ch\/de\/wp-json\/wp\/v2\/product_cat?post=37236"},{"taxonomy":"product_tag","embeddable":true,"href":"https:\/\/www.freeshopfrontiera.ch\/de\/wp-json\/wp\/v2\/product_tag?post=37236"}],"curies":[{"name":"wp","href":"https:\/\/api.w.org\/{rel}","templated":true}]}}