{"id":37251,"date":"2025-11-18T10:37:08","date_gmt":"2025-11-18T10:37:08","guid":{"rendered":"https:\/\/www.freeshopfrontiera.ch\/shop\/hugo-boss-set-boss-the-scent-for-her\/"},"modified":"2026-04-13T14:03:50","modified_gmt":"2026-04-13T14:03:50","slug":"hugo-boss-set-boss-the-scent-for-her","status":"publish","type":"product","link":"https:\/\/www.freeshopfrontiera.ch\/de\/shop\/hugo-boss-set-boss-the-scent-for-her\/","title":{"rendered":"BOSS SET Boss The Scent For Her"},"content":{"rendered":"<p data-start=\"1418\" data-end=\"1498\"><strong data-start=\"1418\" data-end=\"1496\">BOSS Set Boss The Scent For Her Eau de Parfum 30ml + Body Lotion 50ml<\/strong><\/p>\n<p data-start=\"1500\" data-end=\"1792\">Entdecken Sie die Eleganz und Verf\u00fchrungskraft des <strong data-start=\"1551\" data-end=\"1592\">Boss Boss The Scent For Her Sets<\/strong>, entworfen f\u00fcr die moderne Frau, die auffallen m\u00f6chte. Dieses Set enth\u00e4lt <strong data-start=\"1667\" data-end=\"1689\">Eau de Parfum 30ml<\/strong> und <strong data-start=\"1694\" data-end=\"1714\">Body Lotion 50ml<\/strong>, ideal zur Kombination f\u00fcr ein intensives und langanhaltendes Dufterlebnis.<\/p>\n<p data-start=\"1794\" data-end=\"2114\">Der Duft <strong data-start=\"1803\" data-end=\"1829\">Boss The Scent For Her<\/strong> vereint <strong data-start=\"1838\" data-end=\"1894\">saftige Fr\u00fcchte, elegante Blumen und sinnliche Noten<\/strong> und h\u00fcllt die Tr\u00e4gerin in eine unwiderstehliche Aura. Das Eau de Parfum bietet einen langanhaltenden Duft, perfekt f\u00fcr den Alltag oder besondere Anl\u00e4sse, w\u00e4hrend die Body Lotion die Haut pflegt und den Duft verst\u00e4rkt.<\/p>\n<p data-start=\"2116\" data-end=\"2353\">Dieses Set ist eine elegante und stilvolle Geschenkidee zu Weihnachten, Geburtstagen oder Jubil\u00e4en, ideal, um Ihre Liebsten zu \u00fcberraschen. Das moderne und hochwertige Verpackungsdesign spiegelt die Premiumqualit\u00e4t von Hugo Boss wider.<\/p>\n<p data-start=\"1322\" data-end=\"1518\">Follow us! <a href=\"https:\/\/www.instagram.com\/freeshopswiss\/\" target=\"_blank\" rel=\"noopener\">@freeshopswiss<\/a><\/p>\n","protected":false},"excerpt":{"rendered":"<p>Entdecken Sie die Eleganz und Verf\u00fchrungskraft des <strong data-start=\"1551\" data-end=\"1592\">Hugo Boss Boss The Scent For Her Sets<\/strong>, entworfen f\u00fcr die moderne Frau, die auffallen m\u00f6chte.<\/p>\n","protected":false},"featured_media":37246,"comment_status":"open","ping_status":"closed","template":"","meta":[],"pwb-brand":[260],"product_brand":[],"product_cat":[292,144,84,111,485],"product_tag":[254,293,462,460],"class_list":{"0":"post-37251","1":"product","2":"type-product","3":"status-publish","4":"has-post-thumbnail","6":"pwb-brand-hugo-boss","7":"product_cat-behandlungen","8":"product_cat-bietet","9":"product_cat-duefte","10":"product_cat-fur-sie-de","11":"product_cat-geschenkbox","12":"product_tag-eau-de-parfum-de","13":"product_tag-frau","14":"product_tag-geschenkset-fuer-damen","15":"product_tag-parfuem-geschenkset","17":"first","18":"outofstock","19":"sale","20":"taxable","21":"shipping-taxable","22":"purchasable","23":"product-type-simple"},"brands":[{"id":260,"name":"Hugo Boss","slug":"hugo-boss"}],"_links":{"self":[{"href":"https:\/\/www.freeshopfrontiera.ch\/de\/wp-json\/wp\/v2\/product\/37251","targetHints":{"allow":["GET"]}}],"collection":[{"href":"https:\/\/www.freeshopfrontiera.ch\/de\/wp-json\/wp\/v2\/product"}],"about":[{"href":"https:\/\/www.freeshopfrontiera.ch\/de\/wp-json\/wp\/v2\/types\/product"}],"replies":[{"embeddable":true,"href":"https:\/\/www.freeshopfrontiera.ch\/de\/wp-json\/wp\/v2\/comments?post=37251"}],"version-history":[{"count":3,"href":"https:\/\/www.freeshopfrontiera.ch\/de\/wp-json\/wp\/v2\/product\/37251\/revisions"}],"predecessor-version":[{"id":42310,"href":"https:\/\/www.freeshopfrontiera.ch\/de\/wp-json\/wp\/v2\/product\/37251\/revisions\/42310"}],"wp:featuredmedia":[{"embeddable":true,"href":"https:\/\/www.freeshopfrontiera.ch\/de\/wp-json\/wp\/v2\/media\/37246"}],"wp:attachment":[{"href":"https:\/\/www.freeshopfrontiera.ch\/de\/wp-json\/wp\/v2\/media?parent=37251"}],"wp:term":[{"taxonomy":"pwb-brand","embeddable":true,"href":"https:\/\/www.freeshopfrontiera.ch\/de\/wp-json\/wp\/v2\/pwb-brand?post=37251"},{"taxonomy":"product_brand","embeddable":true,"href":"https:\/\/www.freeshopfrontiera.ch\/de\/wp-json\/wp\/v2\/product_brand?post=37251"},{"taxonomy":"product_cat","embeddable":true,"href":"https:\/\/www.freeshopfrontiera.ch\/de\/wp-json\/wp\/v2\/product_cat?post=37251"},{"taxonomy":"product_tag","embeddable":true,"href":"https:\/\/www.freeshopfrontiera.ch\/de\/wp-json\/wp\/v2\/product_tag?post=37251"}],"curies":[{"name":"wp","href":"https:\/\/api.w.org\/{rel}","templated":true}]}}