{"id":37269,"date":"2025-11-19T11:50:17","date_gmt":"2025-11-19T11:50:17","guid":{"rendered":"https:\/\/www.freeshopfrontiera.ch\/shop\/issey-miyake-leau-dissey-intense-homme-125ml\/"},"modified":"2025-12-26T00:00:37","modified_gmt":"2025-12-26T00:00:37","slug":"issey-miyake-leau-dissey-intense-homme-125ml","status":"publish","type":"product","link":"https:\/\/www.freeshopfrontiera.ch\/de\/shop\/issey-miyake-leau-dissey-intense-homme-125ml\/","title":{"rendered":"ISSEY MIYAKE L\u2019eau D\u2019issey Intense Homme 125ml"},"content":{"rendered":"<p data-start=\"1478\" data-end=\"1546\"><strong data-start=\"1478\" data-end=\"1544\">ISSEY MIYAKE L\u2019eau D\u2019Issey Intense Homme Eau de Toilette 125ml<\/strong><\/p>\n<p data-start=\"1548\" data-end=\"1856\">Entdecken Sie die St\u00e4rke und Tiefe von <strong data-start=\"1587\" data-end=\"1618\">L\u2019eau D\u2019Issey Intense Homme<\/strong> von ISSEY MIYAKE, einem raffinierten und modernen Herrenduft. Dieses Eau de Toilette ist eine intensive Neuinterpretation des ikonischen L\u2019eau D\u2019Issey Homme und vermittelt Eleganz, M\u00e4nnlichkeit und Modernit\u00e4t in einem einzigen Schritt.<\/p>\n<p data-start=\"1858\" data-end=\"2260\">Die Duftkomposition er\u00f6ffnet mit frischen und w\u00fcrzigen Noten von Bergamotte und schwarzem Pfeffer, die Energie und Vitalit\u00e4t verleihen. Im Herzen sorgen aromatische und holzige Akkorde von Zedernholz und Sandelholz f\u00fcr ein warmes und umh\u00fcllendes Gef\u00fchl, ideal f\u00fcr den selbstbewussten Mann. Schlie\u00dflich hinterlassen Basisnoten von Moschus und Amber einen verf\u00fchrerischen und langanhaltenden Charakter.<\/p>\n<p data-start=\"2262\" data-end=\"2598\">Seine ausgewogene Komposition macht ihn sowohl f\u00fcr den Tag als auch f\u00fcr den Abend geeignet, passend f\u00fcr formelle Anl\u00e4sse oder legere Momente, immer mit einem stilvollen und unverwechselbaren Auftreten. Der 125ml-Flakon ist elegant und minimalistisch, ganz im Stil von ISSEY MIYAKE, und macht jede Anwendung zu einem besonderen Genuss.<\/p>\n<p data-start=\"2600\" data-end=\"2765\"><strong data-start=\"2600\" data-end=\"2631\">L\u2019eau D\u2019Issey Intense Homme<\/strong> ist die perfekte Wahl f\u00fcr den Mann, der sich abheben m\u00f6chte \u2013 ein Duft, der Frische und Intensit\u00e4t mit zeitloser Eleganz verbindet.<\/p>\n<p data-start=\"1249\" data-end=\"1484\">Follow us! <a href=\"https:\/\/www.instagram.com\/freeshopswiss\/\" target=\"_blank\" rel=\"noopener\">@freeshopswiss<\/a><\/p>\n","protected":false},"excerpt":{"rendered":"<p>Entdecken Sie die St\u00e4rke und Tiefe von <strong data-start=\"1587\" data-end=\"1618\">L\u2019eau D\u2019Issey Intense Homme<\/strong> von ISSEY MIYAKE, einem raffinierten und modernen Herrenduft. Dieses Eau de Toilette ist eine intensive Neuinterpretation des ikonischen L\u2019eau D\u2019Issey Homme und vermittelt Eleganz, M\u00e4nnlichkeit und Modernit\u00e4t in einem einzigen Schritt.<\/p>\n","protected":false},"featured_media":37263,"comment_status":"open","ping_status":"closed","template":"","meta":[],"pwb-brand":[439],"product_brand":[],"product_cat":[84,86],"product_tag":[952,254,953,1642],"class_list":{"0":"post-37269","1":"product","2":"type-product","3":"status-publish","4":"has-post-thumbnail","6":"pwb-brand-issey-miyake","7":"product_cat-duefte","8":"product_cat-fur-ihn-de","9":"product_tag-profumi-de","10":"product_tag-eau-de-parfum-de","11":"product_tag-uomo-de","12":"product_tag-mens-fragrances-de","14":"first","15":"instock","16":"sale","17":"taxable","18":"shipping-taxable","19":"purchasable","20":"product-type-simple"},"brands":[{"id":439,"name":"Issey Miyake","slug":"issey-miyake"}],"_links":{"self":[{"href":"https:\/\/www.freeshopfrontiera.ch\/de\/wp-json\/wp\/v2\/product\/37269","targetHints":{"allow":["GET"]}}],"collection":[{"href":"https:\/\/www.freeshopfrontiera.ch\/de\/wp-json\/wp\/v2\/product"}],"about":[{"href":"https:\/\/www.freeshopfrontiera.ch\/de\/wp-json\/wp\/v2\/types\/product"}],"replies":[{"embeddable":true,"href":"https:\/\/www.freeshopfrontiera.ch\/de\/wp-json\/wp\/v2\/comments?post=37269"}],"version-history":[{"count":1,"href":"https:\/\/www.freeshopfrontiera.ch\/de\/wp-json\/wp\/v2\/product\/37269\/revisions"}],"predecessor-version":[{"id":37272,"href":"https:\/\/www.freeshopfrontiera.ch\/de\/wp-json\/wp\/v2\/product\/37269\/revisions\/37272"}],"wp:featuredmedia":[{"embeddable":true,"href":"https:\/\/www.freeshopfrontiera.ch\/de\/wp-json\/wp\/v2\/media\/37263"}],"wp:attachment":[{"href":"https:\/\/www.freeshopfrontiera.ch\/de\/wp-json\/wp\/v2\/media?parent=37269"}],"wp:term":[{"taxonomy":"pwb-brand","embeddable":true,"href":"https:\/\/www.freeshopfrontiera.ch\/de\/wp-json\/wp\/v2\/pwb-brand?post=37269"},{"taxonomy":"product_brand","embeddable":true,"href":"https:\/\/www.freeshopfrontiera.ch\/de\/wp-json\/wp\/v2\/product_brand?post=37269"},{"taxonomy":"product_cat","embeddable":true,"href":"https:\/\/www.freeshopfrontiera.ch\/de\/wp-json\/wp\/v2\/product_cat?post=37269"},{"taxonomy":"product_tag","embeddable":true,"href":"https:\/\/www.freeshopfrontiera.ch\/de\/wp-json\/wp\/v2\/product_tag?post=37269"}],"curies":[{"name":"wp","href":"https:\/\/api.w.org\/{rel}","templated":true}]}}