{"id":37295,"date":"2025-11-21T09:51:18","date_gmt":"2025-11-21T09:51:18","guid":{"rendered":"https:\/\/www.freeshopfrontiera.ch\/shop\/estee-lauder-set-resilience\/"},"modified":"2025-11-21T09:55:38","modified_gmt":"2025-11-21T09:55:38","slug":"estee-lauder-set-resilience","status":"publish","type":"product","link":"https:\/\/www.freeshopfrontiera.ch\/de\/shop\/estee-lauder-set-resilience\/","title":{"rendered":"ESTEE LAUDER SET Resilience"},"content":{"rendered":"<p data-start=\"1185\" data-end=\"1262\"><strong data-start=\"1185\" data-end=\"1262\">Est\u00e9e Lauder Set Resilience Multi-Effect \u2013 Vollst\u00e4ndige Anti-Aging-Pflege<\/strong><\/p>\n<p data-start=\"1264\" data-end=\"1568\">Revitalisieren und st\u00e4rken Sie Ihre Haut mit dem <strong data-start=\"1313\" data-end=\"1357\">Est\u00e9e Lauder Resilience Multi-Effect Set<\/strong>, einer vollst\u00e4ndigen Anti-Aging-Routine, die die Haut sch\u00fctzt, mit Feuchtigkeit versorgt und die Elastizit\u00e4t verbessert. Perfekt als Geschenk oder f\u00fcr alle, die eine hochwertige t\u00e4gliche Pflegeroutine w\u00fcnschen.<\/p>\n<p data-start=\"1570\" data-end=\"1590\"><strong data-start=\"1570\" data-end=\"1590\">Das Set enth\u00e4lt:<\/strong><\/p>\n<p data-start=\"1592\" data-end=\"1795\"><strong data-start=\"1592\" data-end=\"1637\">Resilience Multi-Effect Cream SPF15 50 ml<\/strong><br data-start=\"1637\" data-end=\"1640\" \/>Tagescreme mit SPF15, die die Elastizit\u00e4t verbessert, Falten gl\u00e4ttet und intensiv mit Feuchtigkeit versorgt, f\u00fcr ein jugendliches und strahlendes Aussehen.<\/p>\n<p data-start=\"1797\" data-end=\"1978\"><strong data-start=\"1797\" data-end=\"1822\">Perfectly Clean 30 ml<\/strong><br data-start=\"1822\" data-end=\"1825\" \/>Sanfter Reiniger f\u00fcr alle Hauttypen, entfernt Unreinheiten und Make-up und hinterl\u00e4sst die Haut frisch, weich und bereit f\u00fcr die n\u00e4chsten Pflegeprodukte.<\/p>\n<p data-start=\"1980\" data-end=\"2183\"><strong data-start=\"1980\" data-end=\"2031\">Perfectionist Pro Rapid Firm + Lift Serum 15 ml<\/strong><br data-start=\"2031\" data-end=\"2034\" \/>Konzentriertes Serum, das die Haut strafft und sichtbar Linien und Erschlaffungen reduziert, f\u00fcr einen sofortigen und langanhaltenden Lifting-Effekt.<\/p>\n<p data-start=\"2185\" data-end=\"2385\"><strong data-start=\"2185\" data-end=\"2227\">Resilience Multi-Effect Eye Cream 5 ml<\/strong><br data-start=\"2227\" data-end=\"2230\" \/>Augencreme, die die empfindliche Augenpartie gl\u00e4ttet, mit Feuchtigkeit versorgt und sch\u00fctzt, Schwellungen, Augenringe und Erm\u00fcdungserscheinungen reduziert.<\/p>\n<p>Follow us! <a href=\"https:\/\/www.instagram.com\/freeshopswiss\/\" target=\"_blank\" rel=\"noopener\">@freeshopswiss<\/a><\/p>\n","protected":false},"excerpt":{"rendered":"<p>Revitalisieren und st\u00e4rken Sie Ihre Haut mit dem <strong data-start=\"1313\" data-end=\"1357\">Est\u00e9e Lauder Resilience Multi-Effect Set<\/strong>, einer vollst\u00e4ndigen Anti-Aging-Routine, die die Haut sch\u00fctzt, mit Feuchtigkeit versorgt und die Elastizit\u00e4t verbessert.<\/p>\n","protected":false},"featured_media":37291,"comment_status":"open","ping_status":"closed","template":"","meta":[],"pwb-brand":[2879],"product_brand":[],"product_cat":[292,485,546],"product_tag":[419,254,293,462,460],"class_list":{"0":"post-37295","1":"product","2":"type-product","3":"status-publish","4":"has-post-thumbnail","6":"pwb-brand-estee-lauder","7":"product_cat-behandlungen","8":"product_cat-geschenkbox","9":"product_cat-gesichtsbehandlung","10":"product_tag-behandlungen-de","11":"product_tag-eau-de-parfum-de","12":"product_tag-frau","13":"product_tag-geschenkset-fuer-damen","14":"product_tag-parfuem-geschenkset","16":"first","17":"outofstock","18":"sale","19":"taxable","20":"shipping-taxable","21":"purchasable","22":"product-type-simple"},"brands":[{"id":2879,"name":"Estee Lauder","slug":"estee-lauder"}],"_links":{"self":[{"href":"https:\/\/www.freeshopfrontiera.ch\/de\/wp-json\/wp\/v2\/product\/37295","targetHints":{"allow":["GET"]}}],"collection":[{"href":"https:\/\/www.freeshopfrontiera.ch\/de\/wp-json\/wp\/v2\/product"}],"about":[{"href":"https:\/\/www.freeshopfrontiera.ch\/de\/wp-json\/wp\/v2\/types\/product"}],"replies":[{"embeddable":true,"href":"https:\/\/www.freeshopfrontiera.ch\/de\/wp-json\/wp\/v2\/comments?post=37295"}],"version-history":[{"count":1,"href":"https:\/\/www.freeshopfrontiera.ch\/de\/wp-json\/wp\/v2\/product\/37295\/revisions"}],"predecessor-version":[{"id":37297,"href":"https:\/\/www.freeshopfrontiera.ch\/de\/wp-json\/wp\/v2\/product\/37295\/revisions\/37297"}],"wp:featuredmedia":[{"embeddable":true,"href":"https:\/\/www.freeshopfrontiera.ch\/de\/wp-json\/wp\/v2\/media\/37291"}],"wp:attachment":[{"href":"https:\/\/www.freeshopfrontiera.ch\/de\/wp-json\/wp\/v2\/media?parent=37295"}],"wp:term":[{"taxonomy":"pwb-brand","embeddable":true,"href":"https:\/\/www.freeshopfrontiera.ch\/de\/wp-json\/wp\/v2\/pwb-brand?post=37295"},{"taxonomy":"product_brand","embeddable":true,"href":"https:\/\/www.freeshopfrontiera.ch\/de\/wp-json\/wp\/v2\/product_brand?post=37295"},{"taxonomy":"product_cat","embeddable":true,"href":"https:\/\/www.freeshopfrontiera.ch\/de\/wp-json\/wp\/v2\/product_cat?post=37295"},{"taxonomy":"product_tag","embeddable":true,"href":"https:\/\/www.freeshopfrontiera.ch\/de\/wp-json\/wp\/v2\/product_tag?post=37295"}],"curies":[{"name":"wp","href":"https:\/\/api.w.org\/{rel}","templated":true}]}}