{"id":37309,"date":"2025-11-21T10:43:32","date_gmt":"2025-11-21T10:43:32","guid":{"rendered":"https:\/\/www.freeshopfrontiera.ch\/shop\/prada-set-luna-rossa-ocean-le-parfum\/"},"modified":"2025-11-21T10:48:27","modified_gmt":"2025-11-21T10:48:27","slug":"prada-set-luna-rossa-ocean-le-parfum","status":"publish","type":"product","link":"https:\/\/www.freeshopfrontiera.ch\/de\/shop\/prada-set-luna-rossa-ocean-le-parfum\/","title":{"rendered":"PRADA Set Luna Rossa Ocean Le Parfum"},"content":{"rendered":"<p data-start=\"840\" data-end=\"903\"><strong data-start=\"840\" data-end=\"903\">Prada Set Luna Rossa Ocean Le Parfum \u2013 Vollst\u00e4ndige Edition<\/strong><\/p>\n<p data-start=\"905\" data-end=\"1206\">Entdecken Sie die Energie und Frische des Meeres mit dem <strong data-start=\"962\" data-end=\"1002\">Prada Luna Rossa Ocean Le Parfum Set<\/strong>, die perfekte Kombination f\u00fcr alle, die kr\u00e4ftige, raffinierte und umh\u00fcllende D\u00fcfte lieben. Ideal als Geschenk oder f\u00fcr alle, die ein vollst\u00e4ndiges olfaktorisches Erlebnis auch unterwegs genie\u00dfen m\u00f6chten.<\/p>\n<p data-start=\"1208\" data-end=\"1228\"><strong data-start=\"1208\" data-end=\"1228\">Das Set enth\u00e4lt:<\/strong><\/p>\n<p data-start=\"1230\" data-end=\"1465\"><strong data-start=\"1230\" data-end=\"1271\">Luna Rossa Ocean Le Parfum Vapo 50 ml<\/strong><br data-start=\"1271\" data-end=\"1274\" \/>Ein intensiver und frischer Duft, inspiriert von der Kraft des Ozeans. Aromatische Noten vereinen Zitrusfr\u00fcchte, Gew\u00fcrze und Meeresakkorde zu einem energetisierenden und langanhaltenden Duft.<\/p>\n<p data-start=\"1467\" data-end=\"1625\"><strong data-start=\"1467\" data-end=\"1488\">Travel Size 10 ml<\/strong><br data-start=\"1488\" data-end=\"1491\" \/>Praktische und kompakte Reisegr\u00f6\u00dfe, perfekt, um Ihren Lieblingsduft \u00fcberallhin mitzunehmen, ohne auf den Stil von Prada zu verzichten.<\/p>\n<p>Follow us! <a href=\"https:\/\/www.instagram.com\/freeshopswiss\/\" target=\"_blank\" rel=\"noopener\">@freeshopswiss<\/a><\/p>\n","protected":false},"excerpt":{"rendered":"<p>Entdecken Sie die Energie und Frische des Meeres mit dem <strong data-start=\"962\" data-end=\"1002\">Prada Luna Rossa Ocean Le Parfum Set<\/strong>, die perfekte Kombination f\u00fcr alle, die kr\u00e4ftige, raffinierte und umh\u00fcllende D\u00fcfte lieben.<\/p>\n","protected":false},"featured_media":37305,"comment_status":"open","ping_status":"closed","template":"","meta":[],"pwb-brand":[285],"product_brand":[],"product_cat":[144,84,86,485],"product_tag":[254,465,953,460],"class_list":{"0":"post-37309","1":"product","2":"type-product","3":"status-publish","4":"has-post-thumbnail","6":"pwb-brand-prada","7":"product_cat-bietet","8":"product_cat-duefte","9":"product_cat-fur-ihn-de","10":"product_cat-geschenkbox","11":"product_tag-eau-de-parfum-de","12":"product_tag-geschenkset-herren","13":"product_tag-uomo-de","14":"product_tag-parfuem-geschenkset","16":"first","17":"outofstock","18":"sale","19":"taxable","20":"shipping-taxable","21":"purchasable","22":"product-type-simple"},"brands":[{"id":285,"name":"Prada","slug":"prada"}],"_links":{"self":[{"href":"https:\/\/www.freeshopfrontiera.ch\/de\/wp-json\/wp\/v2\/product\/37309","targetHints":{"allow":["GET"]}}],"collection":[{"href":"https:\/\/www.freeshopfrontiera.ch\/de\/wp-json\/wp\/v2\/product"}],"about":[{"href":"https:\/\/www.freeshopfrontiera.ch\/de\/wp-json\/wp\/v2\/types\/product"}],"replies":[{"embeddable":true,"href":"https:\/\/www.freeshopfrontiera.ch\/de\/wp-json\/wp\/v2\/comments?post=37309"}],"version-history":[{"count":1,"href":"https:\/\/www.freeshopfrontiera.ch\/de\/wp-json\/wp\/v2\/product\/37309\/revisions"}],"predecessor-version":[{"id":37312,"href":"https:\/\/www.freeshopfrontiera.ch\/de\/wp-json\/wp\/v2\/product\/37309\/revisions\/37312"}],"wp:featuredmedia":[{"embeddable":true,"href":"https:\/\/www.freeshopfrontiera.ch\/de\/wp-json\/wp\/v2\/media\/37305"}],"wp:attachment":[{"href":"https:\/\/www.freeshopfrontiera.ch\/de\/wp-json\/wp\/v2\/media?parent=37309"}],"wp:term":[{"taxonomy":"pwb-brand","embeddable":true,"href":"https:\/\/www.freeshopfrontiera.ch\/de\/wp-json\/wp\/v2\/pwb-brand?post=37309"},{"taxonomy":"product_brand","embeddable":true,"href":"https:\/\/www.freeshopfrontiera.ch\/de\/wp-json\/wp\/v2\/product_brand?post=37309"},{"taxonomy":"product_cat","embeddable":true,"href":"https:\/\/www.freeshopfrontiera.ch\/de\/wp-json\/wp\/v2\/product_cat?post=37309"},{"taxonomy":"product_tag","embeddable":true,"href":"https:\/\/www.freeshopfrontiera.ch\/de\/wp-json\/wp\/v2\/product_tag?post=37309"}],"curies":[{"name":"wp","href":"https:\/\/api.w.org\/{rel}","templated":true}]}}