{"id":37338,"date":"2025-11-24T09:14:43","date_gmt":"2025-11-24T09:14:43","guid":{"rendered":"https:\/\/www.freeshopfrontiera.ch\/shop\/clarins-set-doux-nettoyant\/"},"modified":"2025-11-24T09:20:11","modified_gmt":"2025-11-24T09:20:11","slug":"clarins-set-doux-nettoyant","status":"publish","type":"product","link":"https:\/\/www.freeshopfrontiera.ch\/de\/shop\/clarins-set-doux-nettoyant\/","title":{"rendered":"CLARINS SET Doux Nettoyant"},"content":{"rendered":"<p data-start=\"1454\" data-end=\"1793\">Entdecken Sie das <strong data-start=\"1472\" data-end=\"1601\">Clarins Set Doux Nettoyant Moussant Apaisant 125 ml + Beruhigendes Gesichtswasser 200 ml + Eau Micellaire D\u00e9maquillante 50 ml<\/strong>, die vollst\u00e4ndige Reinigungsroutine f\u00fcr empfindliche, reaktive und leicht gereizte Haut. Dieses Trio kombiniert essentielle Produkte, die Sanftheit, Wirksamkeit und sofortigen Komfort bieten.<\/p>\n<p data-start=\"1795\" data-end=\"2154\">Der <strong data-start=\"1799\" data-end=\"1835\">Doux Nettoyant Moussant Apaisant<\/strong> reinigt die Haut mit einem weichen, cremigen Schaum, der Unreinheiten, Make-up-R\u00fcckst\u00e4nde und Umweltverschmutzungen entfernt, ohne die Haut auszutrocknen. Angereichert mit beruhigenden Pflanzenextrakten hilft er, R\u00f6tungen und Spannungsgef\u00fchle zu reduzieren und hinterl\u00e4sst die Haut glatt, frisch und perfekt gereinigt.<\/p>\n<p data-start=\"2156\" data-end=\"2453\">Das <strong data-start=\"2160\" data-end=\"2190\">Beruhigende Gesichtswasser<\/strong>, alkoholfrei, vollendet die Reinigung und bringt die Haut sanft wieder ins Gleichgewicht. Mit Kamille und botanischen Essenzen angereichert, bereitet es die Haut optimal auf die folgenden Pflegeprodukte vor und verleiht ihr neue Ausstrahlung und Geschmeidigkeit.<\/p>\n<p data-start=\"2455\" data-end=\"2756\">Das <strong data-start=\"2459\" data-end=\"2491\">Eau Micellaire D\u00e9maquillante<\/strong> ist ideal als erster Schritt der Routine: Es entfernt Make-up, Unreinheiten und \u00fcbersch\u00fcssigen Talg sanft in einem einzigen Schritt und sorgt gleichzeitig f\u00fcr Feuchtigkeit und Komfort. Dank der besonders sanften Formel eignet es sich perfekt f\u00fcr empfindliche Haut.<\/p>\n<p data-start=\"2758\" data-end=\"2977\">Dieses Clarins-Set ist die perfekte Wahl f\u00fcr alle, die ein vollst\u00e4ndiges, sanftes und dennoch leistungsstarkes Sch\u00f6nheitsritual suchen. Bei t\u00e4glicher Anwendung sorgt es f\u00fcr eine ruhigere, weichere und strahlendere Haut.<\/p>\n<p data-start=\"1257\" data-end=\"1465\">Follow us! <a href=\"https:\/\/www.instagram.com\/freeshopswiss\/\" target=\"_blank\" rel=\"noopener\">@freeshopswiss<\/a><\/p>\n","protected":false},"excerpt":{"rendered":"<p>Entdecken Sie das <strong data-start=\"1472\" data-end=\"1601\">Clarins Set Doux Nettoyant Moussant Apaisant 125 ml + Beruhigendes Gesichtswasser 200 ml + Eau Micellaire D\u00e9maquillante 50 ml<\/strong>, die vollst\u00e4ndige Reinigungsroutine f\u00fcr empfindliche, reaktive und leicht gereizte Haut.<\/p>\n","protected":false},"featured_media":37332,"comment_status":"open","ping_status":"closed","template":"","meta":[],"pwb-brand":[311],"product_brand":[],"product_cat":[292,111,485,546],"product_tag":[419,293,462,300,460],"class_list":{"0":"post-37338","1":"product","2":"type-product","3":"status-publish","4":"has-post-thumbnail","6":"pwb-brand-clarins","7":"product_cat-behandlungen","8":"product_cat-fur-sie-de","9":"product_cat-geschenkbox","10":"product_cat-gesichtsbehandlung","11":"product_tag-behandlungen-de","12":"product_tag-frau","13":"product_tag-geschenkset-fuer-damen","14":"product_tag-gesichtsbehandlungen","15":"product_tag-parfuem-geschenkset","17":"first","18":"outofstock","19":"sale","20":"taxable","21":"shipping-taxable","22":"purchasable","23":"product-type-simple"},"brands":[{"id":311,"name":"Clarins","slug":"clarins"}],"_links":{"self":[{"href":"https:\/\/www.freeshopfrontiera.ch\/de\/wp-json\/wp\/v2\/product\/37338","targetHints":{"allow":["GET"]}}],"collection":[{"href":"https:\/\/www.freeshopfrontiera.ch\/de\/wp-json\/wp\/v2\/product"}],"about":[{"href":"https:\/\/www.freeshopfrontiera.ch\/de\/wp-json\/wp\/v2\/types\/product"}],"replies":[{"embeddable":true,"href":"https:\/\/www.freeshopfrontiera.ch\/de\/wp-json\/wp\/v2\/comments?post=37338"}],"version-history":[{"count":1,"href":"https:\/\/www.freeshopfrontiera.ch\/de\/wp-json\/wp\/v2\/product\/37338\/revisions"}],"predecessor-version":[{"id":37340,"href":"https:\/\/www.freeshopfrontiera.ch\/de\/wp-json\/wp\/v2\/product\/37338\/revisions\/37340"}],"wp:featuredmedia":[{"embeddable":true,"href":"https:\/\/www.freeshopfrontiera.ch\/de\/wp-json\/wp\/v2\/media\/37332"}],"wp:attachment":[{"href":"https:\/\/www.freeshopfrontiera.ch\/de\/wp-json\/wp\/v2\/media?parent=37338"}],"wp:term":[{"taxonomy":"pwb-brand","embeddable":true,"href":"https:\/\/www.freeshopfrontiera.ch\/de\/wp-json\/wp\/v2\/pwb-brand?post=37338"},{"taxonomy":"product_brand","embeddable":true,"href":"https:\/\/www.freeshopfrontiera.ch\/de\/wp-json\/wp\/v2\/product_brand?post=37338"},{"taxonomy":"product_cat","embeddable":true,"href":"https:\/\/www.freeshopfrontiera.ch\/de\/wp-json\/wp\/v2\/product_cat?post=37338"},{"taxonomy":"product_tag","embeddable":true,"href":"https:\/\/www.freeshopfrontiera.ch\/de\/wp-json\/wp\/v2\/product_tag?post=37338"}],"curies":[{"name":"wp","href":"https:\/\/api.w.org\/{rel}","templated":true}]}}