{"id":37638,"date":"2025-12-05T12:50:10","date_gmt":"2025-12-05T12:50:10","guid":{"rendered":"https:\/\/www.freeshopfrontiera.ch\/shop\/sensai-set-cellular-performance\/"},"modified":"2025-12-05T12:52:18","modified_gmt":"2025-12-05T12:52:18","slug":"sensai-set-cellular-performance","status":"publish","type":"product","link":"https:\/\/www.freeshopfrontiera.ch\/de\/shop\/sensai-set-cellular-performance\/","title":{"rendered":"SENSAI SET Cellular Performance"},"content":{"rendered":"<p data-start=\"1614\" data-end=\"1724\"><strong data-start=\"1614\" data-end=\"1722\">Sensai Cellular Performance Set \u2013 Gesichtscreme 40ml + Lotion II 20ml + Augencreme 2ml + Augenbalsam 2ml<\/strong><\/p>\n<p data-start=\"1726\" data-end=\"2092\">Das <strong data-start=\"1730\" data-end=\"1765\">Sensai Cellular Performance Set<\/strong> ist das vollst\u00e4ndige Pflegeritual f\u00fcr sichtbar j\u00fcngere, strahlende und feste Haut. F\u00fcr alle, die professionelle Wirksamkeit mit sensorischem Genuss verbinden m\u00f6chten, enth\u00e4lt dieses Set die wichtigsten Produkte der Cellular Performance Linie, entwickelt zur Verbesserung von Elastizit\u00e4t, Festigkeit und Strahlkraft der Haut.<\/p>\n<p data-start=\"2094\" data-end=\"2375\"><strong data-start=\"2094\" data-end=\"2137\">Cellular Performance Gesichtscreme 40ml<\/strong><br data-start=\"2137\" data-end=\"2140\" \/>Eine reichhaltige, samtige Creme, die die Haut intensiv pflegt, Anzeichen der Hautalterung reduziert und sofortige Festigkeit verleiht. Die fortschrittliche Formel unterst\u00fctzt die Hautbarriere und verbessert sichtbar die Elastizit\u00e4t.<\/p>\n<p data-start=\"2377\" data-end=\"2608\"><strong data-start=\"2377\" data-end=\"2416\">Cellular Performance Lotion II 20ml<\/strong><br data-start=\"2416\" data-end=\"2419\" \/>Eine sanfte Behandlung, die die Haut auf die Aufnahme der Wirkstoffe der nachfolgenden Produkte vorbereitet. Sie spendet Feuchtigkeit, tonisiert und optimiert die Aufnahme der Wirkstoffe.<\/p>\n<p data-start=\"2610\" data-end=\"2787\"><strong data-start=\"2610\" data-end=\"2649\">Cellular Performance Augencreme 2ml<\/strong><br data-start=\"2649\" data-end=\"2652\" \/>Speziell f\u00fcr die Augenpartie, reduziert diese Creme Schwellungen und dunkle Augenringe und sorgt f\u00fcr einen wachen, strahlenden Blick.<\/p>\n<p data-start=\"2789\" data-end=\"3002\"><strong data-start=\"2789\" data-end=\"2829\">Cellular Performance Augenbalsam 2ml<\/strong><br data-start=\"2829\" data-end=\"2832\" \/>Ein regenerierender Konzentratbalsam f\u00fcr die Augenpartie mit reichhaltiger, beruhigender Textur, der Anzeichen von M\u00fcdigkeit bek\u00e4mpft und die empfindliche Haut sch\u00fctzt.<\/p>\n<p data-start=\"3004\" data-end=\"3206\">Perfekt als luxuri\u00f6ses Geschenk oder f\u00fcr die vollst\u00e4ndige Pflege zu Hause \u2013 das <strong data-start=\"3084\" data-end=\"3119\">Sensai Cellular Performance Set<\/strong> ist der ideale Begleiter f\u00fcr jugendlich aussehende, strahlende und harmonische Haut.<\/p>\n","protected":false},"excerpt":{"rendered":"<p>Das <strong data-start=\"1730\" data-end=\"1765\">Sensai Cellular Performance Set<\/strong> ist das vollst\u00e4ndige Pflegeritual f\u00fcr sichtbar j\u00fcngere, strahlende und feste Haut. F\u00fcr alle, die professionelle Wirksamkeit mit sensorischem Genuss verbinden m\u00f6chten, enth\u00e4lt dieses Set die wichtigsten Produkte der Cellular Performance Linie, entwickelt zur Verbesserung von Elastizit\u00e4t, Festigkeit und Strahlkraft der Haut.<\/p>\n","protected":false},"featured_media":37634,"comment_status":"open","ping_status":"closed","template":"","meta":[],"pwb-brand":[596],"product_brand":[],"product_cat":[111,485],"product_tag":[419,293,462,460],"class_list":{"0":"post-37638","1":"product","2":"type-product","3":"status-publish","4":"has-post-thumbnail","6":"pwb-brand-sensai","7":"product_cat-fur-sie-de","8":"product_cat-geschenkbox","9":"product_tag-behandlungen-de","10":"product_tag-frau","11":"product_tag-geschenkset-fuer-damen","12":"product_tag-parfuem-geschenkset","14":"first","15":"instock","16":"sale","17":"taxable","18":"shipping-taxable","19":"purchasable","20":"product-type-simple"},"brands":[{"id":596,"name":"Sensai","slug":"sensai"}],"_links":{"self":[{"href":"https:\/\/www.freeshopfrontiera.ch\/de\/wp-json\/wp\/v2\/product\/37638","targetHints":{"allow":["GET"]}}],"collection":[{"href":"https:\/\/www.freeshopfrontiera.ch\/de\/wp-json\/wp\/v2\/product"}],"about":[{"href":"https:\/\/www.freeshopfrontiera.ch\/de\/wp-json\/wp\/v2\/types\/product"}],"replies":[{"embeddable":true,"href":"https:\/\/www.freeshopfrontiera.ch\/de\/wp-json\/wp\/v2\/comments?post=37638"}],"version-history":[{"count":1,"href":"https:\/\/www.freeshopfrontiera.ch\/de\/wp-json\/wp\/v2\/product\/37638\/revisions"}],"predecessor-version":[{"id":37640,"href":"https:\/\/www.freeshopfrontiera.ch\/de\/wp-json\/wp\/v2\/product\/37638\/revisions\/37640"}],"wp:featuredmedia":[{"embeddable":true,"href":"https:\/\/www.freeshopfrontiera.ch\/de\/wp-json\/wp\/v2\/media\/37634"}],"wp:attachment":[{"href":"https:\/\/www.freeshopfrontiera.ch\/de\/wp-json\/wp\/v2\/media?parent=37638"}],"wp:term":[{"taxonomy":"pwb-brand","embeddable":true,"href":"https:\/\/www.freeshopfrontiera.ch\/de\/wp-json\/wp\/v2\/pwb-brand?post=37638"},{"taxonomy":"product_brand","embeddable":true,"href":"https:\/\/www.freeshopfrontiera.ch\/de\/wp-json\/wp\/v2\/product_brand?post=37638"},{"taxonomy":"product_cat","embeddable":true,"href":"https:\/\/www.freeshopfrontiera.ch\/de\/wp-json\/wp\/v2\/product_cat?post=37638"},{"taxonomy":"product_tag","embeddable":true,"href":"https:\/\/www.freeshopfrontiera.ch\/de\/wp-json\/wp\/v2\/product_tag?post=37638"}],"curies":[{"name":"wp","href":"https:\/\/api.w.org\/{rel}","templated":true}]}}