{"id":37670,"date":"2025-12-09T09:58:21","date_gmt":"2025-12-09T09:58:21","guid":{"rendered":"https:\/\/www.freeshopfrontiera.ch\/shop\/lancome-set-mascara-hypnose\/"},"modified":"2025-12-09T10:37:17","modified_gmt":"2025-12-09T10:37:17","slug":"lancome-set-mascara-hypnose","status":"publish","type":"product","link":"https:\/\/www.freeshopfrontiera.ch\/de\/shop\/lancome-set-mascara-hypnose\/","title":{"rendered":"LANCOME SET Mascara Hypnose"},"content":{"rendered":"<article class=\"text-token-text-primary w-full focus:outline-none [--shadow-height:45px] has-data-writing-block:pointer-events-none has-data-writing-block:-mt-(--shadow-height) has-data-writing-block:pt-(--shadow-height) [&amp;:has([data-writing-block])&gt;*]:pointer-events-auto scroll-mt-[calc(var(--header-height)+min(200px,max(70px,20svh)))]\" dir=\"auto\" tabindex=\"-1\" data-turn-id=\"request-WEB:e4531c76-f296-4b22-aa8b-a9353e689afa-8\" data-testid=\"conversation-turn-18\" data-scroll-anchor=\"true\" data-turn=\"assistant\">\n<div class=\"text-base my-auto mx-auto pb-10 [--thread-content-margin:--spacing(4)] @w-sm\/main:[--thread-content-margin:--spacing(6)] @w-lg\/main:[--thread-content-margin:--spacing(16)] px-(--thread-content-margin)\">\n<div class=\"[--thread-content-max-width:40rem] @w-lg\/main:[--thread-content-max-width:48rem] mx-auto max-w-(--thread-content-max-width) flex-1 group\/turn-messages focus-visible:outline-hidden relative flex w-full min-w-0 flex-col agent-turn\" tabindex=\"-1\">\n<div class=\"flex max-w-full flex-col grow\">\n<div class=\"min-h-8 text-message relative flex w-full flex-col items-end gap-2 text-start break-words whitespace-normal [.text-message+&amp;]:mt-1\" dir=\"auto\" data-message-author-role=\"assistant\" data-message-id=\"85147616-a819-4446-9a97-a7c065073ac5\" data-message-model-slug=\"gpt-5-1\">\n<div class=\"flex w-full flex-col gap-1 empty:hidden first:pt-[1px]\">\n<div class=\"markdown prose dark:prose-invert w-full break-words light markdown-new-styling\">\n<p data-start=\"3018\" data-end=\"3397\">Entdecken Sie das <strong data-start=\"3036\" data-end=\"3125\">Lanc\u00f4me Set \u2013 Hypn\u00f4se Mascara 01 Noir + Bi-Facil 30 ml + Advanced G\u00e9nifique Yeux 5 ml<\/strong>, ein exklusives Set, das den Blick mit einem vollst\u00e4ndigen, ikonischen und eleganten Sch\u00f6nheitsritual perfektioniert. Dieses Set vereint drei Kultprodukte von Lanc\u00f4me \u2013 ideal f\u00fcr intensivierte Wimpern, eine gr\u00fcndliche Make-up-Entfernung und eine hochwirksame Augenpflege.<\/p>\n<p data-start=\"3399\" data-end=\"3787\">Die <strong data-start=\"3403\" data-end=\"3430\">Hypn\u00f4se Mascara 01 Noir<\/strong> ist ein zeitloser Klassiker: Sie verleiht jeder einzelnen Wimper pr\u00e4zisen, nach Belieben aufbaubaren Volumen-Effekt \u2013 von nat\u00fcrlich bis dramatisch. Die cremige Textur, angereichert mit Pro-Vitamin B5, umh\u00fcllt die Wimpern, ohne sie zu beschweren, und sorgt f\u00fcr definierte, geschmeidige und perfekt getrennte Wimpern f\u00fcr einen tiefen, ausdrucksstarken Blick.<\/p>\n<p data-start=\"3789\" data-end=\"4093\">Der ber\u00fchmte <strong data-start=\"3802\" data-end=\"3820\">Bi-Facil 30 ml<\/strong> Augen-Make-up-Entferner entfernt m\u00fchelos selbst wasserfestes und besonders hartn\u00e4ckiges Make-up. Die sanfte Formel eignet sich ideal f\u00fcr empfindliche Augen und Kontaktlinsentr\u00e4ger und hinterl\u00e4sst die Haut frisch, sauber und angenehm \u2013 ohne fettigen Film oder Irritationen.<\/p>\n<p data-start=\"4095\" data-end=\"4434\">Der <strong data-start=\"4099\" data-end=\"4131\">Advanced G\u00e9nifique Yeux 5 ml<\/strong> rundet das Pflegeprogramm ab: ein leichter, hochwirksamer Augenserum, das den empfindlichen Augenbereich aufhellt, gl\u00e4ttet und st\u00e4rkt. Erm\u00fcdungserscheinungen, feine Linien und dunkle Augenringe werden sichtbar reduziert, wodurch der Blick schon nach den ersten Anwendungen j\u00fcnger und strahlender wirkt.<\/p>\n<p data-start=\"4436\" data-end=\"4556\">Ein edles, vollst\u00e4ndiges Set \u2013 perfekt als Geschenk oder zum Verw\u00f6hnen mit der hochwertigen Pflegeexpertise von Lanc\u00f4me.<\/p>\n<\/div>\n<\/div>\n<\/div>\n<\/div>\n<div class=\"z-0 flex min-h-[46px] justify-start\"><\/div>\n<div class=\"mt-3 w-full empty:hidden\">\n<div class=\"text-center\">Follow us! <a href=\"https:\/\/www.instagram.com\/freeshopswiss\/\" target=\"_blank\" rel=\"noopener\">@freeshopswiss<\/a><\/div>\n<\/div>\n<\/div>\n<\/div>\n<\/article>\n<div class=\"pointer-events-none h-px w-px\" aria-hidden=\"true\" data-edge=\"true\"><\/div>\n","protected":false},"excerpt":{"rendered":"<p>Entdecken Sie das <strong data-start=\"3036\" data-end=\"3125\">Lanc\u00f4me Set \u2013 Hypn\u00f4se Mascara 01 Noir + Bi-Facil 30 ml + Advanced G\u00e9nifique Yeux 5 ml<\/strong>, ein exklusives Set, das den Blick mit einem vollst\u00e4ndigen, ikonischen und eleganten Sch\u00f6nheitsritual perfektioniert.<\/p>\n","protected":false},"featured_media":37666,"comment_status":"open","ping_status":"closed","template":"","meta":[],"pwb-brand":[262],"product_brand":[],"product_cat":[292,537,485,567],"product_tag":[470,462,476,460],"class_list":{"0":"post-37670","1":"product","2":"type-product","3":"status-publish","4":"has-post-thumbnail","6":"pwb-brand-lancome","7":"product_cat-behandlungen","8":"product_cat-augen-make-up","9":"product_cat-geschenkbox","10":"product_cat-make-up-de-2","11":"product_tag-augen-make-up","12":"product_tag-geschenkset-fuer-damen","13":"product_tag-make-up-de","14":"product_tag-parfuem-geschenkset","16":"first","17":"outofstock","18":"sale","19":"taxable","20":"shipping-taxable","21":"purchasable","22":"product-type-simple"},"brands":[{"id":262,"name":"Lanc\u00f4me","slug":"lancome"}],"_links":{"self":[{"href":"https:\/\/www.freeshopfrontiera.ch\/de\/wp-json\/wp\/v2\/product\/37670","targetHints":{"allow":["GET"]}}],"collection":[{"href":"https:\/\/www.freeshopfrontiera.ch\/de\/wp-json\/wp\/v2\/product"}],"about":[{"href":"https:\/\/www.freeshopfrontiera.ch\/de\/wp-json\/wp\/v2\/types\/product"}],"replies":[{"embeddable":true,"href":"https:\/\/www.freeshopfrontiera.ch\/de\/wp-json\/wp\/v2\/comments?post=37670"}],"version-history":[{"count":1,"href":"https:\/\/www.freeshopfrontiera.ch\/de\/wp-json\/wp\/v2\/product\/37670\/revisions"}],"predecessor-version":[{"id":37673,"href":"https:\/\/www.freeshopfrontiera.ch\/de\/wp-json\/wp\/v2\/product\/37670\/revisions\/37673"}],"wp:featuredmedia":[{"embeddable":true,"href":"https:\/\/www.freeshopfrontiera.ch\/de\/wp-json\/wp\/v2\/media\/37666"}],"wp:attachment":[{"href":"https:\/\/www.freeshopfrontiera.ch\/de\/wp-json\/wp\/v2\/media?parent=37670"}],"wp:term":[{"taxonomy":"pwb-brand","embeddable":true,"href":"https:\/\/www.freeshopfrontiera.ch\/de\/wp-json\/wp\/v2\/pwb-brand?post=37670"},{"taxonomy":"product_brand","embeddable":true,"href":"https:\/\/www.freeshopfrontiera.ch\/de\/wp-json\/wp\/v2\/product_brand?post=37670"},{"taxonomy":"product_cat","embeddable":true,"href":"https:\/\/www.freeshopfrontiera.ch\/de\/wp-json\/wp\/v2\/product_cat?post=37670"},{"taxonomy":"product_tag","embeddable":true,"href":"https:\/\/www.freeshopfrontiera.ch\/de\/wp-json\/wp\/v2\/product_tag?post=37670"}],"curies":[{"name":"wp","href":"https:\/\/api.w.org\/{rel}","templated":true}]}}