{"id":37751,"date":"2025-12-10T08:10:54","date_gmt":"2025-12-10T08:10:54","guid":{"rendered":"https:\/\/www.freeshopfrontiera.ch\/shop\/giorgio-armani-set-my-way\/"},"modified":"2025-12-26T00:00:29","modified_gmt":"2025-12-26T00:00:29","slug":"giorgio-armani-set-my-way","status":"publish","type":"product","link":"https:\/\/www.freeshopfrontiera.ch\/de\/shop\/giorgio-armani-set-my-way\/","title":{"rendered":"GIORGIO ARMANI SET My Way"},"content":{"rendered":"<p data-start=\"1080\" data-end=\"1176\"><strong data-start=\"1080\" data-end=\"1176\">Giorgio Armani \u2013 My Way Eau de Parfum Set (EDP 50 ml + Body Lotion 50 ml + Shower Gel 50 ml)<\/strong><\/p>\n<p data-start=\"1178\" data-end=\"1457\">Entdecken Sie My Way von Giorgio Armani, den femininen Duft, der Begegnungen, Erfahrungen und die Offenheit zur Welt feiert. Dieses elegante Set vereint das gesamte Duft-Ritual in einer raffinierten Geschenkbox \u2013 perfekt zum Verschenken oder f\u00fcr einen pers\u00f6nlichen Verw\u00f6hnmoment.<\/p>\n<p data-start=\"1459\" data-end=\"1479\"><strong data-start=\"1459\" data-end=\"1479\">Das Set enth\u00e4lt:<\/strong><\/p>\n<p data-start=\"1481\" data-end=\"1820\"><strong data-start=\"1481\" data-end=\"1511\">My Way Eau de Parfum 50 ml<\/strong><br data-start=\"1511\" data-end=\"1514\" \/>Eine strahlende und moderne Komposition, in der Bergamotte und Orangenbl\u00fcte die Duftreise mit frischer Leichtigkeit er\u00f6ffnen. Ein Herz aus indischer Tuberose sorgt f\u00fcr Intensit\u00e4t und Weiblichkeit, w\u00e4hrend die warme Basis aus Zedernholz und Vanille aus Madagaskar eine unwiderstehliche Duftspur hinterl\u00e4sst.<\/p>\n<p data-start=\"1822\" data-end=\"1973\"><strong data-start=\"1822\" data-end=\"1843\">Body Lotion 50 ml<\/strong><br data-start=\"1843\" data-end=\"1846\" \/>Eine feuchtigkeitsspendende Lotion mit weicher, seidiger Textur, die die Haut dezent parf\u00fcmiert und die Duftwirkung verl\u00e4ngert.<\/p>\n<p data-start=\"1975\" data-end=\"2137\"><strong data-start=\"1975\" data-end=\"1995\">Shower Gel 50 ml<\/strong><br data-start=\"1995\" data-end=\"1998\" \/>Ein sanftes, sch\u00e4umendes Duschgel, das die Haut reinigt und sie frisch, geschmeidig und in die ikonischen My Way-Noten geh\u00fcllt zur\u00fcckl\u00e4sst.<\/p>\n<p>Follow us! <a href=\"https:\/\/www.instagram.com\/freeshopswiss\/\" target=\"_blank\" rel=\"noopener\">@freeshopswiss<\/a><\/p>\n","protected":false},"excerpt":{"rendered":"<p>Entdecken Sie My Way von Giorgio Armani, den femininen Duft, der Begegnungen, Erfahrungen und die Offenheit zur Welt feiert. Dieses elegante Set vereint das gesamte Duft-Ritual in einer raffinierten Geschenkbox \u2013 perfekt zum Verschenken oder f\u00fcr einen pers\u00f6nlichen Verw\u00f6hnmoment.<\/p>\n","protected":false},"featured_media":37746,"comment_status":"open","ping_status":"closed","template":"","meta":[],"pwb-brand":[263],"product_brand":[],"product_cat":[144,84,111,485],"product_tag":[148,281,790,952,254,293,4349,462,460],"class_list":{"0":"post-37751","1":"product","2":"type-product","3":"status-publish","4":"has-post-thumbnail","6":"pwb-brand-giorgio-armani","7":"product_cat-bietet","8":"product_cat-duefte","9":"product_cat-fur-sie-de","10":"product_cat-geschenkbox","11":"product_tag-angebot","12":"product_tag-bestseller-de","13":"product_tag-womens-fragrances-de","14":"product_tag-profumi-de","15":"product_tag-eau-de-parfum-de","16":"product_tag-frau","17":"product_tag-frauentag","18":"product_tag-geschenkset-fuer-damen","19":"product_tag-parfuem-geschenkset","21":"first","22":"outofstock","23":"sale","24":"taxable","25":"shipping-taxable","26":"purchasable","27":"product-type-simple"},"brands":[{"id":263,"name":"Giorgio Armani","slug":"giorgio-armani"}],"_links":{"self":[{"href":"https:\/\/www.freeshopfrontiera.ch\/de\/wp-json\/wp\/v2\/product\/37751","targetHints":{"allow":["GET"]}}],"collection":[{"href":"https:\/\/www.freeshopfrontiera.ch\/de\/wp-json\/wp\/v2\/product"}],"about":[{"href":"https:\/\/www.freeshopfrontiera.ch\/de\/wp-json\/wp\/v2\/types\/product"}],"replies":[{"embeddable":true,"href":"https:\/\/www.freeshopfrontiera.ch\/de\/wp-json\/wp\/v2\/comments?post=37751"}],"version-history":[{"count":1,"href":"https:\/\/www.freeshopfrontiera.ch\/de\/wp-json\/wp\/v2\/product\/37751\/revisions"}],"predecessor-version":[{"id":37753,"href":"https:\/\/www.freeshopfrontiera.ch\/de\/wp-json\/wp\/v2\/product\/37751\/revisions\/37753"}],"wp:featuredmedia":[{"embeddable":true,"href":"https:\/\/www.freeshopfrontiera.ch\/de\/wp-json\/wp\/v2\/media\/37746"}],"wp:attachment":[{"href":"https:\/\/www.freeshopfrontiera.ch\/de\/wp-json\/wp\/v2\/media?parent=37751"}],"wp:term":[{"taxonomy":"pwb-brand","embeddable":true,"href":"https:\/\/www.freeshopfrontiera.ch\/de\/wp-json\/wp\/v2\/pwb-brand?post=37751"},{"taxonomy":"product_brand","embeddable":true,"href":"https:\/\/www.freeshopfrontiera.ch\/de\/wp-json\/wp\/v2\/product_brand?post=37751"},{"taxonomy":"product_cat","embeddable":true,"href":"https:\/\/www.freeshopfrontiera.ch\/de\/wp-json\/wp\/v2\/product_cat?post=37751"},{"taxonomy":"product_tag","embeddable":true,"href":"https:\/\/www.freeshopfrontiera.ch\/de\/wp-json\/wp\/v2\/product_tag?post=37751"}],"curies":[{"name":"wp","href":"https:\/\/api.w.org\/{rel}","templated":true}]}}