{"id":37851,"date":"2025-12-15T08:25:47","date_gmt":"2025-12-15T08:25:47","guid":{"rendered":"https:\/\/www.freeshopfrontiera.ch\/shop\/calvin-klein-ck-free-eau-de-toilette-100ml\/"},"modified":"2025-12-15T08:41:41","modified_gmt":"2025-12-15T08:41:41","slug":"calvin-klein-ck-free-eau-de-toilette-100ml","status":"publish","type":"product","link":"https:\/\/www.freeshopfrontiera.ch\/de\/shop\/calvin-klein-ck-free-eau-de-toilette-100ml\/","title":{"rendered":"CALVIN KLEIN Ck Free Eau de Toilette 100ml"},"content":{"rendered":"<p data-start=\"1154\" data-end=\"1462\"><strong data-start=\"1154\" data-end=\"1207\">Calvin Klein CK Free Eau de Toilette Spray 100 ml<\/strong> ist ein moderner und dynamischer Herrenduft, kreiert f\u00fcr den freiheitsliebenden, urbanen Mann, der st\u00e4ndig in Bewegung ist. Ein frischer, holziger Duft, der Abenteuerlust und Unabh\u00e4ngigkeit verk\u00f6rpert \u2013 ideal f\u00fcr einen aktiven und zeitgem\u00e4\u00dfen Lebensstil.<\/p>\n<p data-start=\"1464\" data-end=\"1840\">Der Auftakt ist belebend und spritzig mit Noten von <strong data-start=\"1516\" data-end=\"1557\">Wermut, Sternanis und Wacholderbeeren<\/strong>, die sofortige Frische verleihen. Im Herzen entfalten sich elegante und warme Akkorde von <strong data-start=\"1648\" data-end=\"1679\">Wildleder, Tabak und Kaffee<\/strong>, die dem Duft Tiefe und maskulinen Charakter geben. Die Basis aus <strong data-start=\"1746\" data-end=\"1786\">edlen H\u00f6lzern, Patchouli und Moschus<\/strong> sorgt f\u00fcr eine langanhaltende und sinnliche Duftspur.<\/p>\n<p data-start=\"1842\" data-end=\"2085\">CK Free Eau de Toilette eignet sich perfekt f\u00fcr den t\u00e4glichen Gebrauch, tags\u00fcber wie abends, und ist zu jeder Jahreszeit tragbar. Der <strong data-start=\"1976\" data-end=\"1997\">100-ml-Zerst\u00e4uber<\/strong> \u00fcberzeugt durch ein schlichtes, minimalistisches Design im typischen Calvin-Klein-Stil.<\/p>\n<p data-start=\"2087\" data-end=\"2287\">W\u00e4hlen Sie <strong data-start=\"2098\" data-end=\"2133\">Calvin Klein CK Free EDT 100 ml<\/strong>, wenn Sie einen frischen, holzigen und modernen Herrenduft suchen, der Freiheit, Pers\u00f6nlichkeit und Selbstbewusstsein ausdr\u00fcckt. Auch ideal als Geschenk.<\/p>\n<p data-start=\"992\" data-end=\"1205\" data-is-last-node=\"\" data-is-only-node=\"\">Follow us! <a href=\"https:\/\/www.instagram.com\/freeshopswiss\/\" target=\"_blank\" rel=\"noopener\">@freeshopswiss<\/a><\/p>\n","protected":false},"excerpt":{"rendered":"<p><strong data-start=\"1154\" data-end=\"1207\">Calvin Klein CK Free Eau de Toilette Spray 100 ml<\/strong> ist ein moderner und dynamischer Herrenduft, kreiert f\u00fcr den freiheitsliebenden, urbanen Mann, der st\u00e4ndig in Bewegung ist.<\/p>\n","protected":false},"featured_media":37841,"comment_status":"open","ping_status":"closed","template":"","meta":[],"pwb-brand":[181],"product_brand":[],"product_cat":[84,86],"product_tag":[952,147,953,1642],"class_list":{"0":"post-37851","1":"product","2":"type-product","3":"status-publish","4":"has-post-thumbnail","6":"pwb-brand-calvin-klein","7":"product_cat-duefte","8":"product_cat-fur-ihn-de","9":"product_tag-profumi-de","10":"product_tag-eau-de-toilette-de","11":"product_tag-uomo-de","12":"product_tag-mens-fragrances-de","14":"first","15":"instock","16":"sale","17":"taxable","18":"shipping-taxable","19":"purchasable","20":"product-type-simple"},"brands":[{"id":181,"name":"Calvin Klein","slug":"calvin-klein"}],"_links":{"self":[{"href":"https:\/\/www.freeshopfrontiera.ch\/de\/wp-json\/wp\/v2\/product\/37851","targetHints":{"allow":["GET"]}}],"collection":[{"href":"https:\/\/www.freeshopfrontiera.ch\/de\/wp-json\/wp\/v2\/product"}],"about":[{"href":"https:\/\/www.freeshopfrontiera.ch\/de\/wp-json\/wp\/v2\/types\/product"}],"replies":[{"embeddable":true,"href":"https:\/\/www.freeshopfrontiera.ch\/de\/wp-json\/wp\/v2\/comments?post=37851"}],"version-history":[{"count":1,"href":"https:\/\/www.freeshopfrontiera.ch\/de\/wp-json\/wp\/v2\/product\/37851\/revisions"}],"predecessor-version":[{"id":37854,"href":"https:\/\/www.freeshopfrontiera.ch\/de\/wp-json\/wp\/v2\/product\/37851\/revisions\/37854"}],"wp:featuredmedia":[{"embeddable":true,"href":"https:\/\/www.freeshopfrontiera.ch\/de\/wp-json\/wp\/v2\/media\/37841"}],"wp:attachment":[{"href":"https:\/\/www.freeshopfrontiera.ch\/de\/wp-json\/wp\/v2\/media?parent=37851"}],"wp:term":[{"taxonomy":"pwb-brand","embeddable":true,"href":"https:\/\/www.freeshopfrontiera.ch\/de\/wp-json\/wp\/v2\/pwb-brand?post=37851"},{"taxonomy":"product_brand","embeddable":true,"href":"https:\/\/www.freeshopfrontiera.ch\/de\/wp-json\/wp\/v2\/product_brand?post=37851"},{"taxonomy":"product_cat","embeddable":true,"href":"https:\/\/www.freeshopfrontiera.ch\/de\/wp-json\/wp\/v2\/product_cat?post=37851"},{"taxonomy":"product_tag","embeddable":true,"href":"https:\/\/www.freeshopfrontiera.ch\/de\/wp-json\/wp\/v2\/product_tag?post=37851"}],"curies":[{"name":"wp","href":"https:\/\/api.w.org\/{rel}","templated":true}]}}