{"id":37962,"date":"2025-12-15T16:32:15","date_gmt":"2025-12-15T16:32:15","guid":{"rendered":"https:\/\/www.freeshopfrontiera.ch\/shop\/lattafa-fakhar-woman-eau-de-parfum-100ml\/"},"modified":"2025-12-15T16:55:24","modified_gmt":"2025-12-15T16:55:24","slug":"lattafa-fakhar-woman-eau-de-parfum-100ml","status":"publish","type":"product","link":"https:\/\/www.freeshopfrontiera.ch\/de\/shop\/lattafa-fakhar-woman-eau-de-parfum-100ml\/","title":{"rendered":"LATTAFA Fakhar Woman Eau de Parfum 100ml"},"content":{"rendered":"<p data-start=\"1118\" data-end=\"1404\"><strong data-start=\"1118\" data-end=\"1169\">Lattafa Fakhar Woman Eau de Parfum Spray 100 ml<\/strong> ist ein eleganter und verf\u00fchrerischer Damenduft, kreiert f\u00fcr die moderne Frau, die mit Stil und Weiblichkeit \u00fcberzeugen m\u00f6chte. Ein intensives und raffiniertes Parfum, ideal, um die Pers\u00f6nlichkeit zu jeder Tageszeit zu unterstreichen.<\/p>\n<p data-start=\"1406\" data-end=\"1752\">Der Auftakt ist strahlend und frisch mit fruchtigen und floralen Noten, die Energie und Zartheit verleihen. Das Herz entfaltet ein feminines und umh\u00fcllendes Bouquet aus edlen floralen Akkorden, die Eleganz und Sinnlichkeit ausdr\u00fccken. Die Basis ist warm und langanhaltend mit weichen Moschusnoten, die eine unwiderstehliche Duftspur hinterlassen.<\/p>\n<p data-start=\"1754\" data-end=\"2038\"><strong data-start=\"1754\" data-end=\"1784\">Fakhar Woman Eau de Parfum<\/strong> \u00fcberzeugt durch seine hervorragende Haltbarkeit und intensive Sillage und eignet sich sowohl f\u00fcr den Alltag als auch f\u00fcr besondere Anl\u00e4sse. Der <strong data-start=\"1929\" data-end=\"1950\">100-ml-Zerst\u00e4uber<\/strong> besticht durch ein modernes und elegantes Design als Symbol f\u00fcr Luxus und Weiblichkeit.<\/p>\n<p data-start=\"2040\" data-end=\"2278\">W\u00e4hlen Sie <strong data-start=\"2051\" data-end=\"2086\">Lattafa Fakhar Woman EDP 100 ml<\/strong>, wenn Sie einen umh\u00fcllenden, eleganten und sinnlichen Damenduft suchen, der Selbstbewusstsein, Charme und Stil ausstrahlt. Auch ideal als Geschenk f\u00fcr Liebhaber moderner orientalischer D\u00fcfte.<\/p>\n<p data-start=\"892\" data-end=\"1119\" data-is-last-node=\"\" data-is-only-node=\"\">Follow us! <a href=\"https:\/\/www.instagram.com\/freeshopswiss\/\" target=\"_blank\" rel=\"noopener\">@freeshopswiss<\/a><\/p>\n","protected":false},"excerpt":{"rendered":"<p><strong data-start=\"2299\" data-end=\"2357\">Lattafa Fakhar Woman Eau de Parfum Vaporisateur 100 ml<\/strong> est un parfum f\u00e9minin \u00e9l\u00e9gant et s\u00e9duisant, con\u00e7u pour la femme moderne qui aime affirmer sa f\u00e9minit\u00e9 avec classe.<\/p>\n","protected":false},"featured_media":37958,"comment_status":"open","ping_status":"closed","template":"","meta":[],"pwb-brand":[772],"product_brand":[],"product_cat":[84,111],"product_tag":[148,790,952,254,293],"class_list":{"0":"post-37962","1":"product","2":"type-product","3":"status-publish","4":"has-post-thumbnail","6":"pwb-brand-lattafa","7":"product_cat-duefte","8":"product_cat-fur-sie-de","9":"product_tag-angebot","10":"product_tag-womens-fragrances-de","11":"product_tag-profumi-de","12":"product_tag-eau-de-parfum-de","13":"product_tag-frau","15":"first","16":"instock","17":"sale","18":"taxable","19":"shipping-taxable","20":"purchasable","21":"product-type-simple"},"brands":[{"id":772,"name":"Lattafa","slug":"lattafa"}],"_links":{"self":[{"href":"https:\/\/www.freeshopfrontiera.ch\/de\/wp-json\/wp\/v2\/product\/37962","targetHints":{"allow":["GET"]}}],"collection":[{"href":"https:\/\/www.freeshopfrontiera.ch\/de\/wp-json\/wp\/v2\/product"}],"about":[{"href":"https:\/\/www.freeshopfrontiera.ch\/de\/wp-json\/wp\/v2\/types\/product"}],"replies":[{"embeddable":true,"href":"https:\/\/www.freeshopfrontiera.ch\/de\/wp-json\/wp\/v2\/comments?post=37962"}],"version-history":[{"count":4,"href":"https:\/\/www.freeshopfrontiera.ch\/de\/wp-json\/wp\/v2\/product\/37962\/revisions"}],"predecessor-version":[{"id":37969,"href":"https:\/\/www.freeshopfrontiera.ch\/de\/wp-json\/wp\/v2\/product\/37962\/revisions\/37969"}],"wp:featuredmedia":[{"embeddable":true,"href":"https:\/\/www.freeshopfrontiera.ch\/de\/wp-json\/wp\/v2\/media\/37958"}],"wp:attachment":[{"href":"https:\/\/www.freeshopfrontiera.ch\/de\/wp-json\/wp\/v2\/media?parent=37962"}],"wp:term":[{"taxonomy":"pwb-brand","embeddable":true,"href":"https:\/\/www.freeshopfrontiera.ch\/de\/wp-json\/wp\/v2\/pwb-brand?post=37962"},{"taxonomy":"product_brand","embeddable":true,"href":"https:\/\/www.freeshopfrontiera.ch\/de\/wp-json\/wp\/v2\/product_brand?post=37962"},{"taxonomy":"product_cat","embeddable":true,"href":"https:\/\/www.freeshopfrontiera.ch\/de\/wp-json\/wp\/v2\/product_cat?post=37962"},{"taxonomy":"product_tag","embeddable":true,"href":"https:\/\/www.freeshopfrontiera.ch\/de\/wp-json\/wp\/v2\/product_tag?post=37962"}],"curies":[{"name":"wp","href":"https:\/\/api.w.org\/{rel}","templated":true}]}}