{"id":38011,"date":"2025-12-17T08:31:24","date_gmt":"2025-12-17T08:31:24","guid":{"rendered":"https:\/\/www.freeshopfrontiera.ch\/shop\/unleashia-dont-touch-glass-pink-cushion-spf50-15g\/"},"modified":"2026-01-12T10:04:41","modified_gmt":"2026-01-12T10:04:41","slug":"unleashia-dont-touch-glass-pink-cushion-spf50-15g","status":"publish","type":"product","link":"https:\/\/www.freeshopfrontiera.ch\/de\/shop\/unleashia-dont-touch-glass-pink-cushion-spf50-15g\/","title":{"rendered":"UNLEASHIA Don&#8217;t Touch Glass Pink Cushion SPF50+ 15g"},"content":{"rendered":"<p data-start=\"959\" data-end=\"1016\"><strong data-start=\"959\" data-end=\"1016\">UNLEASHIA Don\u2019t Touch Glass Pink Cushion SPF50+ \u2013 15g<\/strong><\/p>\n<p data-start=\"1018\" data-end=\"1294\">UNLEASHIA Don\u2019t Touch Glass Pink Cushion SPF50+ ist die koreanische Cushion-Foundation f\u00fcr einen unwiderstehlichen <strong data-start=\"1133\" data-end=\"1154\">Glass-Skin-Effekt<\/strong>. Die <strong data-start=\"1160\" data-end=\"1182\">rosafarbene Formel<\/strong> verleiht dem Teint mehr Leuchtkraft und sorgt f\u00fcr ein frisches, ebenm\u00e4\u00dfiges und nat\u00fcrlich strahlendes Hautbild.<\/p>\n<p data-start=\"1296\" data-end=\"1583\">Die <strong data-start=\"1300\" data-end=\"1350\">ultraleichte und feuchtigkeitsspendende Textur<\/strong> verschmilzt perfekt mit der Haut und bietet eine <strong data-start=\"1400\" data-end=\"1436\">nat\u00fcrliche, aufbaubare Deckkraft<\/strong>, ohne Poren oder feine Linien zu betonen. Ideal f\u00fcr fahle oder feuchtigkeitsarme Haut, verleiht dieses Cushion ein glattes und strahlendes Finish.<\/p>\n<p data-start=\"1585\" data-end=\"1776\">Dank des hohen <strong data-start=\"1600\" data-end=\"1625\">SPF50+ Sonnenschutzes<\/strong> sch\u00fctzt es die Haut vor UVA- und UVB-Strahlen und ist ideal f\u00fcr den t\u00e4glichen Gebrauch sowie f\u00fcr alle, die Make-up und Hautpflege kombinieren m\u00f6chten.<\/p>\n<p data-start=\"902\" data-end=\"1131\">Follow us! <a href=\"https:\/\/www.instagram.com\/freeshopswiss\/\" target=\"_blank\" rel=\"noopener\">@freeshopswiss<\/a><\/p>\n","protected":false},"excerpt":{"rendered":"<p>UNLEASHIA Don\u2019t Touch Glass Pink Cushion SPF50+ ist die koreanische Cushion-Foundation f\u00fcr einen unwiderstehlichen <strong data-start=\"1133\" data-end=\"1154\">Glass-Skin-Effekt<\/strong>. Die <strong data-start=\"1160\" data-end=\"1182\">rosafarbene Formel<\/strong> verleiht dem Teint mehr Leuchtkraft und sorgt f\u00fcr ein frisches, ebenm\u00e4\u00dfiges und nat\u00fcrlich strahlendes Hautbild.<\/p>\n","protected":false},"featured_media":37997,"comment_status":"open","ping_status":"closed","template":"","meta":[],"pwb-brand":[3632],"product_brand":[],"product_cat":[111,540,567],"product_tag":[5077,293,473,476,5051,492,5047],"class_list":{"0":"post-38011","1":"product","2":"type-product","3":"status-publish","4":"has-post-thumbnail","6":"pwb-brand-unleashia","7":"product_cat-fur-sie-de","8":"product_cat-gesicht-make-up","9":"product_cat-make-up-de-2","10":"product_tag-behandlungen-und-make-up-zum-muttertag","11":"product_tag-frau","12":"product_tag-gesichts-make-up","13":"product_tag-make-up-de","14":"product_tag-muttertag","15":"product_tag-sonnenschutzmittel","16":"product_tag-unter-30-chf","18":"first","19":"instock","20":"sale","21":"taxable","22":"shipping-taxable","23":"purchasable","24":"product-type-variable","25":"has-default-attributes"},"brands":[{"id":3632,"name":"UNLEASHIA","slug":"unleashia"}],"_links":{"self":[{"href":"https:\/\/www.freeshopfrontiera.ch\/de\/wp-json\/wp\/v2\/product\/38011","targetHints":{"allow":["GET"]}}],"collection":[{"href":"https:\/\/www.freeshopfrontiera.ch\/de\/wp-json\/wp\/v2\/product"}],"about":[{"href":"https:\/\/www.freeshopfrontiera.ch\/de\/wp-json\/wp\/v2\/types\/product"}],"replies":[{"embeddable":true,"href":"https:\/\/www.freeshopfrontiera.ch\/de\/wp-json\/wp\/v2\/comments?post=38011"}],"version-history":[{"count":2,"href":"https:\/\/www.freeshopfrontiera.ch\/de\/wp-json\/wp\/v2\/product\/38011\/revisions"}],"predecessor-version":[{"id":38019,"href":"https:\/\/www.freeshopfrontiera.ch\/de\/wp-json\/wp\/v2\/product\/38011\/revisions\/38019"}],"wp:featuredmedia":[{"embeddable":true,"href":"https:\/\/www.freeshopfrontiera.ch\/de\/wp-json\/wp\/v2\/media\/37997"}],"wp:attachment":[{"href":"https:\/\/www.freeshopfrontiera.ch\/de\/wp-json\/wp\/v2\/media?parent=38011"}],"wp:term":[{"taxonomy":"pwb-brand","embeddable":true,"href":"https:\/\/www.freeshopfrontiera.ch\/de\/wp-json\/wp\/v2\/pwb-brand?post=38011"},{"taxonomy":"product_brand","embeddable":true,"href":"https:\/\/www.freeshopfrontiera.ch\/de\/wp-json\/wp\/v2\/product_brand?post=38011"},{"taxonomy":"product_cat","embeddable":true,"href":"https:\/\/www.freeshopfrontiera.ch\/de\/wp-json\/wp\/v2\/product_cat?post=38011"},{"taxonomy":"product_tag","embeddable":true,"href":"https:\/\/www.freeshopfrontiera.ch\/de\/wp-json\/wp\/v2\/product_tag?post=38011"}],"curies":[{"name":"wp","href":"https:\/\/api.w.org\/{rel}","templated":true}]}}