{"id":38175,"date":"2025-12-22T09:39:01","date_gmt":"2025-12-22T09:39:01","guid":{"rendered":"https:\/\/www.freeshopfrontiera.ch\/shop\/issey-miyake-set-le-sel-dissey\/"},"modified":"2025-12-22T11:57:55","modified_gmt":"2025-12-22T11:57:55","slug":"issey-miyake-set-le-sel-dissey","status":"publish","type":"product","link":"https:\/\/www.freeshopfrontiera.ch\/de\/shop\/issey-miyake-set-le-sel-dissey\/","title":{"rendered":"ISSEY MIYAKE SET Le Sel d&#8217;Issey"},"content":{"rendered":"<p data-start=\"1107\" data-end=\"1397\">Das <strong data-start=\"1111\" data-end=\"1146\">Issey Miyake Le Sel d\u2019Issey Set<\/strong> ist eine Hommage an die Frische und Reinheit moderner Weiblichkeit. Dieses elegante Set enth\u00e4lt <strong data-start=\"1243\" data-end=\"1274\">Eau de Toilette Spray 50 ml<\/strong> und <strong data-start=\"1279\" data-end=\"1299\">Shower Gel 50 ml<\/strong> und bietet ein vollst\u00e4ndiges Dufterlebnis f\u00fcr die t\u00e4gliche Hautpflege und sinnliche Verw\u00f6hnung.<\/p>\n<p data-start=\"1399\" data-end=\"1735\"><strong data-start=\"1399\" data-end=\"1417\">Le Sel d\u2019Issey<\/strong> ist ein frischer und raffinierter Damenduft, inspiriert von der Reinheit des Meersalzes und der Energie des Wassers. Die <strong data-start=\"1539\" data-end=\"1576\">frischen, zitrusartigen Kopfnoten<\/strong> verschmelzen mit einem zarten, blumigen Herz und einer leichten, moschusartigen Basis und schaffen einen leuchtenden, harmonischen und langanhaltenden Duft.<\/p>\n<p data-start=\"1737\" data-end=\"1907\">Das <strong data-start=\"1741\" data-end=\"1761\">Shower Gel 50 ml<\/strong> reinigt die Haut sanft, hinterl\u00e4sst sie frisch, weich und dezent parf\u00fcmiert und verl\u00e4ngert das Gef\u00fchl von Wohlbefinden und Frische des Parfums.<\/p>\n<p data-start=\"1909\" data-end=\"2120\">Das <strong data-start=\"1913\" data-end=\"1948\">Issey Miyake Le Sel d\u2019Issey Set<\/strong> ist ein ideales <strong data-start=\"1965\" data-end=\"1988\">Geschenk f\u00fcr Frauen<\/strong>, perfekt f\u00fcr Geburtstage, Jubil\u00e4en oder besondere Anl\u00e4sse und vereint Frische, Eleganz und Praktikabilit\u00e4t in einem einzigen Set.<\/p>\n<p data-start=\"930\" data-end=\"1122\">Follow us! <a href=\"https:\/\/www.instagram.com\/freeshopswiss\/\" target=\"_blank\" rel=\"noopener\">@freeshopswiss<\/a><\/p>\n","protected":false},"excerpt":{"rendered":"<p>Das <strong data-start=\"1111\" data-end=\"1146\">Issey Miyake Le Sel d\u2019Issey Set<\/strong> ist eine Hommage an die Frische und Reinheit moderner Weiblichkeit. Dieses elegante Set enth\u00e4lt <strong data-start=\"1243\" data-end=\"1274\">Eau de Toilette Spray 50 ml<\/strong> und <strong data-start=\"1279\" data-end=\"1299\">Shower Gel 50 ml<\/strong> und bietet ein vollst\u00e4ndiges Dufterlebnis f\u00fcr die t\u00e4gliche Hautpflege und sinnliche Verw\u00f6hnung.<\/p>\n","protected":false},"featured_media":38171,"comment_status":"open","ping_status":"closed","template":"","meta":[],"pwb-brand":[439],"product_brand":[],"product_cat":[84,86,485],"product_tag":[952,465,953,489,487,460],"class_list":{"0":"post-38175","1":"product","2":"type-product","3":"status-publish","4":"has-post-thumbnail","6":"pwb-brand-issey-miyake","7":"product_cat-duefte","8":"product_cat-fur-ihn-de","9":"product_cat-geschenkbox","10":"product_tag-profumi-de","11":"product_tag-geschenkset-herren","12":"product_tag-uomo-de","13":"product_tag-neuheiten-dufte","14":"product_tag-neuigkeiten","15":"product_tag-parfuem-geschenkset","17":"first","18":"instock","19":"sale","20":"taxable","21":"shipping-taxable","22":"purchasable","23":"product-type-simple"},"brands":[{"id":439,"name":"Issey Miyake","slug":"issey-miyake"}],"_links":{"self":[{"href":"https:\/\/www.freeshopfrontiera.ch\/de\/wp-json\/wp\/v2\/product\/38175","targetHints":{"allow":["GET"]}}],"collection":[{"href":"https:\/\/www.freeshopfrontiera.ch\/de\/wp-json\/wp\/v2\/product"}],"about":[{"href":"https:\/\/www.freeshopfrontiera.ch\/de\/wp-json\/wp\/v2\/types\/product"}],"replies":[{"embeddable":true,"href":"https:\/\/www.freeshopfrontiera.ch\/de\/wp-json\/wp\/v2\/comments?post=38175"}],"version-history":[{"count":1,"href":"https:\/\/www.freeshopfrontiera.ch\/de\/wp-json\/wp\/v2\/product\/38175\/revisions"}],"predecessor-version":[{"id":38184,"href":"https:\/\/www.freeshopfrontiera.ch\/de\/wp-json\/wp\/v2\/product\/38175\/revisions\/38184"}],"wp:featuredmedia":[{"embeddable":true,"href":"https:\/\/www.freeshopfrontiera.ch\/de\/wp-json\/wp\/v2\/media\/38171"}],"wp:attachment":[{"href":"https:\/\/www.freeshopfrontiera.ch\/de\/wp-json\/wp\/v2\/media?parent=38175"}],"wp:term":[{"taxonomy":"pwb-brand","embeddable":true,"href":"https:\/\/www.freeshopfrontiera.ch\/de\/wp-json\/wp\/v2\/pwb-brand?post=38175"},{"taxonomy":"product_brand","embeddable":true,"href":"https:\/\/www.freeshopfrontiera.ch\/de\/wp-json\/wp\/v2\/product_brand?post=38175"},{"taxonomy":"product_cat","embeddable":true,"href":"https:\/\/www.freeshopfrontiera.ch\/de\/wp-json\/wp\/v2\/product_cat?post=38175"},{"taxonomy":"product_tag","embeddable":true,"href":"https:\/\/www.freeshopfrontiera.ch\/de\/wp-json\/wp\/v2\/product_tag?post=38175"}],"curies":[{"name":"wp","href":"https:\/\/api.w.org\/{rel}","templated":true}]}}