{"id":38224,"date":"2025-12-22T13:41:47","date_gmt":"2025-12-22T13:41:47","guid":{"rendered":"https:\/\/www.freeshopfrontiera.ch\/shop\/unleashia-glitterpedia-eye-palette-6-2g\/"},"modified":"2025-12-22T13:49:29","modified_gmt":"2025-12-22T13:49:29","slug":"unleashia-glitterpedia-eye-palette-6-2g","status":"publish","type":"product","link":"https:\/\/www.freeshopfrontiera.ch\/de\/shop\/unleashia-glitterpedia-eye-palette-6-2g\/","title":{"rendered":"UNLEASHIA Glitterpedia Eye Palette 6.2g"},"content":{"rendered":"<p data-start=\"1325\" data-end=\"1704\">Die <strong data-start=\"1329\" data-end=\"1373\">UNLEASHIA Glitterpedia Eye Palette 6.2 g<\/strong> ist die perfekte Lidschattenpalette f\u00fcr einzigartige, funkelnde und ausdrucksstarke Looks. Mit einer Auswahl an hochpigmentierten <strong data-start=\"1504\" data-end=\"1541\">Glitter- und Schimmer-Lidschatten<\/strong> bietet diese Palette <strong data-start=\"1563\" data-end=\"1589\">6 vielseitige Farbt\u00f6ne<\/strong>, die sich f\u00fcr jeden Anlass eignen \u2013 vom strahlenden Tages-Make-up bis hin zu eleganten und glamour\u00f6sen Abendlooks.<\/p>\n<p data-start=\"1706\" data-end=\"2084\">Jeder Lidschatten \u00fcberzeugt durch intensive Farbabgabe, eine seidig-weiche Textur und einen lichtreflektierenden Glanz, der es erm\u00f6glicht, mit leuchtenden Nuancen, metallischen Effekten und multidimensionalem Schimmer zu spielen. Die leichte, einfach zu verblendende Formel sorgt f\u00fcr ein gleichm\u00e4\u00dfiges Auftragen und langanhaltenden Tragekomfort, ohne das Augenlid zu beschweren.<\/p>\n<p data-start=\"2086\" data-end=\"2353\">Die <strong data-start=\"2090\" data-end=\"2128\">UNLEASHIA Glitterpedia Eye Palette<\/strong> ist ideal f\u00fcr alle, die gerne mit Make-up experimentieren und ihre Kreativit\u00e4t mit lebendigen Farben und leuchtenden Finishes ausdr\u00fccken m\u00f6chten. Auch als Beauty-Geschenk f\u00fcr Make-up-Fans und Trendliebhaber perfekt geeignet.<\/p>\n<p data-start=\"2355\" data-end=\"2584\">\u2728 <strong data-start=\"2357\" data-end=\"2371\">Ideal f\u00fcr:<\/strong> Glitter-Looks, Smokey Eyes, Highlights auf den Augen<br data-start=\"2424\" data-end=\"2427\" \/>\ud83d\udc84 <strong data-start=\"2430\" data-end=\"2455\">F\u00fcr alle, die lieben:<\/strong> leuchtendes Make-up, hohe Pigmentierung, edle Finishes<br data-start=\"2510\" data-end=\"2513\" \/>\ud83c\udf81 <strong data-start=\"2516\" data-end=\"2541\">Perfekt als Geschenk:<\/strong> f\u00fcr Make-up-Liebhaber und Beauty-Trendfans<\/p>\n<p data-start=\"1119\" data-end=\"1335\">Follow us! <a href=\"https:\/\/www.instagram.com\/freeshopswiss\/\" target=\"_blank\" rel=\"noopener\">@freeshopswiss<\/a><\/p>\n","protected":false},"excerpt":{"rendered":"<p>Die <strong data-start=\"1329\" data-end=\"1373\">UNLEASHIA Glitterpedia Eye Palette 6.2 g<\/strong> ist die perfekte Lidschattenpalette f\u00fcr einzigartige, funkelnde und ausdrucksstarke Looks. Mit einer Auswahl an hochpigmentierten <strong data-start=\"1504\" data-end=\"1541\">Glitter- und Schimmer-Lidschatten<\/strong> bietet diese Palette <strong data-start=\"1563\" data-end=\"1589\">6 vielseitige Farbt\u00f6ne<\/strong>, die sich f\u00fcr jeden Anlass eignen \u2013 vom strahlenden Tages-Make-up bis hin zu eleganten und glamour\u00f6sen Abendlooks.<\/p>\n","protected":false},"featured_media":38192,"comment_status":"open","ping_status":"closed","template":"","meta":[],"pwb-brand":[3632],"product_brand":[],"product_cat":[537,3769,567],"product_tag":[470,5077,293,4368,3612,476,5051,5047],"class_list":{"0":"post-38224","1":"product","2":"type-product","3":"status-publish","4":"has-post-thumbnail","6":"pwb-brand-unleashia","7":"product_cat-augen-make-up","8":"product_cat-k-beauty-de","9":"product_cat-make-up-de-2","10":"product_tag-augen-make-up","11":"product_tag-behandlungen-und-make-up-zum-muttertag","12":"product_tag-frau","13":"product_tag-fruehlingsspecial","14":"product_tag-k-beauty-de","15":"product_tag-make-up-de","16":"product_tag-muttertag","17":"product_tag-unter-30-chf","19":"first","20":"instock","21":"sale","22":"taxable","23":"shipping-taxable","24":"purchasable","25":"product-type-variable","26":"has-default-attributes"},"brands":[{"id":3632,"name":"UNLEASHIA","slug":"unleashia"}],"_links":{"self":[{"href":"https:\/\/www.freeshopfrontiera.ch\/de\/wp-json\/wp\/v2\/product\/38224","targetHints":{"allow":["GET"]}}],"collection":[{"href":"https:\/\/www.freeshopfrontiera.ch\/de\/wp-json\/wp\/v2\/product"}],"about":[{"href":"https:\/\/www.freeshopfrontiera.ch\/de\/wp-json\/wp\/v2\/types\/product"}],"replies":[{"embeddable":true,"href":"https:\/\/www.freeshopfrontiera.ch\/de\/wp-json\/wp\/v2\/comments?post=38224"}],"version-history":[{"count":1,"href":"https:\/\/www.freeshopfrontiera.ch\/de\/wp-json\/wp\/v2\/product\/38224\/revisions"}],"predecessor-version":[{"id":38231,"href":"https:\/\/www.freeshopfrontiera.ch\/de\/wp-json\/wp\/v2\/product\/38224\/revisions\/38231"}],"wp:featuredmedia":[{"embeddable":true,"href":"https:\/\/www.freeshopfrontiera.ch\/de\/wp-json\/wp\/v2\/media\/38192"}],"wp:attachment":[{"href":"https:\/\/www.freeshopfrontiera.ch\/de\/wp-json\/wp\/v2\/media?parent=38224"}],"wp:term":[{"taxonomy":"pwb-brand","embeddable":true,"href":"https:\/\/www.freeshopfrontiera.ch\/de\/wp-json\/wp\/v2\/pwb-brand?post=38224"},{"taxonomy":"product_brand","embeddable":true,"href":"https:\/\/www.freeshopfrontiera.ch\/de\/wp-json\/wp\/v2\/product_brand?post=38224"},{"taxonomy":"product_cat","embeddable":true,"href":"https:\/\/www.freeshopfrontiera.ch\/de\/wp-json\/wp\/v2\/product_cat?post=38224"},{"taxonomy":"product_tag","embeddable":true,"href":"https:\/\/www.freeshopfrontiera.ch\/de\/wp-json\/wp\/v2\/product_tag?post=38224"}],"curies":[{"name":"wp","href":"https:\/\/api.w.org\/{rel}","templated":true}]}}