{"id":38329,"date":"2025-12-29T08:55:57","date_gmt":"2025-12-29T08:55:57","guid":{"rendered":"https:\/\/www.freeshopfrontiera.ch\/shop\/chloe-set-signature\/"},"modified":"2025-12-29T09:02:26","modified_gmt":"2025-12-29T09:02:26","slug":"chloe-set-signature","status":"publish","type":"product","link":"https:\/\/www.freeshopfrontiera.ch\/de\/shop\/chloe-set-signature\/","title":{"rendered":"CHLOE SET Signature"},"content":{"rendered":"<p>Entdecken Sie die zeitlose Eleganz von <strong data-start=\"1353\" data-end=\"1372\">CHLO\u00c9 Signature<\/strong>, einem ikonischen Duft, der moderne, raffinierte und nat\u00fcrlich schicke Weiblichkeit verk\u00f6rpert. Das <strong data-start=\"1473\" data-end=\"1502\">CHLO\u00c9 Signature Damen-Set<\/strong> enth\u00e4lt ein <strong data-start=\"1515\" data-end=\"1544\">Eau de Parfum Spray 50 ml<\/strong> und eine <strong data-start=\"1554\" data-end=\"1576\">Body Lotion 100 ml<\/strong> \u2013 ein vollst\u00e4ndiges Duft-Ritual, das die Sch\u00f6nheit und den Stil jeder Frau unterstreicht.<\/p>\n<p>Das Eau de Parfum er\u00f6ffnet mit frischen und strahlenden Noten und entfaltet anschlie\u00dfend ein elegantes, florales Herz, das von der <strong data-start=\"1798\" data-end=\"1806\">Rose<\/strong>, dem unverwechselbaren Symbol des Hauses CHLO\u00c9, dominiert wird und durch feine Nuancen von <strong data-start=\"1898\" data-end=\"1930\">Pfingstrose und Maigl\u00f6ckchen<\/strong> erg\u00e4nzt ist. Die warme, umh\u00fcllende Basis aus <strong data-start=\"1976\" data-end=\"2006\">Amber und zarten Holznoten<\/strong> verleiht dem Duft eine sinnliche, feminine und langanhaltende Duftspur. Die <strong data-start=\"2083\" data-end=\"2114\">CHLO\u00c9 Signature Body Lotion<\/strong> mit ihrer weichen, seidigen Textur spendet intensive Feuchtigkeit, macht die Haut geschmeidig, strahlend und dezent parf\u00fcmiert und verl\u00e4ngert gleichzeitig die Haltbarkeit des Duftes. Dieses Set eignet sich ideal f\u00fcr den t\u00e4glichen Gebrauch oder besondere Anl\u00e4sse und ist dank seines eleganten Designs und der luxuri\u00f6sen Qualit\u00e4t eine perfekte <strong data-start=\"2457\" data-end=\"2484\">Geschenkidee f\u00fcr Frauen<\/strong>. Ein Set f\u00fcr die romantische, selbstbewusste und nat\u00fcrlich elegante Frau, die raffinierte und zeitlose Blumend\u00fcfte liebt.<\/p>\n<p>&nbsp;<\/p>\n<p>Follow us! <a href=\"https:\/\/www.instagram.com\/freeshopswiss\/\" target=\"_blank\" rel=\"noopener\">@freeshopswiss<\/a><\/p>\n","protected":false},"excerpt":{"rendered":"<p>Entdecken Sie die zeitlose Eleganz von <strong data-start=\"1353\" data-end=\"1372\">CHLO\u00c9 Signature<\/strong>, einem ikonischen Duft, der moderne, raffinierte und nat\u00fcrlich schicke Weiblichkeit verk\u00f6rpert.<\/p>\n","protected":false},"featured_media":38324,"comment_status":"open","ping_status":"closed","template":"","meta":[],"pwb-brand":[239],"product_brand":[],"product_cat":[144,111,98,105,485,4193],"product_tag":[148,952,254,293,4349,4368,462,460],"class_list":{"0":"post-38329","1":"product","2":"type-product","3":"status-publish","4":"has-post-thumbnail","6":"pwb-brand-chloe","7":"product_cat-bietet","8":"product_cat-fur-sie-de","9":"product_cat-hohepunkte","10":"product_cat-neuheit","11":"product_cat-geschenkbox","12":"product_cat-sets-aktion","13":"product_tag-angebot","14":"product_tag-profumi-de","15":"product_tag-eau-de-parfum-de","16":"product_tag-frau","17":"product_tag-frauentag","18":"product_tag-fruehlingsspecial","19":"product_tag-geschenkset-fuer-damen","20":"product_tag-parfuem-geschenkset","22":"first","23":"instock","24":"sale","25":"taxable","26":"shipping-taxable","27":"purchasable","28":"product-type-simple"},"brands":[{"id":239,"name":"Chloe","slug":"chloe"}],"_links":{"self":[{"href":"https:\/\/www.freeshopfrontiera.ch\/de\/wp-json\/wp\/v2\/product\/38329","targetHints":{"allow":["GET"]}}],"collection":[{"href":"https:\/\/www.freeshopfrontiera.ch\/de\/wp-json\/wp\/v2\/product"}],"about":[{"href":"https:\/\/www.freeshopfrontiera.ch\/de\/wp-json\/wp\/v2\/types\/product"}],"replies":[{"embeddable":true,"href":"https:\/\/www.freeshopfrontiera.ch\/de\/wp-json\/wp\/v2\/comments?post=38329"}],"version-history":[{"count":2,"href":"https:\/\/www.freeshopfrontiera.ch\/de\/wp-json\/wp\/v2\/product\/38329\/revisions"}],"predecessor-version":[{"id":38333,"href":"https:\/\/www.freeshopfrontiera.ch\/de\/wp-json\/wp\/v2\/product\/38329\/revisions\/38333"}],"wp:featuredmedia":[{"embeddable":true,"href":"https:\/\/www.freeshopfrontiera.ch\/de\/wp-json\/wp\/v2\/media\/38324"}],"wp:attachment":[{"href":"https:\/\/www.freeshopfrontiera.ch\/de\/wp-json\/wp\/v2\/media?parent=38329"}],"wp:term":[{"taxonomy":"pwb-brand","embeddable":true,"href":"https:\/\/www.freeshopfrontiera.ch\/de\/wp-json\/wp\/v2\/pwb-brand?post=38329"},{"taxonomy":"product_brand","embeddable":true,"href":"https:\/\/www.freeshopfrontiera.ch\/de\/wp-json\/wp\/v2\/product_brand?post=38329"},{"taxonomy":"product_cat","embeddable":true,"href":"https:\/\/www.freeshopfrontiera.ch\/de\/wp-json\/wp\/v2\/product_cat?post=38329"},{"taxonomy":"product_tag","embeddable":true,"href":"https:\/\/www.freeshopfrontiera.ch\/de\/wp-json\/wp\/v2\/product_tag?post=38329"}],"curies":[{"name":"wp","href":"https:\/\/api.w.org\/{rel}","templated":true}]}}