{"id":38459,"date":"2026-01-05T08:30:07","date_gmt":"2026-01-05T08:30:07","guid":{"rendered":"https:\/\/www.freeshopfrontiera.ch\/shop\/tuttotondo-chinotto-lozione-corpo-tonificante-300-ml\/"},"modified":"2026-01-05T08:35:02","modified_gmt":"2026-01-05T08:35:02","slug":"tuttotondo-chinotto-lozione-corpo-tonificante-300-ml","status":"publish","type":"product","link":"https:\/\/www.freeshopfrontiera.ch\/de\/shop\/tuttotondo-chinotto-lozione-corpo-tonificante-300-ml\/","title":{"rendered":"TUTTOTONDO Chinotto Lozione Corpo Tonificante 300 ml"},"content":{"rendered":"<p data-start=\"1288\" data-end=\"1651\"><strong data-start=\"1288\" data-end=\"1344\">TUTTOTONDO Chinotto Tonisierende K\u00f6rperlotion 300 ml<\/strong> ist eine frische und belebende K\u00f6rperpflege, die die Haut t\u00e4glich mit Feuchtigkeit versorgt, strafft und vitalisiert. Angereichert mit dem charakteristischen Chinotto-Duft, schenkt diese K\u00f6rperlotion ein sofortiges Gef\u00fchl von Wohlbefinden und Frische und erinnert an die sonnige Atmosph\u00e4re des Mittelmeers.<\/p>\n<p data-start=\"1653\" data-end=\"1958\">Die leichte, schnell einziehende Textur l\u00e4sst sich m\u00fchelos verteilen und hinterl\u00e4sst die Haut weich, geschmeidig und angenehm duftend, ohne zu fetten. Die sorgf\u00e4ltig ausgew\u00e4hlte Formel hilft, den optimalen Feuchtigkeitsgehalt der Haut zu bewahren und verbessert sichtbar die Hautstruktur und -elastizit\u00e4t.<\/p>\n<p data-start=\"1960\" data-end=\"2261\">Der elegante, zitrische Duft des <strong data-start=\"1993\" data-end=\"2006\">Chinottos<\/strong> umh\u00fcllt den K\u00f6rper mit spritzigen und aromatischen Noten \u2013 ideal f\u00fcr einen energiegeladenen Start in den Tag oder zur Erfrischung nach dem Duschen. F\u00fcr alle Hauttypen geeignet und perfekt f\u00fcr die t\u00e4gliche Anwendung, sowohl f\u00fcr Frauen als auch f\u00fcr M\u00e4nner.<\/p>\n<p data-start=\"2263\" data-end=\"2448\">Der <strong data-start=\"2267\" data-end=\"2277\">300-ml<\/strong>-Spender sorgt f\u00fcr eine praktische und langanhaltende Anwendung. <strong data-start=\"2342\" data-end=\"2391\">TUTTOTONDO Chinotto Tonisierende K\u00f6rperlotion<\/strong> steht f\u00fcr wirksame, duftende K\u00f6rperpflege Made in Italy.<\/p>\n<p data-start=\"1183\" data-end=\"1417\">Follow us! <a href=\"https:\/\/www.instagram.com\/freeshopswiss\/\" target=\"_blank\" rel=\"noopener\">@freeshopswiss<\/a><\/p>\n","protected":false},"excerpt":{"rendered":"<p><strong data-start=\"1288\" data-end=\"1344\">TUTTOTONDO Chinotto Tonisierende K\u00f6rperlotion 300 ml<\/strong> ist eine frische und belebende K\u00f6rperpflege, die die Haut t\u00e4glich mit Feuchtigkeit versorgt, strafft und vitalisiert.<\/p>\n","protected":false},"featured_media":38455,"comment_status":"open","ping_status":"closed","template":"","meta":[],"pwb-brand":[3791],"product_brand":[],"product_cat":[292,111],"product_tag":[419,293,294],"class_list":{"0":"post-38459","1":"product","2":"type-product","3":"status-publish","4":"has-post-thumbnail","6":"pwb-brand-tuttotondo","7":"product_cat-behandlungen","8":"product_cat-fur-sie-de","9":"product_tag-behandlungen-de","10":"product_tag-frau","11":"product_tag-korpercreme","13":"first","14":"instock","15":"sale","16":"taxable","17":"shipping-taxable","18":"purchasable","19":"product-type-simple"},"brands":[{"id":3791,"name":"Tuttotondo","slug":"tuttotondo"}],"_links":{"self":[{"href":"https:\/\/www.freeshopfrontiera.ch\/de\/wp-json\/wp\/v2\/product\/38459","targetHints":{"allow":["GET"]}}],"collection":[{"href":"https:\/\/www.freeshopfrontiera.ch\/de\/wp-json\/wp\/v2\/product"}],"about":[{"href":"https:\/\/www.freeshopfrontiera.ch\/de\/wp-json\/wp\/v2\/types\/product"}],"replies":[{"embeddable":true,"href":"https:\/\/www.freeshopfrontiera.ch\/de\/wp-json\/wp\/v2\/comments?post=38459"}],"version-history":[{"count":1,"href":"https:\/\/www.freeshopfrontiera.ch\/de\/wp-json\/wp\/v2\/product\/38459\/revisions"}],"predecessor-version":[{"id":38462,"href":"https:\/\/www.freeshopfrontiera.ch\/de\/wp-json\/wp\/v2\/product\/38459\/revisions\/38462"}],"wp:featuredmedia":[{"embeddable":true,"href":"https:\/\/www.freeshopfrontiera.ch\/de\/wp-json\/wp\/v2\/media\/38455"}],"wp:attachment":[{"href":"https:\/\/www.freeshopfrontiera.ch\/de\/wp-json\/wp\/v2\/media?parent=38459"}],"wp:term":[{"taxonomy":"pwb-brand","embeddable":true,"href":"https:\/\/www.freeshopfrontiera.ch\/de\/wp-json\/wp\/v2\/pwb-brand?post=38459"},{"taxonomy":"product_brand","embeddable":true,"href":"https:\/\/www.freeshopfrontiera.ch\/de\/wp-json\/wp\/v2\/product_brand?post=38459"},{"taxonomy":"product_cat","embeddable":true,"href":"https:\/\/www.freeshopfrontiera.ch\/de\/wp-json\/wp\/v2\/product_cat?post=38459"},{"taxonomy":"product_tag","embeddable":true,"href":"https:\/\/www.freeshopfrontiera.ch\/de\/wp-json\/wp\/v2\/product_tag?post=38459"}],"curies":[{"name":"wp","href":"https:\/\/api.w.org\/{rel}","templated":true}]}}