{"id":38522,"date":"2026-01-05T11:10:23","date_gmt":"2026-01-05T11:10:23","guid":{"rendered":"https:\/\/www.freeshopfrontiera.ch\/?post_type=product&#038;p=38522"},"modified":"2026-01-05T11:14:26","modified_gmt":"2026-01-05T11:14:26","slug":"tuttotondo-mirto-lozione-corpo-tonificante-300-ml","status":"publish","type":"product","link":"https:\/\/www.freeshopfrontiera.ch\/de\/shop\/tuttotondo-mirto-lozione-corpo-tonificante-300-ml\/","title":{"rendered":"TUTTOTONDO Mirto Lozione Corpo Tonificante 300 ml"},"content":{"rendered":"<p data-start=\"2655\" data-end=\"3037\"><strong data-start=\"2655\" data-end=\"2708\">TUTTOTONDO Myrte Tonisierende K\u00f6rperlotion 300 ml<\/strong> ist eine erfrischende und belebende K\u00f6rperpflege, die der Haut t\u00e4glich Feuchtigkeit, Geschmeidigkeit und Spannkraft verleiht. Angereichert mit dem nat\u00fcrlichen und aromatischen Duft der <strong data-start=\"2894\" data-end=\"2916\">mediterranen Myrte<\/strong>, schenkt diese Lotion ein intensives Frischegef\u00fchl und Wohlbefinden, das an die D\u00fcfte der mediterranen Macchia erinnert.<\/p>\n<p data-start=\"3039\" data-end=\"3388\">Die <strong data-start=\"3043\" data-end=\"3082\">leichte, schnell einziehende Textur<\/strong> l\u00e4sst sich einfach auftragen und hinterl\u00e4sst die Haut weich, elastisch und angenehm parf\u00fcmiert, ohne zu fetten. Die Formel mit sorgf\u00e4ltig ausgew\u00e4hlten Inhaltsstoffen hilft, den Hautton zu verbessern und die optimale Feuchtigkeitsversorgung zu bewahren, sodass die Haut sichtbar glatter und straffer wirkt.<\/p>\n<p data-start=\"3390\" data-end=\"3660\">Der aromatische, gr\u00fcne Duft der <strong data-start=\"3422\" data-end=\"3431\">Myrte<\/strong> umh\u00fcllt den K\u00f6rper mit frischen, nat\u00fcrlichen Noten und macht das Auftragen zu einem t\u00e4glichen Verw\u00f6hnmoment. F\u00fcr alle Hauttypen geeignet, kann diese Lotion morgens und abends angewendet werden und verleiht Energie und Vitalit\u00e4t.<\/p>\n<p data-start=\"3662\" data-end=\"3961\">Das <strong data-start=\"3666\" data-end=\"3676\">300-ml<\/strong>-Fl\u00e4schchen mit praktischem Spender erm\u00f6glicht eine einfache und langanhaltende Anwendung. <strong data-start=\"3767\" data-end=\"3813\">TUTTOTONDO Myrte Tonisierende K\u00f6rperlotion<\/strong> ist die perfekte Wahl f\u00fcr alle, die eine effektive, nat\u00fcrliche und Made in Italy K\u00f6rperpflege suchen, die Pflege, Frische und Wohlbefinden vereint.<\/p>\n<p data-start=\"1175\" data-end=\"1437\">Follow us! <a href=\"https:\/\/www.instagram.com\/freeshopswiss\/\" target=\"_blank\" rel=\"noopener\">@freeshopswiss<\/a><\/p>\n","protected":false},"excerpt":{"rendered":"<p><strong data-start=\"2655\" data-end=\"2708\">TUTTOTONDO Myrte Tonisierende K\u00f6rperlotion 300 ml<\/strong> ist eine erfrischende und belebende K\u00f6rperpflege, die der Haut t\u00e4glich Feuchtigkeit, Geschmeidigkeit und Spannkraft verleiht.<\/p>\n","protected":false},"featured_media":38526,"comment_status":"open","ping_status":"closed","template":"","meta":[],"pwb-brand":[3791],"product_brand":[],"product_cat":[292,111],"product_tag":[419,293,294],"class_list":{"0":"post-38522","1":"product","2":"type-product","3":"status-publish","4":"has-post-thumbnail","6":"pwb-brand-tuttotondo","7":"product_cat-behandlungen","8":"product_cat-fur-sie-de","9":"product_tag-behandlungen-de","10":"product_tag-frau","11":"product_tag-korpercreme","13":"first","14":"instock","15":"sale","16":"taxable","17":"shipping-taxable","18":"purchasable","19":"product-type-simple"},"brands":[{"id":3791,"name":"Tuttotondo","slug":"tuttotondo"}],"_links":{"self":[{"href":"https:\/\/www.freeshopfrontiera.ch\/de\/wp-json\/wp\/v2\/product\/38522","targetHints":{"allow":["GET"]}}],"collection":[{"href":"https:\/\/www.freeshopfrontiera.ch\/de\/wp-json\/wp\/v2\/product"}],"about":[{"href":"https:\/\/www.freeshopfrontiera.ch\/de\/wp-json\/wp\/v2\/types\/product"}],"replies":[{"embeddable":true,"href":"https:\/\/www.freeshopfrontiera.ch\/de\/wp-json\/wp\/v2\/comments?post=38522"}],"version-history":[{"count":2,"href":"https:\/\/www.freeshopfrontiera.ch\/de\/wp-json\/wp\/v2\/product\/38522\/revisions"}],"predecessor-version":[{"id":38533,"href":"https:\/\/www.freeshopfrontiera.ch\/de\/wp-json\/wp\/v2\/product\/38522\/revisions\/38533"}],"wp:featuredmedia":[{"embeddable":true,"href":"https:\/\/www.freeshopfrontiera.ch\/de\/wp-json\/wp\/v2\/media\/38526"}],"wp:attachment":[{"href":"https:\/\/www.freeshopfrontiera.ch\/de\/wp-json\/wp\/v2\/media?parent=38522"}],"wp:term":[{"taxonomy":"pwb-brand","embeddable":true,"href":"https:\/\/www.freeshopfrontiera.ch\/de\/wp-json\/wp\/v2\/pwb-brand?post=38522"},{"taxonomy":"product_brand","embeddable":true,"href":"https:\/\/www.freeshopfrontiera.ch\/de\/wp-json\/wp\/v2\/product_brand?post=38522"},{"taxonomy":"product_cat","embeddable":true,"href":"https:\/\/www.freeshopfrontiera.ch\/de\/wp-json\/wp\/v2\/product_cat?post=38522"},{"taxonomy":"product_tag","embeddable":true,"href":"https:\/\/www.freeshopfrontiera.ch\/de\/wp-json\/wp\/v2\/product_tag?post=38522"}],"curies":[{"name":"wp","href":"https:\/\/api.w.org\/{rel}","templated":true}]}}