{"id":38543,"date":"2026-01-05T11:21:45","date_gmt":"2026-01-05T11:21:45","guid":{"rendered":"https:\/\/www.freeshopfrontiera.ch\/shop\/tuttotondo-fico-dindia-eau-de-toilette-100-ml\/"},"modified":"2026-01-05T12:00:30","modified_gmt":"2026-01-05T12:00:30","slug":"tuttotondo-fico-dindia-eau-de-toilette-100-ml","status":"publish","type":"product","link":"https:\/\/www.freeshopfrontiera.ch\/de\/shop\/tuttotondo-fico-dindia-eau-de-toilette-100-ml\/","title":{"rendered":"TUTTOTONDO Fico d&#8217;India Eau de Toilette 100 ml"},"content":{"rendered":"<p data-start=\"2624\" data-end=\"2966\"><strong data-start=\"2624\" data-end=\"2673\">TUTTOTONDO Kaktusfeige Eau de Toilette 100 ml<\/strong> ist ein frischer, s\u00fc\u00dfer und einh\u00fcllender Duft, inspiriert vom sonnigen und fruchtigen Charakter der <strong data-start=\"2774\" data-end=\"2802\">mediterranen Kaktusfeige<\/strong>. Ein Unisex-Parfum, das die Vitalit\u00e4t der mediterranen Natur einf\u00e4ngt \u2013 perfekt f\u00fcr alle, die einen originellen, raffinierten und nat\u00fcrlich charmanten Duft suchen.<\/p>\n<p data-start=\"2968\" data-end=\"3384\">Der Auftakt ist hell und spritzig, mit <strong data-start=\"3007\" data-end=\"3060\">saftigen Noten von Kaktusfeige und Zitrusfr\u00fcchten<\/strong>, die sofort ein Gef\u00fchl von Frische und Freude vermitteln. Das Herz entfaltet s\u00fc\u00dfe und leicht blumige Nuancen, die die fruchtige S\u00fc\u00dfe elegant und harmonisch ausgleichen. Die Basis ist weich und einh\u00fcllend, gepr\u00e4gt von <strong data-start=\"3278\" data-end=\"3315\">holzigen und moschusartigen Noten<\/strong>, die f\u00fcr eine dezente und angenehme Haltbarkeit auf der Haut sorgen.<\/p>\n<p data-start=\"3386\" data-end=\"3651\">Perfekt f\u00fcr den t\u00e4glichen Gebrauch, eignet sich <strong data-start=\"3434\" data-end=\"3471\">TUTTOTONDO Kaktusfeige EDT 100 ml<\/strong> f\u00fcr alle Jahreszeiten und verleiht Energie und Frische \u00fcber den ganzen Tag. Dieser Duft verbindet Modernit\u00e4t mit nat\u00fcrlichem Charme und ist sowohl f\u00fcr Tag als auch Abend geeignet.<\/p>\n<p data-start=\"3653\" data-end=\"3917\">Der minimalistische, moderne Flakon spiegelt die Philosophie von TUTTOTONDO wider: Qualit\u00e4t, Einfachheit und Made in Italy. <strong data-start=\"3777\" data-end=\"3819\">TUTTOTONDO Kaktusfeige Eau de Toilette<\/strong> ist die perfekte Wahl f\u00fcr alle, die einen sonnigen, fruchtigen und unverwechselbaren Duft suchen.<\/p>\n<p data-start=\"1124\" data-end=\"1374\">Follow us! <a href=\"https:\/\/www.instagram.com\/freeshopswiss\/\" target=\"_blank\" rel=\"noopener\">@freeshopswiss<\/a><\/p>\n","protected":false},"excerpt":{"rendered":"<p><strong data-start=\"2624\" data-end=\"2673\">TUTTOTONDO Kaktusfeige Eau de Toilette 100 ml<\/strong> ist ein frischer, s\u00fc\u00dfer und einh\u00fcllender Duft, inspiriert vom sonnigen und fruchtigen Charakter der <strong data-start=\"2774\" data-end=\"2802\">mediterranen Kaktusfeige<\/strong>.<\/p>\n","protected":false},"featured_media":38539,"comment_status":"open","ping_status":"closed","template":"","meta":[],"pwb-brand":[3791],"product_brand":[],"product_cat":[84,86,111],"product_tag":[952,147,4368,953,1642,595],"class_list":{"0":"post-38543","1":"product","2":"type-product","3":"status-publish","4":"has-post-thumbnail","6":"pwb-brand-tuttotondo","7":"product_cat-duefte","8":"product_cat-fur-ihn-de","9":"product_cat-fur-sie-de","10":"product_tag-profumi-de","11":"product_tag-eau-de-toilette-de","12":"product_tag-fruehlingsspecial","13":"product_tag-uomo-de","14":"product_tag-mens-fragrances-de","15":"product_tag-unisex-de-2","17":"first","18":"instock","19":"sale","20":"taxable","21":"shipping-taxable","22":"purchasable","23":"product-type-simple"},"brands":[{"id":3791,"name":"Tuttotondo","slug":"tuttotondo"}],"_links":{"self":[{"href":"https:\/\/www.freeshopfrontiera.ch\/de\/wp-json\/wp\/v2\/product\/38543","targetHints":{"allow":["GET"]}}],"collection":[{"href":"https:\/\/www.freeshopfrontiera.ch\/de\/wp-json\/wp\/v2\/product"}],"about":[{"href":"https:\/\/www.freeshopfrontiera.ch\/de\/wp-json\/wp\/v2\/types\/product"}],"replies":[{"embeddable":true,"href":"https:\/\/www.freeshopfrontiera.ch\/de\/wp-json\/wp\/v2\/comments?post=38543"}],"version-history":[{"count":1,"href":"https:\/\/www.freeshopfrontiera.ch\/de\/wp-json\/wp\/v2\/product\/38543\/revisions"}],"predecessor-version":[{"id":38546,"href":"https:\/\/www.freeshopfrontiera.ch\/de\/wp-json\/wp\/v2\/product\/38543\/revisions\/38546"}],"wp:featuredmedia":[{"embeddable":true,"href":"https:\/\/www.freeshopfrontiera.ch\/de\/wp-json\/wp\/v2\/media\/38539"}],"wp:attachment":[{"href":"https:\/\/www.freeshopfrontiera.ch\/de\/wp-json\/wp\/v2\/media?parent=38543"}],"wp:term":[{"taxonomy":"pwb-brand","embeddable":true,"href":"https:\/\/www.freeshopfrontiera.ch\/de\/wp-json\/wp\/v2\/pwb-brand?post=38543"},{"taxonomy":"product_brand","embeddable":true,"href":"https:\/\/www.freeshopfrontiera.ch\/de\/wp-json\/wp\/v2\/product_brand?post=38543"},{"taxonomy":"product_cat","embeddable":true,"href":"https:\/\/www.freeshopfrontiera.ch\/de\/wp-json\/wp\/v2\/product_cat?post=38543"},{"taxonomy":"product_tag","embeddable":true,"href":"https:\/\/www.freeshopfrontiera.ch\/de\/wp-json\/wp\/v2\/product_tag?post=38543"}],"curies":[{"name":"wp","href":"https:\/\/api.w.org\/{rel}","templated":true}]}}