{"id":38555,"date":"2026-01-05T12:05:48","date_gmt":"2026-01-05T12:05:48","guid":{"rendered":"https:\/\/www.freeshopfrontiera.ch\/shop\/tuttotondo-fico-dindia-lozione-corpo-tonificante-300-ml\/"},"modified":"2026-01-05T12:10:05","modified_gmt":"2026-01-05T12:10:05","slug":"tuttotondo-fico-dindia-lozione-corpo-tonificante-300-ml","status":"publish","type":"product","link":"https:\/\/www.freeshopfrontiera.ch\/de\/shop\/tuttotondo-fico-dindia-lozione-corpo-tonificante-300-ml\/","title":{"rendered":"TUTTOTONDO Fico d&#8217;India Lozione Corpo Tonificante 300 ml"},"content":{"rendered":"<p data-start=\"2640\" data-end=\"3031\"><strong data-start=\"2640\" data-end=\"2699\">TUTTOTONDO Kaktusfeige Tonisierende K\u00f6rperlotion 300 ml<\/strong> ist eine erfrischende und belebende K\u00f6rperpflege, die der Haut t\u00e4glich Feuchtigkeit, Geschmeidigkeit und Spannkraft verleiht. Angereichert mit dem nat\u00fcrlichen, fruchtigen Duft der <strong data-start=\"2880\" data-end=\"2908\">mediterranen Kaktusfeige<\/strong>, bietet diese K\u00f6rperlotion ein angenehmes Sinneserlebnis und erinnert an die Helligkeit und Vitalit\u00e4t der Mittelmeerk\u00fcste.<\/p>\n<p data-start=\"3033\" data-end=\"3353\">Die <strong data-start=\"3037\" data-end=\"3076\">leichte, schnell einziehende Textur<\/strong> l\u00e4sst sich einfach auftragen und hinterl\u00e4sst die Haut weich, elastisch und dezent parf\u00fcmiert, ohne zu fetten. Dank sorgf\u00e4ltig ausgew\u00e4hlter Inhaltsstoffe hilft sie, den Hautton zu verbessern und die Feuchtigkeit zu bewahren, sodass die Haut sichtbar straffer und glatter wirkt.<\/p>\n<p data-start=\"3355\" data-end=\"3627\">Der s\u00fc\u00dfe, fruchtige Duft der <strong data-start=\"3384\" data-end=\"3399\">Kaktusfeige<\/strong> umh\u00fcllt den K\u00f6rper mit frischen, nat\u00fcrlichen Noten und macht das Auftragen zu einem t\u00e4glichen Verw\u00f6hnmoment. F\u00fcr alle Hauttypen geeignet, kann diese Lotion morgens und abends verwendet werden und verleiht Energie und Vitalit\u00e4t.<\/p>\n<p data-start=\"3629\" data-end=\"3934\">Das <strong data-start=\"3633\" data-end=\"3643\">300-ml<\/strong>-Fl\u00e4schchen mit praktischem Spender erm\u00f6glicht eine einfache und langanhaltende Anwendung. <strong data-start=\"3734\" data-end=\"3786\">TUTTOTONDO Kaktusfeige Tonisierende K\u00f6rperlotion<\/strong> ist die perfekte Wahl f\u00fcr alle, die eine effektive, nat\u00fcrliche und Made in Italy K\u00f6rperpflege suchen, die Pflege, Frische und Wohlbefinden vereint.<\/p>\n<p data-start=\"1155\" data-end=\"1434\">Follow us! <a href=\"https:\/\/www.instagram.com\/freeshopswiss\/\" target=\"_blank\" rel=\"noopener\">@freeshopswiss<\/a><\/p>\n","protected":false},"excerpt":{"rendered":"<p><strong data-start=\"2640\" data-end=\"2699\">TUTTOTONDO Kaktusfeige Tonisierende K\u00f6rperlotion 300 ml<\/strong> ist eine erfrischende und belebende K\u00f6rperpflege, die der Haut t\u00e4glich Feuchtigkeit, Geschmeidigkeit und Spannkraft verleiht.<\/p>\n","protected":false},"featured_media":38551,"comment_status":"open","ping_status":"closed","template":"","meta":[],"pwb-brand":[3791],"product_brand":[],"product_cat":[292,111],"product_tag":[419,293,4368,294],"class_list":{"0":"post-38555","1":"product","2":"type-product","3":"status-publish","4":"has-post-thumbnail","6":"pwb-brand-tuttotondo","7":"product_cat-behandlungen","8":"product_cat-fur-sie-de","9":"product_tag-behandlungen-de","10":"product_tag-frau","11":"product_tag-fruehlingsspecial","12":"product_tag-korpercreme","14":"first","15":"instock","16":"sale","17":"taxable","18":"shipping-taxable","19":"purchasable","20":"product-type-simple"},"brands":[{"id":3791,"name":"Tuttotondo","slug":"tuttotondo"}],"_links":{"self":[{"href":"https:\/\/www.freeshopfrontiera.ch\/de\/wp-json\/wp\/v2\/product\/38555","targetHints":{"allow":["GET"]}}],"collection":[{"href":"https:\/\/www.freeshopfrontiera.ch\/de\/wp-json\/wp\/v2\/product"}],"about":[{"href":"https:\/\/www.freeshopfrontiera.ch\/de\/wp-json\/wp\/v2\/types\/product"}],"replies":[{"embeddable":true,"href":"https:\/\/www.freeshopfrontiera.ch\/de\/wp-json\/wp\/v2\/comments?post=38555"}],"version-history":[{"count":2,"href":"https:\/\/www.freeshopfrontiera.ch\/de\/wp-json\/wp\/v2\/product\/38555\/revisions"}],"predecessor-version":[{"id":38559,"href":"https:\/\/www.freeshopfrontiera.ch\/de\/wp-json\/wp\/v2\/product\/38555\/revisions\/38559"}],"wp:featuredmedia":[{"embeddable":true,"href":"https:\/\/www.freeshopfrontiera.ch\/de\/wp-json\/wp\/v2\/media\/38551"}],"wp:attachment":[{"href":"https:\/\/www.freeshopfrontiera.ch\/de\/wp-json\/wp\/v2\/media?parent=38555"}],"wp:term":[{"taxonomy":"pwb-brand","embeddable":true,"href":"https:\/\/www.freeshopfrontiera.ch\/de\/wp-json\/wp\/v2\/pwb-brand?post=38555"},{"taxonomy":"product_brand","embeddable":true,"href":"https:\/\/www.freeshopfrontiera.ch\/de\/wp-json\/wp\/v2\/product_brand?post=38555"},{"taxonomy":"product_cat","embeddable":true,"href":"https:\/\/www.freeshopfrontiera.ch\/de\/wp-json\/wp\/v2\/product_cat?post=38555"},{"taxonomy":"product_tag","embeddable":true,"href":"https:\/\/www.freeshopfrontiera.ch\/de\/wp-json\/wp\/v2\/product_tag?post=38555"}],"curies":[{"name":"wp","href":"https:\/\/api.w.org\/{rel}","templated":true}]}}