{"id":38568,"date":"2026-01-05T12:21:36","date_gmt":"2026-01-05T12:21:36","guid":{"rendered":"https:\/\/www.freeshopfrontiera.ch\/shop\/tuttotondo-fico-dindia-burro-corpo-200-gr\/"},"modified":"2026-01-05T12:27:49","modified_gmt":"2026-01-05T12:27:49","slug":"tuttotondo-fico-dindia-burro-corpo-200-gr","status":"publish","type":"product","link":"https:\/\/www.freeshopfrontiera.ch\/de\/shop\/tuttotondo-fico-dindia-burro-corpo-200-gr\/","title":{"rendered":"TUTTOTONDO Fico d&#8217;India Burro Corpo 200 gr"},"content":{"rendered":"<p data-start=\"2700\" data-end=\"3087\"><strong data-start=\"2700\" data-end=\"2745\">TUTTOTONDO Kaktusfeige K\u00f6rperbutter 200 g<\/strong> ist eine reichhaltige und pflegende K\u00f6rperpflege, die trockene oder gestresste Haut intensiv mit Feuchtigkeit versorgt und regeneriert. Angereichert mit dem s\u00fc\u00dfen, fruchtigen Duft der <strong data-start=\"2930\" data-end=\"2958\">mediterranen Kaktusfeige<\/strong>, verwandelt diese K\u00f6rperbutter die t\u00e4gliche Pflege in ein wahres Sinneserlebnis, das die Haut mit Frische und Vitalit\u00e4t umh\u00fcllt.<\/p>\n<p data-start=\"3089\" data-end=\"3460\">Die <strong data-start=\"3093\" data-end=\"3124\">cremige, schmelzende Textur<\/strong> zieht langsam ein und erm\u00f6glicht eine angenehme Massage, die die Haut weich, elastisch und intensiv gen\u00e4hrt hinterl\u00e4sst. Dank sorgf\u00e4ltig ausgew\u00e4hlter Inhaltsstoffe und reichhaltiger Formel hilft sie, die optimale Feuchtigkeitsversorgung wiederherzustellen, die Hautelastizit\u00e4t zu verbessern und ein sofortiges Wohlgef\u00fchl zu vermitteln.<\/p>\n<p data-start=\"3462\" data-end=\"3736\">Der s\u00fc\u00dfe, nat\u00fcrliche Duft der <strong data-start=\"3492\" data-end=\"3507\">Kaktusfeige<\/strong> umh\u00fcllt den K\u00f6rper mit frischen, fruchtigen Noten und hinterl\u00e4sst einen dezenten, langanhaltenden Duft. F\u00fcr alle Hauttypen geeignet, ist sie besonders in den k\u00e4lteren Monaten oder bei trockener, dehydrierter Haut empfehlenswert.<\/p>\n<p data-start=\"3738\" data-end=\"4054\">Das <strong data-start=\"3742\" data-end=\"3751\">200-g<\/strong>-Format ist perfekt f\u00fcr die t\u00e4gliche Anwendung und erm\u00f6glicht eine gro\u00dfz\u00fcgige und angenehme Pflege. <strong data-start=\"3851\" data-end=\"3890\">TUTTOTONDO Kaktusfeige K\u00f6rperbutter<\/strong> ist die ideale Wahl f\u00fcr alle, die eine intensive, nat\u00fcrliche und Made in Italy K\u00f6rperpflege suchen, die Pflege, Geschmeidigkeit und unwiderstehlichen Duft vereint.<\/p>\n<p>Follow us! <a href=\"https:\/\/www.instagram.com\/freeshopswiss\/\" target=\"_blank\" rel=\"noopener\">@freeshopswiss<\/a><\/p>\n","protected":false},"excerpt":{"rendered":"<p><strong data-start=\"2700\" data-end=\"2745\">TUTTOTONDO Kaktusfeige K\u00f6rperbutter 200 g<\/strong> ist eine reichhaltige und pflegende K\u00f6rperpflege, die trockene oder gestresste Haut intensiv mit Feuchtigkeit versorgt und regeneriert.<\/p>\n","protected":false},"featured_media":38564,"comment_status":"open","ping_status":"closed","template":"","meta":[],"pwb-brand":[3791],"product_brand":[],"product_cat":[292,111],"product_tag":[419,293,4368,294],"class_list":{"0":"post-38568","1":"product","2":"type-product","3":"status-publish","4":"has-post-thumbnail","6":"pwb-brand-tuttotondo","7":"product_cat-behandlungen","8":"product_cat-fur-sie-de","9":"product_tag-behandlungen-de","10":"product_tag-frau","11":"product_tag-fruehlingsspecial","12":"product_tag-korpercreme","14":"first","15":"instock","16":"sale","17":"taxable","18":"shipping-taxable","19":"purchasable","20":"product-type-simple"},"brands":[{"id":3791,"name":"Tuttotondo","slug":"tuttotondo"}],"_links":{"self":[{"href":"https:\/\/www.freeshopfrontiera.ch\/de\/wp-json\/wp\/v2\/product\/38568","targetHints":{"allow":["GET"]}}],"collection":[{"href":"https:\/\/www.freeshopfrontiera.ch\/de\/wp-json\/wp\/v2\/product"}],"about":[{"href":"https:\/\/www.freeshopfrontiera.ch\/de\/wp-json\/wp\/v2\/types\/product"}],"replies":[{"embeddable":true,"href":"https:\/\/www.freeshopfrontiera.ch\/de\/wp-json\/wp\/v2\/comments?post=38568"}],"version-history":[{"count":1,"href":"https:\/\/www.freeshopfrontiera.ch\/de\/wp-json\/wp\/v2\/product\/38568\/revisions"}],"predecessor-version":[{"id":38573,"href":"https:\/\/www.freeshopfrontiera.ch\/de\/wp-json\/wp\/v2\/product\/38568\/revisions\/38573"}],"wp:featuredmedia":[{"embeddable":true,"href":"https:\/\/www.freeshopfrontiera.ch\/de\/wp-json\/wp\/v2\/media\/38564"}],"wp:attachment":[{"href":"https:\/\/www.freeshopfrontiera.ch\/de\/wp-json\/wp\/v2\/media?parent=38568"}],"wp:term":[{"taxonomy":"pwb-brand","embeddable":true,"href":"https:\/\/www.freeshopfrontiera.ch\/de\/wp-json\/wp\/v2\/pwb-brand?post=38568"},{"taxonomy":"product_brand","embeddable":true,"href":"https:\/\/www.freeshopfrontiera.ch\/de\/wp-json\/wp\/v2\/product_brand?post=38568"},{"taxonomy":"product_cat","embeddable":true,"href":"https:\/\/www.freeshopfrontiera.ch\/de\/wp-json\/wp\/v2\/product_cat?post=38568"},{"taxonomy":"product_tag","embeddable":true,"href":"https:\/\/www.freeshopfrontiera.ch\/de\/wp-json\/wp\/v2\/product_tag?post=38568"}],"curies":[{"name":"wp","href":"https:\/\/api.w.org\/{rel}","templated":true}]}}