{"id":38607,"date":"2026-01-05T14:33:07","date_gmt":"2026-01-05T14:33:07","guid":{"rendered":"https:\/\/www.freeshopfrontiera.ch\/shop\/tuttotondo-castagna-burro-corpo-200-gr\/"},"modified":"2026-01-05T14:38:03","modified_gmt":"2026-01-05T14:38:03","slug":"tuttotondo-castagna-burro-corpo-200-gr","status":"publish","type":"product","link":"https:\/\/www.freeshopfrontiera.ch\/de\/shop\/tuttotondo-castagna-burro-corpo-200-gr\/","title":{"rendered":"TUTTOTONDO Castagna Burro Corpo 200 gr"},"content":{"rendered":"<p data-start=\"2606\" data-end=\"2991\"><strong data-start=\"2606\" data-end=\"2648\">TUTTOTONDO Kastanie K\u00f6rperbutter 200 g<\/strong> ist eine reichhaltige und einh\u00fcllende K\u00f6rperpflege, ideal zur intensiven Pflege der Haut und zur Wiederherstellung von Geschmeidigkeit und Elastizit\u00e4t. Angereichert mit dem warmen, nat\u00fcrlichen Duft der <strong data-start=\"2851\" data-end=\"2876\">mediterranen Kastanie<\/strong>, bietet diese K\u00f6rperbutter ein wohltuendes und entspannendes Sinneserlebnis \u2013 perfekt f\u00fcr die t\u00e4gliche Hautpflege.<\/p>\n<p data-start=\"2993\" data-end=\"3322\">Die <strong data-start=\"2997\" data-end=\"3028\">cremige, schmelzende Textur<\/strong> zieht langsam ein und erm\u00f6glicht eine angenehme Massage, die die Haut tiefenwirksam n\u00e4hrt, glatt und samtig macht. Dank der reichhaltigen Formel und sorgf\u00e4ltig ausgew\u00e4hlter Inhaltsstoffe hilft sie, trockene Haut zu bek\u00e4mpfen, verbessert die Elastizit\u00e4t und sorgt f\u00fcr ein sofortiges Wohlgef\u00fchl.<\/p>\n<p data-start=\"3324\" data-end=\"3607\">Der s\u00fc\u00dfe, einh\u00fcllende Duft der <strong data-start=\"3355\" data-end=\"3367\">Kastanie<\/strong> umh\u00fcllt den K\u00f6rper mit warmen, nat\u00fcrlichen Noten und hinterl\u00e4sst einen zarten, langanhaltenden Duft auf der Haut. F\u00fcr alle Hauttypen geeignet, ist sie besonders in der kalten Jahreszeit oder bei trockener, dehydrierter Haut empfehlenswert.<\/p>\n<p data-start=\"3609\" data-end=\"3915\">Das <strong data-start=\"3613\" data-end=\"3622\">200-g<\/strong>-Format ist ideal f\u00fcr die t\u00e4gliche Anwendung und erm\u00f6glicht eine gro\u00dfz\u00fcgige und angenehme Pflege. <strong data-start=\"3720\" data-end=\"3756\">TUTTOTONDO Kastanie K\u00f6rperbutter<\/strong> ist die perfekte Wahl f\u00fcr alle, die eine intensive, nat\u00fcrliche und Made in Italy K\u00f6rperpflege suchen, die Pflege, Komfort und einen raffinierten Duft vereint.<\/p>\n<p data-start=\"1108\" data-end=\"1396\">Follow us! <a href=\"https:\/\/www.instagram.com\/freeshopswiss\/\" target=\"_blank\" rel=\"noopener\">@freeshopswiss<\/a><\/p>\n","protected":false},"excerpt":{"rendered":"<p><strong data-start=\"2606\" data-end=\"2648\">TUTTOTONDO Kastanie K\u00f6rperbutter 200 g<\/strong> ist eine reichhaltige und einh\u00fcllende K\u00f6rperpflege, ideal zur intensiven Pflege der Haut und zur Wiederherstellung von Geschmeidigkeit und Elastizit\u00e4t.<\/p>\n","protected":false},"featured_media":38603,"comment_status":"open","ping_status":"closed","template":"","meta":[],"pwb-brand":[3791],"product_brand":[],"product_cat":[292,111],"product_tag":[419,293,294],"class_list":{"0":"post-38607","1":"product","2":"type-product","3":"status-publish","4":"has-post-thumbnail","6":"pwb-brand-tuttotondo","7":"product_cat-behandlungen","8":"product_cat-fur-sie-de","9":"product_tag-behandlungen-de","10":"product_tag-frau","11":"product_tag-korpercreme","13":"first","14":"instock","15":"sale","16":"taxable","17":"shipping-taxable","18":"purchasable","19":"product-type-simple"},"brands":[{"id":3791,"name":"Tuttotondo","slug":"tuttotondo"}],"_links":{"self":[{"href":"https:\/\/www.freeshopfrontiera.ch\/de\/wp-json\/wp\/v2\/product\/38607","targetHints":{"allow":["GET"]}}],"collection":[{"href":"https:\/\/www.freeshopfrontiera.ch\/de\/wp-json\/wp\/v2\/product"}],"about":[{"href":"https:\/\/www.freeshopfrontiera.ch\/de\/wp-json\/wp\/v2\/types\/product"}],"replies":[{"embeddable":true,"href":"https:\/\/www.freeshopfrontiera.ch\/de\/wp-json\/wp\/v2\/comments?post=38607"}],"version-history":[{"count":1,"href":"https:\/\/www.freeshopfrontiera.ch\/de\/wp-json\/wp\/v2\/product\/38607\/revisions"}],"predecessor-version":[{"id":38610,"href":"https:\/\/www.freeshopfrontiera.ch\/de\/wp-json\/wp\/v2\/product\/38607\/revisions\/38610"}],"wp:featuredmedia":[{"embeddable":true,"href":"https:\/\/www.freeshopfrontiera.ch\/de\/wp-json\/wp\/v2\/media\/38603"}],"wp:attachment":[{"href":"https:\/\/www.freeshopfrontiera.ch\/de\/wp-json\/wp\/v2\/media?parent=38607"}],"wp:term":[{"taxonomy":"pwb-brand","embeddable":true,"href":"https:\/\/www.freeshopfrontiera.ch\/de\/wp-json\/wp\/v2\/pwb-brand?post=38607"},{"taxonomy":"product_brand","embeddable":true,"href":"https:\/\/www.freeshopfrontiera.ch\/de\/wp-json\/wp\/v2\/product_brand?post=38607"},{"taxonomy":"product_cat","embeddable":true,"href":"https:\/\/www.freeshopfrontiera.ch\/de\/wp-json\/wp\/v2\/product_cat?post=38607"},{"taxonomy":"product_tag","embeddable":true,"href":"https:\/\/www.freeshopfrontiera.ch\/de\/wp-json\/wp\/v2\/product_tag?post=38607"}],"curies":[{"name":"wp","href":"https:\/\/api.w.org\/{rel}","templated":true}]}}