{"id":38638,"date":"2026-01-07T08:47:51","date_gmt":"2026-01-07T08:47:51","guid":{"rendered":"https:\/\/www.freeshopfrontiera.ch\/shop\/tuttotondo-tiramisu-souffle-corpo-200-gr\/"},"modified":"2026-01-07T08:54:50","modified_gmt":"2026-01-07T08:54:50","slug":"tuttotondo-tiramisu-souffle-corpo-200-gr","status":"publish","type":"product","link":"https:\/\/www.freeshopfrontiera.ch\/de\/shop\/tuttotondo-tiramisu-souffle-corpo-200-gr\/","title":{"rendered":"TUTTOTONDO Tiramisu&#8216; Souffl\u00e8 Corpo 200 gr"},"content":{"rendered":"<h3 data-start=\"2328\" data-end=\"2372\">TUTTOTONDO Tiramisu K\u00f6rper-Souffl\u00e9 200 g<\/h3>\n<p data-start=\"2374\" data-end=\"2571\">Verw\u00f6hnen Sie Ihre Haut mit <strong data-start=\"2402\" data-end=\"2440\">TUTTOTONDO Tiramisu K\u00f6rper-Souffl\u00e9<\/strong>, einer luftig-leichten und samtigen K\u00f6rpercreme, die intensiv pflegt und die Haut weich, geschmeidig und zart duftend hinterl\u00e4sst.<\/p>\n<p data-start=\"2573\" data-end=\"2906\">Inspiriert vom unverwechselbaren Duft des <strong data-start=\"2615\" data-end=\"2627\">Tiramisu<\/strong> entfaltet dieses K\u00f6rper-Souffl\u00e9 warme, gourmandige Noten von Kakao, Kaffee und Vanille und macht die t\u00e4gliche K\u00f6rperpflege zu einem sinnlichen Genuss. Die reichhaltige, schnell einziehende Textur spendet intensive Feuchtigkeit, ohne zu fetten \u2013 ideal f\u00fcr die t\u00e4gliche Anwendung.<\/p>\n<p data-start=\"2908\" data-end=\"3050\">Geeignet f\u00fcr alle Hauttypen ist <strong data-start=\"2940\" data-end=\"2978\">TUTTOTONDO Tiramisu K\u00f6rper-Souffl\u00e9<\/strong> perfekt nach dem Duschen oder Baden f\u00fcr langanhaltende Pflege und Duft.<\/p>\n<p data-start=\"3052\" data-end=\"3070\"><strong data-start=\"3052\" data-end=\"3070\">Eigenschaften:<\/strong><\/p>\n<ul data-start=\"3071\" data-end=\"3303\">\n<li data-start=\"3071\" data-end=\"3114\">\n<p data-start=\"3073\" data-end=\"3114\">Leichte, n\u00e4hrende K\u00f6rper-Souffl\u00e9-Textur<\/p>\n<\/li>\n<li data-start=\"3115\" data-end=\"3146\">\n<p data-start=\"3117\" data-end=\"3146\">Gourmand-Duft nach Tiramisu<\/p>\n<\/li>\n<li data-start=\"3147\" data-end=\"3206\">\n<p data-start=\"3149\" data-end=\"3206\">Spendet intensive Feuchtigkeit und macht die Haut weich<\/p>\n<\/li>\n<li data-start=\"3207\" data-end=\"3243\">\n<p data-start=\"3209\" data-end=\"3243\">Zieht schnell ein, nicht fettend<\/p>\n<\/li>\n<li data-start=\"3244\" data-end=\"3283\">\n<p data-start=\"3246\" data-end=\"3283\">F\u00fcr die t\u00e4gliche Anwendung geeignet<\/p>\n<\/li>\n<li data-start=\"3284\" data-end=\"3303\">\n<p data-start=\"3286\" data-end=\"3303\">Inhalt: <strong data-start=\"3294\" data-end=\"3303\">200 g<\/strong><\/p>\n<\/li>\n<\/ul>\n<p>&nbsp;<\/p>\n<p>Follow us! <a href=\"https:\/\/www.instagram.com\/freeshopswiss\/\" target=\"_blank\" rel=\"noopener\">@freeshopswiss<\/a><\/p>\n","protected":false},"excerpt":{"rendered":"<p>Verw\u00f6hnen Sie Ihre Haut mit <strong data-start=\"2402\" data-end=\"2440\">TUTTOTONDO Tiramisu K\u00f6rper-Souffl\u00e9<\/strong>, einer luftig-leichten und samtigen K\u00f6rpercreme, die intensiv pflegt und die Haut weich, geschmeidig und zart duftend hinterl\u00e4sst.<\/p>\n","protected":false},"featured_media":38634,"comment_status":"open","ping_status":"closed","template":"","meta":[],"pwb-brand":[3791],"product_brand":[],"product_cat":[292,111],"product_tag":[419,293,294],"class_list":{"0":"post-38638","1":"product","2":"type-product","3":"status-publish","4":"has-post-thumbnail","6":"pwb-brand-tuttotondo","7":"product_cat-behandlungen","8":"product_cat-fur-sie-de","9":"product_tag-behandlungen-de","10":"product_tag-frau","11":"product_tag-korpercreme","13":"first","14":"instock","15":"sale","16":"taxable","17":"shipping-taxable","18":"purchasable","19":"product-type-simple"},"brands":[{"id":3791,"name":"Tuttotondo","slug":"tuttotondo"}],"_links":{"self":[{"href":"https:\/\/www.freeshopfrontiera.ch\/de\/wp-json\/wp\/v2\/product\/38638","targetHints":{"allow":["GET"]}}],"collection":[{"href":"https:\/\/www.freeshopfrontiera.ch\/de\/wp-json\/wp\/v2\/product"}],"about":[{"href":"https:\/\/www.freeshopfrontiera.ch\/de\/wp-json\/wp\/v2\/types\/product"}],"replies":[{"embeddable":true,"href":"https:\/\/www.freeshopfrontiera.ch\/de\/wp-json\/wp\/v2\/comments?post=38638"}],"version-history":[{"count":2,"href":"https:\/\/www.freeshopfrontiera.ch\/de\/wp-json\/wp\/v2\/product\/38638\/revisions"}],"predecessor-version":[{"id":38643,"href":"https:\/\/www.freeshopfrontiera.ch\/de\/wp-json\/wp\/v2\/product\/38638\/revisions\/38643"}],"wp:featuredmedia":[{"embeddable":true,"href":"https:\/\/www.freeshopfrontiera.ch\/de\/wp-json\/wp\/v2\/media\/38634"}],"wp:attachment":[{"href":"https:\/\/www.freeshopfrontiera.ch\/de\/wp-json\/wp\/v2\/media?parent=38638"}],"wp:term":[{"taxonomy":"pwb-brand","embeddable":true,"href":"https:\/\/www.freeshopfrontiera.ch\/de\/wp-json\/wp\/v2\/pwb-brand?post=38638"},{"taxonomy":"product_brand","embeddable":true,"href":"https:\/\/www.freeshopfrontiera.ch\/de\/wp-json\/wp\/v2\/product_brand?post=38638"},{"taxonomy":"product_cat","embeddable":true,"href":"https:\/\/www.freeshopfrontiera.ch\/de\/wp-json\/wp\/v2\/product_cat?post=38638"},{"taxonomy":"product_tag","embeddable":true,"href":"https:\/\/www.freeshopfrontiera.ch\/de\/wp-json\/wp\/v2\/product_tag?post=38638"}],"curies":[{"name":"wp","href":"https:\/\/api.w.org\/{rel}","templated":true}]}}