{"id":38652,"date":"2026-01-07T09:06:29","date_gmt":"2026-01-07T09:06:29","guid":{"rendered":"https:\/\/www.freeshopfrontiera.ch\/shop\/tuttotondo-anice-eau-de-toilette-100-ml\/"},"modified":"2026-01-07T12:25:02","modified_gmt":"2026-01-07T12:25:02","slug":"tuttotondo-anice-eau-de-toilette-100-ml","status":"publish","type":"product","link":"https:\/\/www.freeshopfrontiera.ch\/de\/shop\/tuttotondo-anice-eau-de-toilette-100-ml\/","title":{"rendered":"TUTTOTONDO Anice Eau de Toilette 100 ml"},"content":{"rendered":"<h3 data-start=\"1663\" data-end=\"1705\">TUTTOTONDO Anis Eau de Toilette 100 ml<\/h3>\n<p data-start=\"1707\" data-end=\"1907\">Frisch, aromatisch und \u00fcberraschend elegant \u2013 <strong data-start=\"1753\" data-end=\"1788\">TUTTOTONDO Anis Eau de Toilette<\/strong> ist ein Duft mit starkem und zugleich raffiniertem Charakter, inspiriert von den reinen und lebendigen Noten des Anis.<\/p>\n<p data-start=\"1909\" data-end=\"2222\">Der Auftakt ist hell und spritzig, mit aromatischen Akzenten, die sofort ein Gef\u00fchl von Frische und Sauberkeit vermitteln. Im Herzen entfaltet sich die volle Intensit\u00e4t des Anis, ausgewogen und umh\u00fcllend, w\u00e4hrend die Basis leicht und harmonisch bleibt \u2013 ideal f\u00fcr einen t\u00e4glichen Duft, der niemals gew\u00f6hnlich ist.<\/p>\n<p data-start=\"2224\" data-end=\"2427\">Perfekt f\u00fcr Liebhaber aromatischer und origineller D\u00fcfte ist <strong data-start=\"2285\" data-end=\"2308\">TUTTOTONDO Anis EDT<\/strong> f\u00fcr Damen und Herren geeignet und \u00fcberzeugt durch seine elegante Schlichtheit und langanhaltende olfaktorische Freude.<\/p>\n<p data-start=\"1066\" data-end=\"1085\">Follow us! <a href=\"https:\/\/www.instagram.com\/freeshopswiss\/\" target=\"_blank\" rel=\"noopener\">@freeshopswiss<\/a><\/p>\n","protected":false},"excerpt":{"rendered":"<p>Frisch, aromatisch und \u00fcberraschend elegant \u2013 <strong data-start=\"1753\" data-end=\"1788\">TUTTOTONDO Anis Eau de Toilette<\/strong> ist ein Duft mit starkem und zugleich raffiniertem Charakter, inspiriert von den reinen und lebendigen Noten des Anis.<\/p>\n","protected":false},"featured_media":38648,"comment_status":"open","ping_status":"closed","template":"","meta":[],"pwb-brand":[3791],"product_brand":[],"product_cat":[84,111],"product_tag":[790,147,293,953,1642,595],"class_list":{"0":"post-38652","1":"product","2":"type-product","3":"status-publish","4":"has-post-thumbnail","6":"pwb-brand-tuttotondo","7":"product_cat-duefte","8":"product_cat-fur-sie-de","9":"product_tag-womens-fragrances-de","10":"product_tag-eau-de-toilette-de","11":"product_tag-frau","12":"product_tag-uomo-de","13":"product_tag-mens-fragrances-de","14":"product_tag-unisex-de-2","16":"first","17":"instock","18":"sale","19":"taxable","20":"shipping-taxable","21":"purchasable","22":"product-type-simple"},"brands":[{"id":3791,"name":"Tuttotondo","slug":"tuttotondo"}],"_links":{"self":[{"href":"https:\/\/www.freeshopfrontiera.ch\/de\/wp-json\/wp\/v2\/product\/38652","targetHints":{"allow":["GET"]}}],"collection":[{"href":"https:\/\/www.freeshopfrontiera.ch\/de\/wp-json\/wp\/v2\/product"}],"about":[{"href":"https:\/\/www.freeshopfrontiera.ch\/de\/wp-json\/wp\/v2\/types\/product"}],"replies":[{"embeddable":true,"href":"https:\/\/www.freeshopfrontiera.ch\/de\/wp-json\/wp\/v2\/comments?post=38652"}],"version-history":[{"count":2,"href":"https:\/\/www.freeshopfrontiera.ch\/de\/wp-json\/wp\/v2\/product\/38652\/revisions"}],"predecessor-version":[{"id":38658,"href":"https:\/\/www.freeshopfrontiera.ch\/de\/wp-json\/wp\/v2\/product\/38652\/revisions\/38658"}],"wp:featuredmedia":[{"embeddable":true,"href":"https:\/\/www.freeshopfrontiera.ch\/de\/wp-json\/wp\/v2\/media\/38648"}],"wp:attachment":[{"href":"https:\/\/www.freeshopfrontiera.ch\/de\/wp-json\/wp\/v2\/media?parent=38652"}],"wp:term":[{"taxonomy":"pwb-brand","embeddable":true,"href":"https:\/\/www.freeshopfrontiera.ch\/de\/wp-json\/wp\/v2\/pwb-brand?post=38652"},{"taxonomy":"product_brand","embeddable":true,"href":"https:\/\/www.freeshopfrontiera.ch\/de\/wp-json\/wp\/v2\/product_brand?post=38652"},{"taxonomy":"product_cat","embeddable":true,"href":"https:\/\/www.freeshopfrontiera.ch\/de\/wp-json\/wp\/v2\/product_cat?post=38652"},{"taxonomy":"product_tag","embeddable":true,"href":"https:\/\/www.freeshopfrontiera.ch\/de\/wp-json\/wp\/v2\/product_tag?post=38652"}],"curies":[{"name":"wp","href":"https:\/\/api.w.org\/{rel}","templated":true}]}}