{"id":38684,"date":"2026-01-07T10:06:25","date_gmt":"2026-01-07T10:06:25","guid":{"rendered":"https:\/\/www.freeshopfrontiera.ch\/shop\/tuttotondo-anice-body-lotion-300-ml\/"},"modified":"2026-01-07T11:02:26","modified_gmt":"2026-01-07T11:02:26","slug":"tuttotondo-anice-body-lotion-300-ml","status":"publish","type":"product","link":"https:\/\/www.freeshopfrontiera.ch\/de\/shop\/tuttotondo-anice-body-lotion-300-ml\/","title":{"rendered":"TUTTOTONDO Anice body lotion 300 ml"},"content":{"rendered":"<h3 data-start=\"2029\" data-end=\"2081\">TUTTOTONDO Anis K\u00f6rper-Lotion Tonisierend 300 ml<\/h3>\n<p data-start=\"2083\" data-end=\"2284\">Frisch, belebend und revitalisierend \u2013 <strong data-start=\"2122\" data-end=\"2167\">TUTTOTONDO Anis K\u00f6rper-Lotion Tonisierend<\/strong> ist eine leichte und angenehme K\u00f6rperlotion, die der Haut sofort ein Gef\u00fchl von Frische und Wohlbefinden verleiht.<\/p>\n<p data-start=\"2286\" data-end=\"2602\">Angereichert mit den aromatischen und lebhaften Noten von <strong data-start=\"2344\" data-end=\"2352\">Anis<\/strong>, strafft diese Lotion die Haut und hilft, sie weich, elastisch und hydratisiert zu halten. Die fl\u00fcssige, schnell einziehende Textur macht sie ideal f\u00fcr den t\u00e4glichen Gebrauch, auch in w\u00e4rmeren Jahreszeiten, ohne fettige R\u00fcckst\u00e4nde zu hinterlassen.<\/p>\n<p data-start=\"2604\" data-end=\"2795\">Geeignet f\u00fcr alle Hauttypen, ist <strong data-start=\"2637\" data-end=\"2682\">TUTTOTONDO Anis K\u00f6rper-Lotion Tonisierend<\/strong> perfekt nach der Dusche oder dem Bad f\u00fcr ein erfrischendes, duftendes und regenerierendes K\u00f6rperpflege-Ritual.<\/p>\n<p data-start=\"2797\" data-end=\"2817\"><strong data-start=\"2797\" data-end=\"2815\">Hauptmerkmale:<\/strong><\/p>\n<ul data-start=\"2818\" data-end=\"3046\">\n<li data-start=\"2818\" data-end=\"2864\">\n<p data-start=\"2820\" data-end=\"2864\">Tonisierende und erfrischende K\u00f6rperlotion<\/p>\n<\/li>\n<li data-start=\"2865\" data-end=\"2891\">\n<p data-start=\"2867\" data-end=\"2891\">Aromatischer Anis-Duft<\/p>\n<\/li>\n<li data-start=\"2892\" data-end=\"2943\">\n<p data-start=\"2894\" data-end=\"2943\">Spendet Feuchtigkeit und revitalisiert die Haut<\/p>\n<\/li>\n<li data-start=\"2944\" data-end=\"2983\">\n<p data-start=\"2946\" data-end=\"2983\">Leichte Textur, schnelle Absorption<\/p>\n<\/li>\n<li data-start=\"2984\" data-end=\"3023\">\n<p data-start=\"2986\" data-end=\"3023\">F\u00fcr den t\u00e4glichen Gebrauch geeignet<\/p>\n<\/li>\n<li data-start=\"3024\" data-end=\"3046\">\n<p data-start=\"3026\" data-end=\"3046\">Inhalt: <strong data-start=\"3034\" data-end=\"3044\">300 ml<\/strong><\/p>\n<\/li>\n<\/ul>\n<p>&nbsp;<\/p>\n<p>Follow us! \u00a0<a href=\"https:\/\/www.instagram.com\/freeshopswiss\/\" target=\"_blank\" rel=\"noopener\">@freeshopswiss<\/a><\/p>\n","protected":false},"excerpt":{"rendered":"<p>Frisch, belebend und revitalisierend \u2013 <strong data-start=\"2122\" data-end=\"2167\">TUTTOTONDO Anis K\u00f6rper-Lotion Tonisierend<\/strong> ist eine leichte und angenehme K\u00f6rperlotion, die der Haut sofort ein Gef\u00fchl von Frische und Wohlbefinden verleiht.<\/p>\n","protected":false},"featured_media":38680,"comment_status":"open","ping_status":"closed","template":"","meta":[],"pwb-brand":[3791],"product_brand":[],"product_cat":[292,111],"product_tag":[419,293,294],"class_list":{"0":"post-38684","1":"product","2":"type-product","3":"status-publish","4":"has-post-thumbnail","6":"pwb-brand-tuttotondo","7":"product_cat-behandlungen","8":"product_cat-fur-sie-de","9":"product_tag-behandlungen-de","10":"product_tag-frau","11":"product_tag-korpercreme","13":"first","14":"instock","15":"sale","16":"taxable","17":"shipping-taxable","18":"purchasable","19":"product-type-simple"},"brands":[{"id":3791,"name":"Tuttotondo","slug":"tuttotondo"}],"_links":{"self":[{"href":"https:\/\/www.freeshopfrontiera.ch\/de\/wp-json\/wp\/v2\/product\/38684","targetHints":{"allow":["GET"]}}],"collection":[{"href":"https:\/\/www.freeshopfrontiera.ch\/de\/wp-json\/wp\/v2\/product"}],"about":[{"href":"https:\/\/www.freeshopfrontiera.ch\/de\/wp-json\/wp\/v2\/types\/product"}],"replies":[{"embeddable":true,"href":"https:\/\/www.freeshopfrontiera.ch\/de\/wp-json\/wp\/v2\/comments?post=38684"}],"version-history":[{"count":2,"href":"https:\/\/www.freeshopfrontiera.ch\/de\/wp-json\/wp\/v2\/product\/38684\/revisions"}],"predecessor-version":[{"id":38689,"href":"https:\/\/www.freeshopfrontiera.ch\/de\/wp-json\/wp\/v2\/product\/38684\/revisions\/38689"}],"wp:featuredmedia":[{"embeddable":true,"href":"https:\/\/www.freeshopfrontiera.ch\/de\/wp-json\/wp\/v2\/media\/38680"}],"wp:attachment":[{"href":"https:\/\/www.freeshopfrontiera.ch\/de\/wp-json\/wp\/v2\/media?parent=38684"}],"wp:term":[{"taxonomy":"pwb-brand","embeddable":true,"href":"https:\/\/www.freeshopfrontiera.ch\/de\/wp-json\/wp\/v2\/pwb-brand?post=38684"},{"taxonomy":"product_brand","embeddable":true,"href":"https:\/\/www.freeshopfrontiera.ch\/de\/wp-json\/wp\/v2\/product_brand?post=38684"},{"taxonomy":"product_cat","embeddable":true,"href":"https:\/\/www.freeshopfrontiera.ch\/de\/wp-json\/wp\/v2\/product_cat?post=38684"},{"taxonomy":"product_tag","embeddable":true,"href":"https:\/\/www.freeshopfrontiera.ch\/de\/wp-json\/wp\/v2\/product_tag?post=38684"}],"curies":[{"name":"wp","href":"https:\/\/api.w.org\/{rel}","templated":true}]}}