{"id":38698,"date":"2026-01-07T11:12:57","date_gmt":"2026-01-07T11:12:57","guid":{"rendered":"https:\/\/www.freeshopfrontiera.ch\/shop\/gianni-versace-set-dylan-turquoise\/"},"modified":"2026-01-11T21:27:10","modified_gmt":"2026-01-11T21:27:10","slug":"gianni-versace-set-dylan-turquoise","status":"publish","type":"product","link":"https:\/\/www.freeshopfrontiera.ch\/de\/shop\/gianni-versace-set-dylan-turquoise\/","title":{"rendered":"GIANNI VERSACE SET Dylan Turquoise"},"content":{"rendered":"<h3 data-start=\"2139\" data-end=\"2195\">GIANNI VERSACE SET Dylan Turquoise Eau de Toilette<\/h3>\n<p data-start=\"2196\" data-end=\"2268\"><strong data-start=\"2196\" data-end=\"2268\">Vapo 100 ml + After Shave Balsam 100 ml + Body Gel 100 ml + Mup Case<\/strong><\/p>\n<p data-start=\"2270\" data-end=\"2563\">Frisch, energiegeladen und raffiniert \u2013 <strong data-start=\"2310\" data-end=\"2360\">GIANNI VERSACE Dylan Turquoise Eau de Toilette<\/strong> ist ein Herrenduft, der die Vitalit\u00e4t und Freiheit des modernen Lebens einf\u00e4ngt. Ein lebendiger und umh\u00fcllender Duft, pr\u00e4sentiert in einem exklusiven Versace Geschenkset, perfekt als Geschenk f\u00fcr ihn.<\/p>\n<p data-start=\"2565\" data-end=\"2888\">Der Duft er\u00f6ffnet mit spritzigen, zitrischen Noten, die sofort Energie verleihen, w\u00e4hrend das aromatische und leicht w\u00fcrzige Herz Tiefe und Pers\u00f6nlichkeit hinzuf\u00fcgt. Die zart holzige Basis hinterl\u00e4sst eine elegante und langanhaltende Duftspur, die den einzigartigen und dynamischen Stil des modernen Mannes unterstreicht.<\/p>\n<p data-start=\"2890\" data-end=\"3151\">Das komplette Set enth\u00e4lt das <strong data-start=\"2920\" data-end=\"2952\">Eau de Toilette Spray 100 ml<\/strong>, den <strong data-start=\"2958\" data-end=\"2987\">After Shave Balsam 100 ml<\/strong> zur Erg\u00e4nzung der Pflegeroutine, das <strong data-start=\"3025\" data-end=\"3044\">Body Gel 100 ml<\/strong> und ein praktisches <strong data-start=\"3065\" data-end=\"3077\">Mup Case<\/strong>, ideal, um das Set \u00fcberallhin mitzunehmen oder stilvoll zu verschenken.<\/p>\n<p data-start=\"881\" data-end=\"1167\">Follow us! \u00a0<a href=\"https:\/\/www.instagram.com\/freeshopswiss\/\" target=\"_blank\" rel=\"noopener\">@freeshopswiss<\/a><\/p>\n","protected":false},"excerpt":{"rendered":"<p>Frisch, energiegeladen und raffiniert \u2013 <strong data-start=\"2310\" data-end=\"2360\">GIANNI VERSACE Dylan Turquoise Eau de Toilette<\/strong> ist ein Herrenduft, der die Vitalit\u00e4t und Freiheit des modernen Lebens einf\u00e4ngt.<\/p>\n","protected":false},"featured_media":38694,"comment_status":"open","ping_status":"closed","template":"","meta":[],"pwb-brand":[124],"product_brand":[],"product_cat":[84,111,485],"product_tag":[790,147,293,462,460],"class_list":{"0":"post-38698","1":"product","2":"type-product","3":"status-publish","4":"has-post-thumbnail","6":"pwb-brand-versace","7":"product_cat-duefte","8":"product_cat-fur-sie-de","9":"product_cat-geschenkbox","10":"product_tag-womens-fragrances-de","11":"product_tag-eau-de-toilette-de","12":"product_tag-frau","13":"product_tag-geschenkset-fuer-damen","14":"product_tag-parfuem-geschenkset","16":"first","17":"outofstock","18":"sale","19":"taxable","20":"shipping-taxable","21":"purchasable","22":"product-type-simple"},"brands":[{"id":124,"name":"Versace","slug":"versace"}],"_links":{"self":[{"href":"https:\/\/www.freeshopfrontiera.ch\/de\/wp-json\/wp\/v2\/product\/38698","targetHints":{"allow":["GET"]}}],"collection":[{"href":"https:\/\/www.freeshopfrontiera.ch\/de\/wp-json\/wp\/v2\/product"}],"about":[{"href":"https:\/\/www.freeshopfrontiera.ch\/de\/wp-json\/wp\/v2\/types\/product"}],"replies":[{"embeddable":true,"href":"https:\/\/www.freeshopfrontiera.ch\/de\/wp-json\/wp\/v2\/comments?post=38698"}],"version-history":[{"count":1,"href":"https:\/\/www.freeshopfrontiera.ch\/de\/wp-json\/wp\/v2\/product\/38698\/revisions"}],"predecessor-version":[{"id":38702,"href":"https:\/\/www.freeshopfrontiera.ch\/de\/wp-json\/wp\/v2\/product\/38698\/revisions\/38702"}],"wp:featuredmedia":[{"embeddable":true,"href":"https:\/\/www.freeshopfrontiera.ch\/de\/wp-json\/wp\/v2\/media\/38694"}],"wp:attachment":[{"href":"https:\/\/www.freeshopfrontiera.ch\/de\/wp-json\/wp\/v2\/media?parent=38698"}],"wp:term":[{"taxonomy":"pwb-brand","embeddable":true,"href":"https:\/\/www.freeshopfrontiera.ch\/de\/wp-json\/wp\/v2\/pwb-brand?post=38698"},{"taxonomy":"product_brand","embeddable":true,"href":"https:\/\/www.freeshopfrontiera.ch\/de\/wp-json\/wp\/v2\/product_brand?post=38698"},{"taxonomy":"product_cat","embeddable":true,"href":"https:\/\/www.freeshopfrontiera.ch\/de\/wp-json\/wp\/v2\/product_cat?post=38698"},{"taxonomy":"product_tag","embeddable":true,"href":"https:\/\/www.freeshopfrontiera.ch\/de\/wp-json\/wp\/v2\/product_tag?post=38698"}],"curies":[{"name":"wp","href":"https:\/\/api.w.org\/{rel}","templated":true}]}}