{"id":38802,"date":"2026-02-12T09:25:47","date_gmt":"2026-02-12T09:25:47","guid":{"rendered":"https:\/\/www.freeshopfrontiera.ch\/shop\/carolina-herrera-good-girl-jasmine-absolue\/"},"modified":"2026-03-18T14:36:59","modified_gmt":"2026-03-18T14:36:59","slug":"carolina-herrera-good-girl-jasmine-absolue","status":"publish","type":"product","link":"https:\/\/www.freeshopfrontiera.ch\/de\/shop\/carolina-herrera-good-girl-jasmine-absolue\/","title":{"rendered":"Carolina Herrera Good Girl Jasmine Absolue"},"content":{"rendered":"<p data-start=\"1394\" data-end=\"1466\"><strong data-start=\"1394\" data-end=\"1466\">Carolina Herrera Good Girl Jasmine Absolue \u2013 Eau de Parfum f\u00fcr Damen<\/strong><\/p>\n<p data-start=\"1468\" data-end=\"1823\">Carolina Herrera <strong data-start=\"1485\" data-end=\"1514\">Good Girl Jasmine Absolue<\/strong> ist ein intensiver und raffinierter Damenduft, der die Sinnlichkeit und St\u00e4rke der modernen Frau zelebriert. Diese Neuinterpretation der ikonischen Good-Girl-Linie hebt die umh\u00fcllende und florale Seite der Komposition hervor und ist perfekt f\u00fcr Frauen, die elegante und zugleich ausdrucksstarke D\u00fcfte lieben.<\/p>\n<p data-start=\"1825\" data-end=\"2341\">Der Auftakt ist strahlend und verf\u00fchrerisch, dank einer edlen Mischung fruchtiger Noten, die sofort Aufmerksamkeit erregen. Das Herz des Duftes wird vom <strong data-start=\"1978\" data-end=\"1988\">Jasmin<\/strong> dominiert, dem absoluten Protagonisten, der dem Parfum eine feminine, warme und unwiderstehliche Ausstrahlung verleiht. Mandelakzente sorgen f\u00fcr eine cremige und elegante Nuance. Die Basisnoten sind s\u00fc\u00df und langanhaltend und umh\u00fcllen die Haut mit gourmandigen Noten von <strong data-start=\"2259\" data-end=\"2284\">Toffee und Tonkabohne<\/strong>, wodurch eine intensive und sinnliche Duftspur entsteht.<\/p>\n<p data-start=\"2343\" data-end=\"2717\">Der Duft ist im ikonischen Flakon in Stilettoform eingefasst \u2013 ein Symbol f\u00fcr St\u00e4rke, Eleganz und Verf\u00fchrung \u2013 veredelt durch raffinierte Details, die seinen luxuri\u00f6sen Charakter unterstreichen. <strong data-start=\"2538\" data-end=\"2567\">Good Girl Jasmine Absolue<\/strong> ist ideal f\u00fcr den Abend und besondere Anl\u00e4sse, aber auch f\u00fcr Frauen, die sich jeden Tag mit einem selbstbewussten und femininen Duft abheben m\u00f6chten.<\/p>\n<p data-start=\"1020\" data-end=\"1368\">Follow us!\u00a0<a href=\"https:\/\/www.instagram.com\/freeshopswiss\/\" target=\"_blank\" rel=\"noopener\">@freeshopswiss<\/a><\/p>\n","protected":false},"excerpt":{"rendered":"<p>Carolina Herrera <strong data-start=\"1485\" data-end=\"1514\">Good Girl Jasmine Absolue<\/strong> ist ein intensiver und raffinierter Damenduft, der die Sinnlichkeit und St\u00e4rke der modernen Frau zelebriert.<\/p>\n","protected":false},"featured_media":38775,"comment_status":"open","ping_status":"closed","template":"","meta":[],"pwb-brand":[271],"product_brand":[],"product_cat":[84,111],"product_tag":[790,952,254,293,4368],"class_list":{"0":"post-38802","1":"product","2":"type-product","3":"status-publish","4":"has-post-thumbnail","6":"pwb-brand-carolina-herrera","7":"product_cat-duefte","8":"product_cat-fur-sie-de","9":"product_tag-womens-fragrances-de","10":"product_tag-profumi-de","11":"product_tag-eau-de-parfum-de","12":"product_tag-frau","13":"product_tag-fruehlingsspecial","15":"first","16":"instock","17":"sale","18":"taxable","19":"shipping-taxable","20":"purchasable","21":"product-type-variable","22":"has-default-attributes"},"brands":[{"id":271,"name":"Carolina Herrera","slug":"carolina-herrera"}],"_links":{"self":[{"href":"https:\/\/www.freeshopfrontiera.ch\/de\/wp-json\/wp\/v2\/product\/38802","targetHints":{"allow":["GET"]}}],"collection":[{"href":"https:\/\/www.freeshopfrontiera.ch\/de\/wp-json\/wp\/v2\/product"}],"about":[{"href":"https:\/\/www.freeshopfrontiera.ch\/de\/wp-json\/wp\/v2\/types\/product"}],"replies":[{"embeddable":true,"href":"https:\/\/www.freeshopfrontiera.ch\/de\/wp-json\/wp\/v2\/comments?post=38802"}],"version-history":[{"count":1,"href":"https:\/\/www.freeshopfrontiera.ch\/de\/wp-json\/wp\/v2\/product\/38802\/revisions"}],"predecessor-version":[{"id":38811,"href":"https:\/\/www.freeshopfrontiera.ch\/de\/wp-json\/wp\/v2\/product\/38802\/revisions\/38811"}],"wp:featuredmedia":[{"embeddable":true,"href":"https:\/\/www.freeshopfrontiera.ch\/de\/wp-json\/wp\/v2\/media\/38775"}],"wp:attachment":[{"href":"https:\/\/www.freeshopfrontiera.ch\/de\/wp-json\/wp\/v2\/media?parent=38802"}],"wp:term":[{"taxonomy":"pwb-brand","embeddable":true,"href":"https:\/\/www.freeshopfrontiera.ch\/de\/wp-json\/wp\/v2\/pwb-brand?post=38802"},{"taxonomy":"product_brand","embeddable":true,"href":"https:\/\/www.freeshopfrontiera.ch\/de\/wp-json\/wp\/v2\/product_brand?post=38802"},{"taxonomy":"product_cat","embeddable":true,"href":"https:\/\/www.freeshopfrontiera.ch\/de\/wp-json\/wp\/v2\/product_cat?post=38802"},{"taxonomy":"product_tag","embeddable":true,"href":"https:\/\/www.freeshopfrontiera.ch\/de\/wp-json\/wp\/v2\/product_tag?post=38802"}],"curies":[{"name":"wp","href":"https:\/\/api.w.org\/{rel}","templated":true}]}}