{"id":38926,"date":"2026-01-13T09:54:34","date_gmt":"2026-01-13T09:54:34","guid":{"rendered":"https:\/\/www.freeshopfrontiera.ch\/shop\/giorgio-armani-my-way-sunny-vanilla\/"},"modified":"2026-01-13T10:00:21","modified_gmt":"2026-01-13T10:00:21","slug":"giorgio-armani-my-way-sunny-vanilla","status":"publish","type":"product","link":"https:\/\/www.freeshopfrontiera.ch\/de\/shop\/giorgio-armani-my-way-sunny-vanilla\/","title":{"rendered":"GIORGIO ARMANI My Way Sunny Vanilla"},"content":{"rendered":"<p data-start=\"1215\" data-end=\"1268\"><strong data-start=\"1215\" data-end=\"1268\">Giorgio Armani My Way Sunny Vanilla Eau de Parfum<\/strong><\/p>\n<p data-start=\"1270\" data-end=\"1674\">Giorgio Armani <strong data-start=\"1285\" data-end=\"1309\">My Way Sunny Vanilla<\/strong> ist ein femininer <strong data-start=\"1328\" data-end=\"1349\">floral-fruchtiger<\/strong> Duft, der sonnige Strahlkraft und umh\u00fcllende S\u00fc\u00dfe ausstrahlt \u2013 perfekt f\u00fcr alle, die moderne, fr\u00f6hliche und feminine Parfums lieben. Diese neue Interpretation der ikonischen <em data-start=\"1524\" data-end=\"1532\">My Way<\/em>-Linie verbindet tropische Frische mit klassischen und verf\u00fchrerischen Noten und schafft ein leuchtendes und angenehmes olfaktorisches Profil.<\/p>\n<p data-start=\"1676\" data-end=\"2071\">Die Kopfnote \u00f6ffnet sich mit fruchtigen Noten von <strong data-start=\"1726\" data-end=\"1751\">Ananas und Bergamotte<\/strong>, die eine lebendige und sonnige Frische schenken. Im Herzen entfalten sich <strong data-start=\"1827\" data-end=\"1850\">Tuberose und Jasmin<\/strong>, intensive wei\u00dfe Blumen, die die florale Komponente des Bouquets betonen. Schlie\u00dflich entwickelt sich die Basis mit <strong data-start=\"1967\" data-end=\"1990\">Vanille und Moschus<\/strong>, die einen weichen, cremigen und langanhaltenden Duft auf der Haut hinterlassen.<\/p>\n<p data-start=\"2073\" data-end=\"2339\">Dank des ausgewogenen Zusammenspiels von fruchtigen, floralen und gourmandigen Noten ist <em data-start=\"2162\" data-end=\"2184\">My Way Sunny Vanilla<\/em> ideal als t\u00e4glicher Duft und begleitet elegant helle und unbeschwerte Momente. Perfekt auch als Geschenk f\u00fcr alle, die leuchtende, vanillige D\u00fcfte lieben.<\/p>\n<p data-start=\"1346\" data-end=\"1531\">Follow us! \u00a0<a href=\"https:\/\/www.instagram.com\/freeshopswiss\/\" target=\"_blank\" rel=\"noopener\">@freeshopswiss<\/a><\/p>\n","protected":false},"excerpt":{"rendered":"<p>Giorgio Armani <strong data-start=\"1285\" data-end=\"1309\">My Way Sunny Vanilla<\/strong> ist ein femininer <strong data-start=\"1328\" data-end=\"1349\">floral-fruchtiger<\/strong> Duft, der sonnige Strahlkraft und umh\u00fcllende S\u00fc\u00dfe ausstrahlt \u2013 perfekt f\u00fcr alle, die moderne, fr\u00f6hliche und feminine Parfums lieben.<\/p>\n","protected":false},"featured_media":38908,"comment_status":"open","ping_status":"closed","template":"","meta":[],"pwb-brand":[263],"product_brand":[],"product_cat":[84,111,105],"product_tag":[790,952,254,293,4349,560,489,487],"class_list":{"0":"post-38926","1":"product","2":"type-product","3":"status-publish","4":"has-post-thumbnail","6":"pwb-brand-giorgio-armani","7":"product_cat-duefte","8":"product_cat-fur-sie-de","9":"product_cat-neuheit","10":"product_tag-womens-fragrances-de","11":"product_tag-profumi-de","12":"product_tag-eau-de-parfum-de","13":"product_tag-frau","14":"product_tag-frauentag","15":"product_tag-neuheiten-damen","16":"product_tag-neuheiten-dufte","17":"product_tag-neuigkeiten","19":"first","20":"instock","21":"sale","22":"taxable","23":"shipping-taxable","24":"purchasable","25":"product-type-variable","26":"has-default-attributes"},"brands":[{"id":263,"name":"Giorgio Armani","slug":"giorgio-armani"}],"_links":{"self":[{"href":"https:\/\/www.freeshopfrontiera.ch\/de\/wp-json\/wp\/v2\/product\/38926","targetHints":{"allow":["GET"]}}],"collection":[{"href":"https:\/\/www.freeshopfrontiera.ch\/de\/wp-json\/wp\/v2\/product"}],"about":[{"href":"https:\/\/www.freeshopfrontiera.ch\/de\/wp-json\/wp\/v2\/types\/product"}],"replies":[{"embeddable":true,"href":"https:\/\/www.freeshopfrontiera.ch\/de\/wp-json\/wp\/v2\/comments?post=38926"}],"version-history":[{"count":1,"href":"https:\/\/www.freeshopfrontiera.ch\/de\/wp-json\/wp\/v2\/product\/38926\/revisions"}],"predecessor-version":[{"id":38932,"href":"https:\/\/www.freeshopfrontiera.ch\/de\/wp-json\/wp\/v2\/product\/38926\/revisions\/38932"}],"wp:featuredmedia":[{"embeddable":true,"href":"https:\/\/www.freeshopfrontiera.ch\/de\/wp-json\/wp\/v2\/media\/38908"}],"wp:attachment":[{"href":"https:\/\/www.freeshopfrontiera.ch\/de\/wp-json\/wp\/v2\/media?parent=38926"}],"wp:term":[{"taxonomy":"pwb-brand","embeddable":true,"href":"https:\/\/www.freeshopfrontiera.ch\/de\/wp-json\/wp\/v2\/pwb-brand?post=38926"},{"taxonomy":"product_brand","embeddable":true,"href":"https:\/\/www.freeshopfrontiera.ch\/de\/wp-json\/wp\/v2\/product_brand?post=38926"},{"taxonomy":"product_cat","embeddable":true,"href":"https:\/\/www.freeshopfrontiera.ch\/de\/wp-json\/wp\/v2\/product_cat?post=38926"},{"taxonomy":"product_tag","embeddable":true,"href":"https:\/\/www.freeshopfrontiera.ch\/de\/wp-json\/wp\/v2\/product_tag?post=38926"}],"curies":[{"name":"wp","href":"https:\/\/api.w.org\/{rel}","templated":true}]}}