{"id":38965,"date":"2026-01-01T11:58:38","date_gmt":"2026-01-01T11:58:38","guid":{"rendered":"https:\/\/www.freeshopfrontiera.ch\/shop\/dsquared2-set-wood-pour-femme\/"},"modified":"2026-01-14T12:04:35","modified_gmt":"2026-01-14T12:04:35","slug":"dsquared2-set-wood-pour-femme","status":"publish","type":"product","link":"https:\/\/www.freeshopfrontiera.ch\/de\/shop\/dsquared2-set-wood-pour-femme\/","title":{"rendered":"DSQUARED2 SET Wood pour Femme"},"content":{"rendered":"<p data-start=\"1356\" data-end=\"1862\">Entdecken Sie das <strong data-start=\"1374\" data-end=\"1407\">Dsquared2 Wood pour Femme Set<\/strong>, eine elegante Kombination f\u00fcr Frauen, die ihre Weiblichkeit stilvoll ausdr\u00fccken m\u00f6chten. Das Set enth\u00e4lt ein <strong data-start=\"1518\" data-end=\"1543\">50 ml Eau de Toilette<\/strong>, <strong data-start=\"1545\" data-end=\"1564\">100 ml Duschgel<\/strong> und <strong data-start=\"1569\" data-end=\"1591\">100 ml Body Lotion<\/strong> und bietet ein komplettes Duft- und K\u00f6rperpflegeerlebnis. Der Duft <strong data-start=\"1659\" data-end=\"1678\">Wood pour Femme<\/strong> ist die perfekte Balance aus <strong data-start=\"1708\" data-end=\"1739\">blumigen und holzigen Noten<\/strong> und h\u00fcllt die Haut in ein raffiniertes und sinnliches Bouquet \u2013 ideal f\u00fcr den t\u00e4glichen Gebrauch oder besondere Anl\u00e4sse.<\/p>\n<p data-start=\"1864\" data-end=\"2173\">Das <strong data-start=\"1868\" data-end=\"1887\">Eau de Toilette<\/strong> hinterl\u00e4sst eine zarte, aber langanhaltende Duftspur, w\u00e4hrend das <strong data-start=\"1954\" data-end=\"1966\">Duschgel<\/strong> sanft reinigt und die Haut weich und duftend macht. Die <strong data-start=\"2023\" data-end=\"2038\">Body Lotion<\/strong> rundet die Routine ab, spendet intensive Feuchtigkeit und verl\u00e4ngert den Duft f\u00fcr ein luxuri\u00f6ses, den ganzen Tag anhaltendes Gef\u00fchl.<\/p>\n<p data-start=\"2175\" data-end=\"2394\">Perfekt als <strong data-start=\"2187\" data-end=\"2199\">Geschenk<\/strong> oder f\u00fcr den eigenen Gebrauch, vereint das <strong data-start=\"2243\" data-end=\"2276\">Dsquared2 Wood pour Femme Set<\/strong> Eleganz, Qualit\u00e4t und Praktikabilit\u00e4t. Die edle Verpackung macht es ideal f\u00fcr Geburtstage, Jubil\u00e4en oder Feiertage.<\/p>\n<p data-start=\"2396\" data-end=\"2651\">Erleben Sie das <strong data-start=\"2412\" data-end=\"2445\">Dsquared2 Wood pour Femme Set<\/strong> und genie\u00dfen Sie einen femininen, eleganten Duft, der jeden Moment des Tages unterstreicht. Ein vollst\u00e4ndiges sensorisches Erlebnis von der Dusche bis zur Haut f\u00fcr Weiblichkeit, die Eindruck hinterl\u00e4sst.<\/p>\n<p data-start=\"1229\" data-end=\"1483\">Follow us! <a href=\"https:\/\/www.instagram.com\/freeshopswiss\/\" target=\"_blank\" rel=\"noopener\">@freeshopswiss<\/a><\/p>\n","protected":false},"excerpt":{"rendered":"<p>Entdecken Sie das <strong data-start=\"1374\" data-end=\"1407\">Dsquared2 Wood pour Femme Set<\/strong>, eine elegante Kombination f\u00fcr Frauen, die ihre Weiblichkeit stilvoll ausdr\u00fccken m\u00f6chten.<\/p>\n","protected":false},"featured_media":38961,"comment_status":"open","ping_status":"closed","template":"","meta":[],"pwb-brand":[578],"product_brand":[],"product_cat":[144,84,111,485,4193],"product_tag":[148,952,147,293,4349,462,460],"class_list":{"0":"post-38965","1":"product","2":"type-product","3":"status-publish","4":"has-post-thumbnail","6":"pwb-brand-dsquared2","7":"product_cat-bietet","8":"product_cat-duefte","9":"product_cat-fur-sie-de","10":"product_cat-geschenkbox","11":"product_cat-sets-aktion","12":"product_tag-angebot","13":"product_tag-profumi-de","14":"product_tag-eau-de-toilette-de","15":"product_tag-frau","16":"product_tag-frauentag","17":"product_tag-geschenkset-fuer-damen","18":"product_tag-parfuem-geschenkset","20":"first","21":"instock","22":"sale","23":"taxable","24":"shipping-taxable","25":"purchasable","26":"product-type-simple"},"brands":[{"id":578,"name":"Dsquared2","slug":"dsquared2"}],"_links":{"self":[{"href":"https:\/\/www.freeshopfrontiera.ch\/de\/wp-json\/wp\/v2\/product\/38965","targetHints":{"allow":["GET"]}}],"collection":[{"href":"https:\/\/www.freeshopfrontiera.ch\/de\/wp-json\/wp\/v2\/product"}],"about":[{"href":"https:\/\/www.freeshopfrontiera.ch\/de\/wp-json\/wp\/v2\/types\/product"}],"replies":[{"embeddable":true,"href":"https:\/\/www.freeshopfrontiera.ch\/de\/wp-json\/wp\/v2\/comments?post=38965"}],"version-history":[{"count":1,"href":"https:\/\/www.freeshopfrontiera.ch\/de\/wp-json\/wp\/v2\/product\/38965\/revisions"}],"predecessor-version":[{"id":38968,"href":"https:\/\/www.freeshopfrontiera.ch\/de\/wp-json\/wp\/v2\/product\/38965\/revisions\/38968"}],"wp:featuredmedia":[{"embeddable":true,"href":"https:\/\/www.freeshopfrontiera.ch\/de\/wp-json\/wp\/v2\/media\/38961"}],"wp:attachment":[{"href":"https:\/\/www.freeshopfrontiera.ch\/de\/wp-json\/wp\/v2\/media?parent=38965"}],"wp:term":[{"taxonomy":"pwb-brand","embeddable":true,"href":"https:\/\/www.freeshopfrontiera.ch\/de\/wp-json\/wp\/v2\/pwb-brand?post=38965"},{"taxonomy":"product_brand","embeddable":true,"href":"https:\/\/www.freeshopfrontiera.ch\/de\/wp-json\/wp\/v2\/product_brand?post=38965"},{"taxonomy":"product_cat","embeddable":true,"href":"https:\/\/www.freeshopfrontiera.ch\/de\/wp-json\/wp\/v2\/product_cat?post=38965"},{"taxonomy":"product_tag","embeddable":true,"href":"https:\/\/www.freeshopfrontiera.ch\/de\/wp-json\/wp\/v2\/product_tag?post=38965"}],"curies":[{"name":"wp","href":"https:\/\/api.w.org\/{rel}","templated":true}]}}