{"id":38997,"date":"2026-01-16T09:02:22","date_gmt":"2026-01-16T09:02:22","guid":{"rendered":"https:\/\/www.freeshopfrontiera.ch\/shop\/yves-saint-laurent-libre-berry-crush\/"},"modified":"2026-01-16T09:21:03","modified_gmt":"2026-01-16T09:21:03","slug":"yves-saint-laurent-libre-berry-crush","status":"publish","type":"product","link":"https:\/\/www.freeshopfrontiera.ch\/de\/shop\/yves-saint-laurent-libre-berry-crush\/","title":{"rendered":"YVES SAINT LAURENT Libre Berry Crush"},"content":{"rendered":"<p data-start=\"1481\" data-end=\"1889\"><strong data-start=\"1481\" data-end=\"1535\">Yves Saint Laurent Libre Berry Crush Eau de Parfum<\/strong> ist ein gewagter und sinnlicher Duft, der die Freiheit feiert, man selbst zu sein \u2013 mit einer unwiderstehlich gourmandigen Note. Diese exklusive Edition der ikonischen <strong data-start=\"1704\" data-end=\"1713\">Libre<\/strong>-Linie interpretiert die olfaktorische Signatur von YSL neu, mit einer intensiven und modernen Fruchtnote, kreiert f\u00fcr eine selbstbewusste, unabh\u00e4ngige und charismatische Frau.<\/p>\n<p data-start=\"1891\" data-end=\"2423\">Der Auftakt wird von einem saftigen Akkord aus <strong data-start=\"1938\" data-end=\"1954\">roten Beeren<\/strong> dominiert, lebendig und umh\u00fcllend, der dem Duft eine raffinierte und verf\u00fchrerische S\u00fc\u00dfe verleiht. Im Herzen verschmilzt der legend\u00e4re <strong data-start=\"2090\" data-end=\"2115\">franz\u00f6sische Lavendel<\/strong>, das Symbol der Libre-Kollektion, harmonisch mit <strong data-start=\"2165\" data-end=\"2181\">Orangenbl\u00fcte<\/strong> und schafft einen eleganten Kontrast zwischen aromatischer Frische und strahlender Weiblichkeit. Die warme und sinnliche Basis aus <strong data-start=\"2313\" data-end=\"2332\">Bourbon-Vanille<\/strong> und <strong data-start=\"2337\" data-end=\"2348\">Moschus<\/strong> hinterl\u00e4sst eine langanhaltende, intensive und zutiefst feminine Duftspur.<\/p>\n<p data-start=\"2425\" data-end=\"2694\"><strong data-start=\"2425\" data-end=\"2446\">Libre Berry Crush<\/strong> ist der ideale Duft f\u00fcr Frauen, die sich gerne abheben \u2013 perfekt f\u00fcr den Tag ebenso wie f\u00fcr den Abend. Seine fruchtig-florale Seele eignet sich besonders f\u00fcr k\u00fchlere Jahreszeiten, wirkt aber auch bei besonderen Anl\u00e4ssen \u00fcberraschend verf\u00fchrerisch.<\/p>\n<p data-start=\"2696\" data-end=\"2835\">Der ikonische Flakon von Yves Saint Laurent mit rot-violetten Reflexen verk\u00f6rpert die Leidenschaft und Energie dieses einzigartigen Duftes.<\/p>\n<p data-start=\"2837\" data-end=\"2941\"><strong data-start=\"2837\" data-end=\"2876\">YSL Libre Berry Crush Eau de Parfum<\/strong>: ein Ausdruck von Freiheit, Verlangen und moderner Weiblichkeit.<\/p>\n<p data-start=\"1384\" data-end=\"1490\">Follow us! <a href=\"https:\/\/www.instagram.com\/freeshopswiss\/\" target=\"_blank\" rel=\"noopener\">@freeshopswiss<\/a><\/p>\n","protected":false},"excerpt":{"rendered":"<p><strong data-start=\"1481\" data-end=\"1535\">Yves Saint Laurent Libre Berry Crush Eau de Parfum<\/strong> ist ein gewagter und sinnlicher Duft, der die Freiheit feiert, man selbst zu sein \u2013 mit einer unwiderstehlich gourmandigen Note.<\/p>\n","protected":false},"featured_media":39759,"comment_status":"open","ping_status":"closed","template":"","meta":[],"pwb-brand":[268],"product_brand":[],"product_cat":[84,111],"product_tag":[790,952,254,293,4349,4368,560,489,487],"class_list":{"0":"post-38997","1":"product","2":"type-product","3":"status-publish","4":"has-post-thumbnail","6":"pwb-brand-yves-saint-laurent","7":"product_cat-duefte","8":"product_cat-fur-sie-de","9":"product_tag-womens-fragrances-de","10":"product_tag-profumi-de","11":"product_tag-eau-de-parfum-de","12":"product_tag-frau","13":"product_tag-frauentag","14":"product_tag-fruehlingsspecial","15":"product_tag-neuheiten-damen","16":"product_tag-neuheiten-dufte","17":"product_tag-neuigkeiten","19":"first","20":"instock","21":"sale","22":"taxable","23":"shipping-taxable","24":"purchasable","25":"product-type-variable","26":"has-default-attributes"},"brands":[{"id":268,"name":"Yves Saint Laurent","slug":"yves-saint-laurent"}],"_links":{"self":[{"href":"https:\/\/www.freeshopfrontiera.ch\/de\/wp-json\/wp\/v2\/product\/38997","targetHints":{"allow":["GET"]}}],"collection":[{"href":"https:\/\/www.freeshopfrontiera.ch\/de\/wp-json\/wp\/v2\/product"}],"about":[{"href":"https:\/\/www.freeshopfrontiera.ch\/de\/wp-json\/wp\/v2\/types\/product"}],"replies":[{"embeddable":true,"href":"https:\/\/www.freeshopfrontiera.ch\/de\/wp-json\/wp\/v2\/comments?post=38997"}],"version-history":[{"count":2,"href":"https:\/\/www.freeshopfrontiera.ch\/de\/wp-json\/wp\/v2\/product\/38997\/revisions"}],"predecessor-version":[{"id":39005,"href":"https:\/\/www.freeshopfrontiera.ch\/de\/wp-json\/wp\/v2\/product\/38997\/revisions\/39005"}],"wp:featuredmedia":[{"embeddable":true,"href":"https:\/\/www.freeshopfrontiera.ch\/de\/wp-json\/wp\/v2\/media\/39759"}],"wp:attachment":[{"href":"https:\/\/www.freeshopfrontiera.ch\/de\/wp-json\/wp\/v2\/media?parent=38997"}],"wp:term":[{"taxonomy":"pwb-brand","embeddable":true,"href":"https:\/\/www.freeshopfrontiera.ch\/de\/wp-json\/wp\/v2\/pwb-brand?post=38997"},{"taxonomy":"product_brand","embeddable":true,"href":"https:\/\/www.freeshopfrontiera.ch\/de\/wp-json\/wp\/v2\/product_brand?post=38997"},{"taxonomy":"product_cat","embeddable":true,"href":"https:\/\/www.freeshopfrontiera.ch\/de\/wp-json\/wp\/v2\/product_cat?post=38997"},{"taxonomy":"product_tag","embeddable":true,"href":"https:\/\/www.freeshopfrontiera.ch\/de\/wp-json\/wp\/v2\/product_tag?post=38997"}],"curies":[{"name":"wp","href":"https:\/\/api.w.org\/{rel}","templated":true}]}}