{"id":39036,"date":"2026-01-03T10:56:37","date_gmt":"2026-01-03T10:56:37","guid":{"rendered":"https:\/\/www.freeshopfrontiera.ch\/shop\/giorgio-armani-set-si-eau-de-parfum-intense\/"},"modified":"2026-01-19T10:58:36","modified_gmt":"2026-01-19T10:58:36","slug":"giorgio-armani-set-si-eau-de-parfum-intense","status":"publish","type":"product","link":"https:\/\/www.freeshopfrontiera.ch\/de\/shop\/giorgio-armani-set-si-eau-de-parfum-intense\/","title":{"rendered":"GIORGIO ARMANI SET Si\u00b4 Eau de Parfum Intense"},"content":{"rendered":"<p data-start=\"1406\" data-end=\"1711\"><strong data-start=\"1406\" data-end=\"1453\">GIORGIO ARMANI S\u00ec Eau de Parfum Intense Set<\/strong> ist ein elegantes Damenset, das moderne Sinnlichkeit und die zeitlose Eleganz der Armani-Frau zelebriert. Eine perfekte Geschenkidee oder ein vollst\u00e4ndiges Sch\u00f6nheitsritual f\u00fcr alle, die sich t\u00e4glich in einen intensiven und raffinierten Duft h\u00fcllen m\u00f6chten.<\/p>\n<p data-start=\"1713\" data-end=\"2162\">Das Set enth\u00e4lt <strong data-start=\"1729\" data-end=\"1769\">S\u00ec Eau de Parfum Intense Spray 50 ml<\/strong>, erg\u00e4nzt durch ein <strong data-start=\"1789\" data-end=\"1807\">Duschgel 50 ml<\/strong> und eine <strong data-start=\"1817\" data-end=\"1838\">Body Lotion 50 ml<\/strong>, die die Duftspur auf der Haut intensivieren und verl\u00e4ngern. Der Duft er\u00f6ffnet mit leuchtenden, fruchtigen Noten, die sich zu einem sinnlichen und umh\u00fcllenden Herzen entwickeln. Die Komposition endet mit einer warmen, tiefen Basis aus Amber- und Vanillenoten, die Weiblichkeit, St\u00e4rke und Leidenschaft zum Ausdruck bringen.<\/p>\n<p data-start=\"2164\" data-end=\"2524\">Das Duftritual beginnt unter der Dusche mit dem Duschgel, setzt sich mit der samtigen Body Lotion fort und wird mit dem Eau de Parfum Intense vollendet \u2013 f\u00fcr ein harmonisches und langanhaltendes Ergebnis. <strong data-start=\"2369\" data-end=\"2398\">Giorgio Armani S\u00ec Intense<\/strong> ist der Duft f\u00fcr eine selbstbewusste, elegante und entschlossene Frau, die \u201eJa\u201c zum Leben, zur Liebe und zu sich selbst sagt.<\/p>\n<p data-start=\"2526\" data-end=\"2733\">Der bis ins kleinste Detail gestaltete Geschenkset ist ideal f\u00fcr jeden besonderen Anlass. Kaufen Sie jetzt das <strong data-start=\"2637\" data-end=\"2674\">Giorgio Armani S\u00ec EDP Intense Set<\/strong> und erleben Sie ein intensives und feminines Dufterlebnis.<\/p>\n<p data-start=\"1197\" data-end=\"1412\">Follow us! <a href=\"https:\/\/www.instagram.com\/freeshopswiss\/\" target=\"_blank\" rel=\"noopener\">@freeshopswiss<\/a><\/p>\n","protected":false},"excerpt":{"rendered":"<p><strong data-start=\"1406\" data-end=\"1453\">GIORGIO ARMANI S\u00ec Eau de Parfum Intense Set<\/strong> ist ein elegantes Damenset, das moderne Sinnlichkeit und die zeitlose Eleganz der Armani-Frau zelebriert.<\/p>\n","protected":false},"featured_media":39032,"comment_status":"open","ping_status":"closed","template":"","meta":[],"pwb-brand":[263],"product_brand":[],"product_cat":[84,111,98,105,485,4193],"product_tag":[281,952,254,293,462,560,489,487,460],"class_list":{"0":"post-39036","1":"product","2":"type-product","3":"status-publish","4":"has-post-thumbnail","6":"pwb-brand-giorgio-armani","7":"product_cat-duefte","8":"product_cat-fur-sie-de","9":"product_cat-hohepunkte","10":"product_cat-neuheit","11":"product_cat-geschenkbox","12":"product_cat-sets-aktion","13":"product_tag-bestseller-de","14":"product_tag-profumi-de","15":"product_tag-eau-de-parfum-de","16":"product_tag-frau","17":"product_tag-geschenkset-fuer-damen","18":"product_tag-neuheiten-damen","19":"product_tag-neuheiten-dufte","20":"product_tag-neuigkeiten","21":"product_tag-parfuem-geschenkset","23":"first","24":"instock","25":"sale","26":"taxable","27":"shipping-taxable","28":"purchasable","29":"product-type-simple"},"brands":[{"id":263,"name":"Giorgio Armani","slug":"giorgio-armani"}],"_links":{"self":[{"href":"https:\/\/www.freeshopfrontiera.ch\/de\/wp-json\/wp\/v2\/product\/39036","targetHints":{"allow":["GET"]}}],"collection":[{"href":"https:\/\/www.freeshopfrontiera.ch\/de\/wp-json\/wp\/v2\/product"}],"about":[{"href":"https:\/\/www.freeshopfrontiera.ch\/de\/wp-json\/wp\/v2\/types\/product"}],"replies":[{"embeddable":true,"href":"https:\/\/www.freeshopfrontiera.ch\/de\/wp-json\/wp\/v2\/comments?post=39036"}],"version-history":[{"count":1,"href":"https:\/\/www.freeshopfrontiera.ch\/de\/wp-json\/wp\/v2\/product\/39036\/revisions"}],"predecessor-version":[{"id":39038,"href":"https:\/\/www.freeshopfrontiera.ch\/de\/wp-json\/wp\/v2\/product\/39036\/revisions\/39038"}],"wp:featuredmedia":[{"embeddable":true,"href":"https:\/\/www.freeshopfrontiera.ch\/de\/wp-json\/wp\/v2\/media\/39032"}],"wp:attachment":[{"href":"https:\/\/www.freeshopfrontiera.ch\/de\/wp-json\/wp\/v2\/media?parent=39036"}],"wp:term":[{"taxonomy":"pwb-brand","embeddable":true,"href":"https:\/\/www.freeshopfrontiera.ch\/de\/wp-json\/wp\/v2\/pwb-brand?post=39036"},{"taxonomy":"product_brand","embeddable":true,"href":"https:\/\/www.freeshopfrontiera.ch\/de\/wp-json\/wp\/v2\/product_brand?post=39036"},{"taxonomy":"product_cat","embeddable":true,"href":"https:\/\/www.freeshopfrontiera.ch\/de\/wp-json\/wp\/v2\/product_cat?post=39036"},{"taxonomy":"product_tag","embeddable":true,"href":"https:\/\/www.freeshopfrontiera.ch\/de\/wp-json\/wp\/v2\/product_tag?post=39036"}],"curies":[{"name":"wp","href":"https:\/\/api.w.org\/{rel}","templated":true}]}}