{"id":39077,"date":"2026-01-20T10:00:14","date_gmt":"2026-01-20T10:00:14","guid":{"rendered":"https:\/\/www.freeshopfrontiera.ch\/shop\/narciso-rodriguez-for-him-musc-santal\/"},"modified":"2026-01-20T10:11:44","modified_gmt":"2026-01-20T10:11:44","slug":"narciso-rodriguez-for-him-musc-santal","status":"publish","type":"product","link":"https:\/\/www.freeshopfrontiera.ch\/de\/shop\/narciso-rodriguez-for-him-musc-santal\/","title":{"rendered":"NARCISO RODRIGUEZ For Him Musc Santal"},"content":{"rendered":"<p data-start=\"998\" data-end=\"1053\"><strong data-start=\"998\" data-end=\"1053\">Narciso Rodriguez For Him Musc Santal Eau de Parfum<\/strong><\/p>\n<p data-start=\"1055\" data-end=\"1362\">Narciso Rodriguez For Him Musc Santal ist ein intensiver und raffinierter Herrenduft, geschaffen f\u00fcr den Mann, der einen eleganten, sinnlichen und modernen Stil liebt. Dieses Eau de Parfum verk\u00f6rpert eine verfeinerte M\u00e4nnlichkeit durch das perfekte Gleichgewicht zwischen holziger W\u00e4rme und muschiger Tiefe.<\/p>\n<p data-start=\"1364\" data-end=\"1711\">Im Herzen der Komposition entfaltet sich der unverwechselbare Moschus, die ikonische Signatur des Hauses Narciso Rodriguez, umh\u00fcllt von cremigem Sandelholz, das dem Duft F\u00fclle, W\u00e4rme und eine umh\u00fcllende Sillage verleiht. W\u00fcrzige und ambrierte Noten bereichern die Komposition und sorgen f\u00fcr eine magnetische, intime und langanhaltende Duftwirkung.<\/p>\n<p data-start=\"1713\" data-end=\"1902\">Ideal f\u00fcr die k\u00e4lteren Jahreszeiten und f\u00fcr den Abend, ist For Him Musc Santal ein eleganter und zugleich markanter Duft \u2013 perfekt f\u00fcr M\u00e4nner, die mit Stil und Charakter \u00fcberzeugen m\u00f6chten.<\/p>\n<p data-start=\"866\" data-end=\"1054\">Follow us! <a href=\"https:\/\/www.instagram.com\/freeshopswiss\/\" target=\"_blank\" rel=\"noopener\">@freeshopswiss<\/a><\/p>\n","protected":false},"excerpt":{"rendered":"<p><strong data-start=\"262\" data-end=\"303\">Narciso Rodriguez For Him Musc Santal<\/strong> \u00e8 una fragranza maschile intensa e sofisticata, pensata per l\u2019uomo che ama uno stile elegante, sensuale e contemporaneo.<\/p>\n","protected":false},"featured_media":39059,"comment_status":"open","ping_status":"closed","template":"","meta":[],"pwb-brand":[284],"product_brand":[],"product_cat":[84,111,105],"product_tag":[281,790,952,254,293,489,487,572],"class_list":{"0":"post-39077","1":"product","2":"type-product","3":"status-publish","4":"has-post-thumbnail","6":"pwb-brand-narciso-rodriguez","7":"product_cat-duefte","8":"product_cat-fur-sie-de","9":"product_cat-neuheit","10":"product_tag-bestseller-de","11":"product_tag-womens-fragrances-de","12":"product_tag-profumi-de","13":"product_tag-eau-de-parfum-de","14":"product_tag-frau","15":"product_tag-neuheiten-dufte","16":"product_tag-neuigkeiten","17":"product_tag-novita-per-lui-de","19":"first","20":"instock","21":"sale","22":"taxable","23":"shipping-taxable","24":"purchasable","25":"product-type-variable","26":"has-default-attributes"},"brands":[{"id":284,"name":"Narciso Rodriguez","slug":"narciso-rodriguez"}],"_links":{"self":[{"href":"https:\/\/www.freeshopfrontiera.ch\/de\/wp-json\/wp\/v2\/product\/39077","targetHints":{"allow":["GET"]}}],"collection":[{"href":"https:\/\/www.freeshopfrontiera.ch\/de\/wp-json\/wp\/v2\/product"}],"about":[{"href":"https:\/\/www.freeshopfrontiera.ch\/de\/wp-json\/wp\/v2\/types\/product"}],"replies":[{"embeddable":true,"href":"https:\/\/www.freeshopfrontiera.ch\/de\/wp-json\/wp\/v2\/comments?post=39077"}],"version-history":[{"count":1,"href":"https:\/\/www.freeshopfrontiera.ch\/de\/wp-json\/wp\/v2\/product\/39077\/revisions"}],"predecessor-version":[{"id":39083,"href":"https:\/\/www.freeshopfrontiera.ch\/de\/wp-json\/wp\/v2\/product\/39077\/revisions\/39083"}],"wp:featuredmedia":[{"embeddable":true,"href":"https:\/\/www.freeshopfrontiera.ch\/de\/wp-json\/wp\/v2\/media\/39059"}],"wp:attachment":[{"href":"https:\/\/www.freeshopfrontiera.ch\/de\/wp-json\/wp\/v2\/media?parent=39077"}],"wp:term":[{"taxonomy":"pwb-brand","embeddable":true,"href":"https:\/\/www.freeshopfrontiera.ch\/de\/wp-json\/wp\/v2\/pwb-brand?post=39077"},{"taxonomy":"product_brand","embeddable":true,"href":"https:\/\/www.freeshopfrontiera.ch\/de\/wp-json\/wp\/v2\/product_brand?post=39077"},{"taxonomy":"product_cat","embeddable":true,"href":"https:\/\/www.freeshopfrontiera.ch\/de\/wp-json\/wp\/v2\/product_cat?post=39077"},{"taxonomy":"product_tag","embeddable":true,"href":"https:\/\/www.freeshopfrontiera.ch\/de\/wp-json\/wp\/v2\/product_tag?post=39077"}],"curies":[{"name":"wp","href":"https:\/\/api.w.org\/{rel}","templated":true}]}}