{"id":39113,"date":"2026-01-20T10:24:24","date_gmt":"2026-01-20T10:24:24","guid":{"rendered":"https:\/\/www.freeshopfrontiera.ch\/shop\/narciso-rodriguez-for-her-musc-blanc-eau-de-parfum-intense\/"},"modified":"2026-01-20T10:27:12","modified_gmt":"2026-01-20T10:27:12","slug":"narciso-rodriguez-for-her-musc-blanc-eau-de-parfum-intense","status":"publish","type":"product","link":"https:\/\/www.freeshopfrontiera.ch\/de\/shop\/narciso-rodriguez-for-her-musc-blanc-eau-de-parfum-intense\/","title":{"rendered":"NARCISO RODRIGUEZ For Her Musc Blanc Eau de Parfum Intense"},"content":{"rendered":"<p data-start=\"1424\" data-end=\"1839\"><strong data-start=\"1424\" data-end=\"1486\">Narciso Rodriguez For Her Musc Blanc Eau de Parfum Intense<\/strong> ist ein moderner, strahlender und raffinierter Damenduft, geschaffen f\u00fcr Frauen, die einen eleganten, sauberen und zugleich sinnlichen Duft lieben. Als Teil der ikonischen <em data-start=\"1659\" data-end=\"1668\">For Her<\/em> Linie von Narciso Rodriguez hebt diese intensive Version den charakteristischen wei\u00dfen Moschus hervor, neu interpretiert in einer noch strahlenderen und umh\u00fcllenden Form.<\/p>\n<p data-start=\"1841\" data-end=\"2223\">Die Komposition er\u00f6ffnet mit einem Akkord aus reinen, frischen Noten, veredelt durch klare Aldehyde, spritzige Bergamotte und einen zarten Hauch von Jasmin, die ein Gef\u00fchl von luftiger, raffinierter Reinheit vermitteln. Im Herzen verschmilzt der ikonische Narciso-Moschus mit sanften wei\u00dfen Bl\u00fcten und erinnert an frisch gewaschene W\u00e4sche, warm auf der Haut und intim verf\u00fchrerisch.<\/p>\n<p data-start=\"2225\" data-end=\"2538\">In der Basis verleihen Zedernholz, Amber und Vanille Tiefe und W\u00e4rme und balancieren die anf\u00e4ngliche Helligkeit mit einer reichen, langanhaltenden Sillage, die die Sinne umh\u00fcllt. Dieser Duft ist ideal f\u00fcr alle, die eine vielseitige Alltagskreation suchen, die sowohl tags\u00fcber als auch abends getragen werden kann.<\/p>\n<p data-start=\"2540\" data-end=\"2734\">Perfekt f\u00fcr Liebhaberinnen von moschusbetonten, zarten und dennoch intensiven D\u00fcften feiert <em data-start=\"2632\" data-end=\"2674\">For Her Musc Blanc Eau de Parfum Intense<\/em> die moderne Weiblichkeit mit Licht, W\u00e4rme und Sinnlichkeit.<\/p>\n<p>&nbsp;<\/p>\n<p>Follow us! <a href=\"https:\/\/www.instagram.com\/freeshopswiss\/\" target=\"_blank\" rel=\"noopener\">@freeshopswiss<\/a><\/p>\n","protected":false},"excerpt":{"rendered":"<p><strong data-start=\"1424\" data-end=\"1486\">Narciso Rodriguez For Her Musc Blanc Eau de Parfum Intense<\/strong> ist ein moderner, strahlender und raffinierter Damenduft, geschaffen f\u00fcr Frauen, die einen eleganten, sauberen und zugleich sinnlichen Duft lieben.<\/p>\n","protected":false},"featured_media":39088,"comment_status":"open","ping_status":"closed","template":"","meta":[],"pwb-brand":[284],"product_brand":[],"product_cat":[84,111,98,105],"product_tag":[790,952,254,293,4349,4368,560,489,487],"class_list":{"0":"post-39113","1":"product","2":"type-product","3":"status-publish","4":"has-post-thumbnail","6":"pwb-brand-narciso-rodriguez","7":"product_cat-duefte","8":"product_cat-fur-sie-de","9":"product_cat-hohepunkte","10":"product_cat-neuheit","11":"product_tag-womens-fragrances-de","12":"product_tag-profumi-de","13":"product_tag-eau-de-parfum-de","14":"product_tag-frau","15":"product_tag-frauentag","16":"product_tag-fruehlingsspecial","17":"product_tag-neuheiten-damen","18":"product_tag-neuheiten-dufte","19":"product_tag-neuigkeiten","21":"first","22":"instock","23":"sale","24":"taxable","25":"shipping-taxable","26":"purchasable","27":"product-type-variable","28":"has-default-attributes"},"brands":[{"id":284,"name":"Narciso Rodriguez","slug":"narciso-rodriguez"}],"_links":{"self":[{"href":"https:\/\/www.freeshopfrontiera.ch\/de\/wp-json\/wp\/v2\/product\/39113","targetHints":{"allow":["GET"]}}],"collection":[{"href":"https:\/\/www.freeshopfrontiera.ch\/de\/wp-json\/wp\/v2\/product"}],"about":[{"href":"https:\/\/www.freeshopfrontiera.ch\/de\/wp-json\/wp\/v2\/types\/product"}],"replies":[{"embeddable":true,"href":"https:\/\/www.freeshopfrontiera.ch\/de\/wp-json\/wp\/v2\/comments?post=39113"}],"version-history":[{"count":1,"href":"https:\/\/www.freeshopfrontiera.ch\/de\/wp-json\/wp\/v2\/product\/39113\/revisions"}],"predecessor-version":[{"id":39118,"href":"https:\/\/www.freeshopfrontiera.ch\/de\/wp-json\/wp\/v2\/product\/39113\/revisions\/39118"}],"wp:featuredmedia":[{"embeddable":true,"href":"https:\/\/www.freeshopfrontiera.ch\/de\/wp-json\/wp\/v2\/media\/39088"}],"wp:attachment":[{"href":"https:\/\/www.freeshopfrontiera.ch\/de\/wp-json\/wp\/v2\/media?parent=39113"}],"wp:term":[{"taxonomy":"pwb-brand","embeddable":true,"href":"https:\/\/www.freeshopfrontiera.ch\/de\/wp-json\/wp\/v2\/pwb-brand?post=39113"},{"taxonomy":"product_brand","embeddable":true,"href":"https:\/\/www.freeshopfrontiera.ch\/de\/wp-json\/wp\/v2\/product_brand?post=39113"},{"taxonomy":"product_cat","embeddable":true,"href":"https:\/\/www.freeshopfrontiera.ch\/de\/wp-json\/wp\/v2\/product_cat?post=39113"},{"taxonomy":"product_tag","embeddable":true,"href":"https:\/\/www.freeshopfrontiera.ch\/de\/wp-json\/wp\/v2\/product_tag?post=39113"}],"curies":[{"name":"wp","href":"https:\/\/api.w.org\/{rel}","templated":true}]}}