{"id":39206,"date":"2025-01-23T10:30:01","date_gmt":"2025-01-23T10:30:01","guid":{"rendered":"https:\/\/www.freeshopfrontiera.ch\/shop\/arencia-pore-melt-mochi-cleansing-oil-200ml\/"},"modified":"2026-01-23T13:30:55","modified_gmt":"2026-01-23T13:30:55","slug":"arencia-pore-melt-mochi-cleansing-oil-200ml","status":"publish","type":"product","link":"https:\/\/www.freeshopfrontiera.ch\/de\/shop\/arencia-pore-melt-mochi-cleansing-oil-200ml\/","title":{"rendered":"ARENCIA Pore Melt Mochi Cleansing Oil 200ml"},"content":{"rendered":"<p data-start=\"2534\" data-end=\"2979\">Das <strong data-start=\"2538\" data-end=\"2585\">ARENCIA Pore Melt Mochi Cleansing Oil 200ml<\/strong> ist ein innovatives Reinigungs\u00f6l, das <strong data-start=\"2624\" data-end=\"2687\">Make-up, Sonnenschutz, \u00fcbersch\u00fcssigen Talg und Unreinheiten<\/strong> effektiv entfernt, ohne das nat\u00fcrliche Gleichgewicht der Haut zu beeintr\u00e4chtigen. Die exklusive <strong data-start=\"2784\" data-end=\"2802\">\u201eMochi\u201c-Textur<\/strong> ist weich und seidig, schmilzt auf der Haut und verwandelt sich bei Kontakt mit Wasser in eine sanfte, milchige Emulsion \u2013 f\u00fcr eine gr\u00fcndliche und zugleich schonende Reinigung.<\/p>\n<p data-start=\"2981\" data-end=\"3369\">Die Formel ist angereichert mit <strong data-start=\"3013\" data-end=\"3048\">Reisaminos\u00e4uren und Reisextrakt<\/strong>, die f\u00fcr ihre feuchtigkeitsspendenden und gl\u00e4ttenden Eigenschaften bekannt sind und die Haut weich und geschmeidig halten. <strong data-start=\"3172\" data-end=\"3185\">Vitamin E<\/strong> wirkt antioxidativ, w\u00e4hrend <strong data-start=\"3214\" data-end=\"3250\">Centella Asiatica und Ceramid NP<\/strong> die Haut beruhigen und die Hautbarriere st\u00e4rken, wodurch das Reinigungs\u00f6l auch f\u00fcr <strong data-start=\"3334\" data-end=\"3355\">empfindliche Haut<\/strong> geeignet ist.<\/p>\n<p data-start=\"3371\" data-end=\"3753\">Ein botanischer Komplex aus <strong data-start=\"3399\" data-end=\"3445\">gr\u00fcnem Tee, Teebaum, Beifu\u00df und Houttuynia<\/strong> hilft, die Poren zu reinigen, Unreinheiten zu reduzieren und die nat\u00fcrliche Ausstrahlung der Haut zu verbessern. Ideal als <strong data-start=\"3569\" data-end=\"3607\">erster Schritt der Doppelreinigung<\/strong>, hinterl\u00e4sst dieses Reinigungs\u00f6l die Haut sauber, frisch, gepflegt und ohne \u00f6lige R\u00fcckst\u00e4nde \u2013 f\u00fcr t\u00e4glichen Komfort und sichtbar ges\u00fcndere Haut.<\/p>\n<p data-start=\"961\" data-end=\"1314\">Follow us! <a href=\"https:\/\/www.instagram.com\/freeshopswiss\/\" target=\"_blank\" rel=\"noopener\">@freeshopswiss<\/a><\/p>\n","protected":false},"excerpt":{"rendered":"<p>Das <strong data-start=\"2538\" data-end=\"2585\">ARENCIA Pore Melt Mochi Cleansing Oil 200ml<\/strong> ist ein innovatives Reinigungs\u00f6l, das <strong data-start=\"2624\" data-end=\"2687\">Make-up, Sonnenschutz, \u00fcbersch\u00fcssigen Talg und Unreinheiten<\/strong> effektiv entfernt, ohne das nat\u00fcrliche Gleichgewicht der Haut zu beeintr\u00e4chtigen.<\/p>\n","protected":false},"featured_media":39202,"comment_status":"open","ping_status":"closed","template":"","meta":[],"pwb-brand":[4053],"product_brand":[],"product_cat":[292,111,546,3769],"product_tag":[419,293,300,3612,560],"class_list":{"0":"post-39206","1":"product","2":"type-product","3":"status-publish","4":"has-post-thumbnail","6":"pwb-brand-arencia","7":"product_cat-behandlungen","8":"product_cat-fur-sie-de","9":"product_cat-gesichtsbehandlung","10":"product_cat-k-beauty-de","11":"product_tag-behandlungen-de","12":"product_tag-frau","13":"product_tag-gesichtsbehandlungen","14":"product_tag-k-beauty-de","15":"product_tag-neuheiten-damen","17":"first","18":"instock","19":"sale","20":"taxable","21":"shipping-taxable","22":"purchasable","23":"product-type-simple"},"brands":[{"id":4053,"name":"Arencia","slug":"arencia"}],"_links":{"self":[{"href":"https:\/\/www.freeshopfrontiera.ch\/de\/wp-json\/wp\/v2\/product\/39206","targetHints":{"allow":["GET"]}}],"collection":[{"href":"https:\/\/www.freeshopfrontiera.ch\/de\/wp-json\/wp\/v2\/product"}],"about":[{"href":"https:\/\/www.freeshopfrontiera.ch\/de\/wp-json\/wp\/v2\/types\/product"}],"replies":[{"embeddable":true,"href":"https:\/\/www.freeshopfrontiera.ch\/de\/wp-json\/wp\/v2\/comments?post=39206"}],"version-history":[{"count":2,"href":"https:\/\/www.freeshopfrontiera.ch\/de\/wp-json\/wp\/v2\/product\/39206\/revisions"}],"predecessor-version":[{"id":39211,"href":"https:\/\/www.freeshopfrontiera.ch\/de\/wp-json\/wp\/v2\/product\/39206\/revisions\/39211"}],"wp:featuredmedia":[{"embeddable":true,"href":"https:\/\/www.freeshopfrontiera.ch\/de\/wp-json\/wp\/v2\/media\/39202"}],"wp:attachment":[{"href":"https:\/\/www.freeshopfrontiera.ch\/de\/wp-json\/wp\/v2\/media?parent=39206"}],"wp:term":[{"taxonomy":"pwb-brand","embeddable":true,"href":"https:\/\/www.freeshopfrontiera.ch\/de\/wp-json\/wp\/v2\/pwb-brand?post=39206"},{"taxonomy":"product_brand","embeddable":true,"href":"https:\/\/www.freeshopfrontiera.ch\/de\/wp-json\/wp\/v2\/product_brand?post=39206"},{"taxonomy":"product_cat","embeddable":true,"href":"https:\/\/www.freeshopfrontiera.ch\/de\/wp-json\/wp\/v2\/product_cat?post=39206"},{"taxonomy":"product_tag","embeddable":true,"href":"https:\/\/www.freeshopfrontiera.ch\/de\/wp-json\/wp\/v2\/product_tag?post=39206"}],"curies":[{"name":"wp","href":"https:\/\/api.w.org\/{rel}","templated":true}]}}