{"id":39284,"date":"2025-01-26T11:34:09","date_gmt":"2025-01-26T11:34:09","guid":{"rendered":"https:\/\/www.freeshopfrontiera.ch\/shop\/hugo-boss-set-alive\/"},"modified":"2026-01-26T11:43:00","modified_gmt":"2026-01-26T11:43:00","slug":"hugo-boss-set-alive","status":"publish","type":"product","link":"https:\/\/www.freeshopfrontiera.ch\/de\/shop\/hugo-boss-set-alive\/","title":{"rendered":"HUGO BOSS SET Alive"},"content":{"rendered":"<p data-start=\"2643\" data-end=\"2708\"><strong data-start=\"2643\" data-end=\"2706\">HUGO BOSS ALIVE Eau de Parfum Set 30\u202fml + Body Lotion 50\u202fml<\/strong><\/p>\n<p data-start=\"2710\" data-end=\"3076\">Entdecken Sie den einzigartigen Charme von <strong data-start=\"2753\" data-end=\"2772\">HUGO BOSS ALIVE<\/strong>, ein Set, das die moderne Weiblichkeit mit einer perfekten Balance aus Energie, Leidenschaft und Sinnlichkeit unterstreicht. Dieses Set enth\u00e4lt das ikonische <strong data-start=\"2931\" data-end=\"2954\">Eau de Parfum 30\u202fml<\/strong> und die <strong data-start=\"2963\" data-end=\"2984\">Body Lotion 50\u202fml<\/strong>, ideal, um sie zusammen f\u00fcr ein intensives und langanhaltendes Dufterlebnis zu verwenden.<\/p>\n<p data-start=\"3078\" data-end=\"3397\">Der Duft ALIVE er\u00f6ffnet mit fruchtigen Noten von Mandarine und schwarzer Johannisbeere, gefolgt von einem floralen Herz aus Jasmin Sambac und Datura, und endet auf einer warmen Basis aus Vanille und Zedernholz. Das Ergebnis ist ein <strong data-start=\"3310\" data-end=\"3358\">lebendiger, strahlender und umh\u00fcllender Duft<\/strong>, perfekt f\u00fcr jeden Moment des Tages.<\/p>\n<p data-start=\"3399\" data-end=\"3681\">Die erg\u00e4nzende Body Lotion pflegt und spendet Feuchtigkeit, hinterl\u00e4sst die Haut weich und dezent parf\u00fcmiert und verl\u00e4ngert das Dufterlebnis. Mit elegantem Design und hochwertiger Verpackung ist das <strong data-start=\"3598\" data-end=\"3621\">HUGO BOSS ALIVE Set<\/strong> zudem ein perfektes Geschenk f\u00fcr jeden besonderen Anlass.<\/p>\n<p data-start=\"3683\" data-end=\"3932\">Ideal f\u00fcr alle, die stilvoll auffallen und eine unvergessliche Duftspur hinterlassen m\u00f6chten, vereint dieses Set <strong data-start=\"3796\" data-end=\"3837\">Sch\u00f6nheit, Eleganz und Pers\u00f6nlichkeit<\/strong>. Mit HUGO BOSS ALIVE wird jeder Tag zu einem Moment, den man voll auskosten und feiern kann.<\/p>\n<p data-start=\"1123\" data-end=\"1370\">Follow us!\u00a0 <a href=\"https:\/\/www.instagram.com\/freeshopswiss\/\" target=\"_blank\" rel=\"noopener\">@freeshopswiss<\/a><\/p>\n","protected":false},"excerpt":{"rendered":"<p>Entdecken Sie den einzigartigen Charme von <strong data-start=\"2753\" data-end=\"2772\">HUGO BOSS ALIVE<\/strong>, ein Set, das die moderne Weiblichkeit mit einer perfekten Balance aus Energie, Leidenschaft und Sinnlichkeit unterstreicht.<\/p>\n","protected":false},"featured_media":39280,"comment_status":"open","ping_status":"closed","template":"","meta":[],"pwb-brand":[260],"product_brand":[],"product_cat":[144,84,111,485,4193],"product_tag":[148,254,293,462,460],"class_list":{"0":"post-39284","1":"product","2":"type-product","3":"status-publish","4":"has-post-thumbnail","6":"pwb-brand-hugo-boss","7":"product_cat-bietet","8":"product_cat-duefte","9":"product_cat-fur-sie-de","10":"product_cat-geschenkbox","11":"product_cat-sets-aktion","12":"product_tag-angebot","13":"product_tag-eau-de-parfum-de","14":"product_tag-frau","15":"product_tag-geschenkset-fuer-damen","16":"product_tag-parfuem-geschenkset","18":"first","19":"instock","20":"sale","21":"taxable","22":"shipping-taxable","23":"purchasable","24":"product-type-simple"},"brands":[{"id":260,"name":"Hugo Boss","slug":"hugo-boss"}],"_links":{"self":[{"href":"https:\/\/www.freeshopfrontiera.ch\/de\/wp-json\/wp\/v2\/product\/39284","targetHints":{"allow":["GET"]}}],"collection":[{"href":"https:\/\/www.freeshopfrontiera.ch\/de\/wp-json\/wp\/v2\/product"}],"about":[{"href":"https:\/\/www.freeshopfrontiera.ch\/de\/wp-json\/wp\/v2\/types\/product"}],"replies":[{"embeddable":true,"href":"https:\/\/www.freeshopfrontiera.ch\/de\/wp-json\/wp\/v2\/comments?post=39284"}],"version-history":[{"count":2,"href":"https:\/\/www.freeshopfrontiera.ch\/de\/wp-json\/wp\/v2\/product\/39284\/revisions"}],"predecessor-version":[{"id":39289,"href":"https:\/\/www.freeshopfrontiera.ch\/de\/wp-json\/wp\/v2\/product\/39284\/revisions\/39289"}],"wp:featuredmedia":[{"embeddable":true,"href":"https:\/\/www.freeshopfrontiera.ch\/de\/wp-json\/wp\/v2\/media\/39280"}],"wp:attachment":[{"href":"https:\/\/www.freeshopfrontiera.ch\/de\/wp-json\/wp\/v2\/media?parent=39284"}],"wp:term":[{"taxonomy":"pwb-brand","embeddable":true,"href":"https:\/\/www.freeshopfrontiera.ch\/de\/wp-json\/wp\/v2\/pwb-brand?post=39284"},{"taxonomy":"product_brand","embeddable":true,"href":"https:\/\/www.freeshopfrontiera.ch\/de\/wp-json\/wp\/v2\/product_brand?post=39284"},{"taxonomy":"product_cat","embeddable":true,"href":"https:\/\/www.freeshopfrontiera.ch\/de\/wp-json\/wp\/v2\/product_cat?post=39284"},{"taxonomy":"product_tag","embeddable":true,"href":"https:\/\/www.freeshopfrontiera.ch\/de\/wp-json\/wp\/v2\/product_tag?post=39284"}],"curies":[{"name":"wp","href":"https:\/\/api.w.org\/{rel}","templated":true}]}}