{"id":39508,"date":"2026-01-02T11:37:44","date_gmt":"2026-01-02T11:37:44","guid":{"rendered":"https:\/\/www.freeshopfrontiera.ch\/shop\/skin1004-madagascar-centella-probio-cica-bakuchiol-eye-cream-20ml\/"},"modified":"2026-02-02T11:39:56","modified_gmt":"2026-02-02T11:39:56","slug":"skin1004-madagascar-centella-probio-cica-bakuchiol-eye-cream-20ml","status":"publish","type":"product","link":"https:\/\/www.freeshopfrontiera.ch\/de\/shop\/skin1004-madagascar-centella-probio-cica-bakuchiol-eye-cream-20ml\/","title":{"rendered":"SKIN1004 Madagascar Centella Probio-Cica Bakuchiol Eye Cream 20ml"},"content":{"rendered":"<p data-start=\"995\" data-end=\"1453\">Entdecken Sie die <strong data-start=\"1013\" data-end=\"1082\">SKIN1004 Madagascar Centella Probio-Cica Bakuchiol Eye Cream 20ml<\/strong>, entwickelt, um die empfindliche Augenpartie <strong data-start=\"1128\" data-end=\"1188\">zu hydratisieren, zu beruhigen und sanft zu regenerieren<\/strong>. Angereichert mit <strong data-start=\"1207\" data-end=\"1243\">Centella Asiatica aus Madagaskar<\/strong>, bekannt f\u00fcr ihre beruhigenden und regenerierenden Eigenschaften, hilft diese Augencreme, <strong data-start=\"1334\" data-end=\"1404\">Schwellungen, Augenringe und M\u00fcdigkeitserscheinungen zu reduzieren<\/strong> und schenkt einen strahlenden, erholten Blick.<\/p>\n<p data-start=\"1455\" data-end=\"1700\">Die Formel enth\u00e4lt <strong data-start=\"1474\" data-end=\"1487\">Bakuchiol<\/strong>, eine nat\u00fcrliche Alternative zu Retinol, das die Zellregeneration f\u00f6rdert, ohne die empfindliche Augenpartie zu reizen, sowie <strong data-start=\"1614\" data-end=\"1628\">Probiotika<\/strong>, um die Hautbarriere zu st\u00e4rken und vor Umwelteinfl\u00fcssen zu sch\u00fctzen.<\/p>\n<p data-start=\"1702\" data-end=\"1919\">Leicht, sanft und schnell einziehend ist die <strong data-start=\"1747\" data-end=\"1782\">Probio-Cica Bakuchiol Eye Cream<\/strong> f\u00fcr alle Hauttypen geeignet, auch f\u00fcr empfindliche Haut, und kann <strong data-start=\"1849\" data-end=\"1871\">morgens und abends<\/strong> in die t\u00e4gliche Hautpflege integriert werden.<\/p>\n<p data-start=\"1009\" data-end=\"1250\">Follow us!\u00a0 <a href=\"https:\/\/www.instagram.com\/freeshopswiss\/\" target=\"_blank\" rel=\"noopener\">@freeshopswiss<\/a><\/p>\n","protected":false},"excerpt":{"rendered":"<p>Entdecken Sie die <strong data-start=\"1013\" data-end=\"1082\">SKIN1004 Madagascar Centella Probio-Cica Bakuchiol Eye Cream 20ml<\/strong>, entwickelt, um die empfindliche Augenpartie <strong data-start=\"1128\" data-end=\"1188\">zu hydratisieren, zu beruhigen und sanft zu regenerieren<\/strong>.<\/p>\n","protected":false},"featured_media":39503,"comment_status":"open","ping_status":"closed","template":"","meta":[],"pwb-brand":[985],"product_brand":[],"product_cat":[292,546,3769],"product_tag":[478,419,293,3612],"class_list":{"0":"post-39508","1":"product","2":"type-product","3":"status-publish","4":"has-post-thumbnail","6":"pwb-brand-skin-1004","7":"product_cat-behandlungen","8":"product_cat-gesichtsbehandlung","9":"product_cat-k-beauty-de","10":"product_tag-augenbehandlungen","11":"product_tag-behandlungen-de","12":"product_tag-frau","13":"product_tag-k-beauty-de","15":"first","16":"instock","17":"sale","18":"taxable","19":"shipping-taxable","20":"purchasable","21":"product-type-simple"},"brands":[{"id":985,"name":"Skin 1004","slug":"skin-1004"}],"_links":{"self":[{"href":"https:\/\/www.freeshopfrontiera.ch\/de\/wp-json\/wp\/v2\/product\/39508","targetHints":{"allow":["GET"]}}],"collection":[{"href":"https:\/\/www.freeshopfrontiera.ch\/de\/wp-json\/wp\/v2\/product"}],"about":[{"href":"https:\/\/www.freeshopfrontiera.ch\/de\/wp-json\/wp\/v2\/types\/product"}],"replies":[{"embeddable":true,"href":"https:\/\/www.freeshopfrontiera.ch\/de\/wp-json\/wp\/v2\/comments?post=39508"}],"version-history":[{"count":1,"href":"https:\/\/www.freeshopfrontiera.ch\/de\/wp-json\/wp\/v2\/product\/39508\/revisions"}],"predecessor-version":[{"id":39510,"href":"https:\/\/www.freeshopfrontiera.ch\/de\/wp-json\/wp\/v2\/product\/39508\/revisions\/39510"}],"wp:featuredmedia":[{"embeddable":true,"href":"https:\/\/www.freeshopfrontiera.ch\/de\/wp-json\/wp\/v2\/media\/39503"}],"wp:attachment":[{"href":"https:\/\/www.freeshopfrontiera.ch\/de\/wp-json\/wp\/v2\/media?parent=39508"}],"wp:term":[{"taxonomy":"pwb-brand","embeddable":true,"href":"https:\/\/www.freeshopfrontiera.ch\/de\/wp-json\/wp\/v2\/pwb-brand?post=39508"},{"taxonomy":"product_brand","embeddable":true,"href":"https:\/\/www.freeshopfrontiera.ch\/de\/wp-json\/wp\/v2\/product_brand?post=39508"},{"taxonomy":"product_cat","embeddable":true,"href":"https:\/\/www.freeshopfrontiera.ch\/de\/wp-json\/wp\/v2\/product_cat?post=39508"},{"taxonomy":"product_tag","embeddable":true,"href":"https:\/\/www.freeshopfrontiera.ch\/de\/wp-json\/wp\/v2\/product_tag?post=39508"}],"curies":[{"name":"wp","href":"https:\/\/api.w.org\/{rel}","templated":true}]}}