{"id":39590,"date":"2025-02-09T08:56:06","date_gmt":"2025-02-09T08:56:06","guid":{"rendered":"https:\/\/www.freeshopfrontiera.ch\/shop\/lattafa-yara-elixir-eau-de-parfum-100ml\/"},"modified":"2026-02-09T09:06:42","modified_gmt":"2026-02-09T09:06:42","slug":"lattafa-yara-elixir-eau-de-parfum-100ml","status":"publish","type":"product","link":"https:\/\/www.freeshopfrontiera.ch\/de\/shop\/lattafa-yara-elixir-eau-de-parfum-100ml\/","title":{"rendered":"LATTAFA Yara Elixir Eau de Parfum 100ml"},"content":{"rendered":"<p data-start=\"1233\" data-end=\"1586\"><strong>Lattafa Yara Elixir Eau de Parfum 100<\/strong> ml ist ein intensiver, sinnlicher und umh\u00fcllender Damenduft, der f\u00fcr alle gedacht ist, die s\u00fc\u00dfe, aber zugleich raffinierte Parfums lieben. Diese Elixir-Version der bekannten Yara-Linie zeigt einen tieferen und magnetischeren Charakter, ideal, um bei jeder Gelegenheit einen bleibenden Eindruck zu hinterlassen.<\/p>\n<p data-start=\"1588\" data-end=\"2028\">Der Auftakt ist weich und cremig, mit s\u00fc\u00dfen Gourmand-Noten, die sofort die Sinne einfangen und eine warme, unwiderstehliche Wirkung erzeugen. Im Herzen entfalten sich samtige, elegante und feminine florale Akkorde, die der Komposition Balance und Raffinesse verleihen. Die Basis ist reichhaltig und langanhaltend, dank Noten von Vanille, Moschus und amberartigen Nuancen, die die Haut mit einer sinnlichen und anhaltenden Duftspur umh\u00fcllen.<\/p>\n<p data-start=\"2030\" data-end=\"2268\">Yara Elixir ist ein perfekter Duft f\u00fcr die k\u00e4lteren Jahreszeiten, eignet sich aber auch hervorragend f\u00fcr besondere Abende das ganze Jahr \u00fcber. Die hohe Eau-de-Parfum-Konzentration garantiert eine ausgezeichnete Haltbarkeit und Projektion.<\/p>\n<p data-start=\"2270\" data-end=\"2496\">Der elegante 100-ml-Flakon spiegelt die luxuri\u00f6se Seele des Duftes perfekt wider. Lattafa Yara Elixir ist die ideale Wahl f\u00fcr eine selbstbewusste Frau, die mit einem s\u00fc\u00dfen, intensiven und verf\u00fchrerischen Stil auffallen m\u00f6chte.<\/p>\n<p data-start=\"1128\" data-end=\"1362\">Follow us!\u00a0 <a href=\"https:\/\/www.instagram.com\/freeshopswiss\/\" target=\"_blank\" rel=\"noopener\">@freeshopswiss<\/a><\/p>\n","protected":false},"excerpt":{"rendered":"<p><strong>Lattafa Yara Elixir Eau de Parfum 100<\/strong> ml ist ein intensiver, sinnlicher und umh\u00fcllender Damenduft, der f\u00fcr alle gedacht ist, die s\u00fc\u00dfe, aber zugleich raffinierte Parfums lieben.<\/p>\n","protected":false},"featured_media":39585,"comment_status":"open","ping_status":"closed","template":"","meta":[],"pwb-brand":[772],"product_brand":[],"product_cat":[84,111],"product_tag":[952,254,293,4349],"class_list":{"0":"post-39590","1":"product","2":"type-product","3":"status-publish","4":"has-post-thumbnail","6":"pwb-brand-lattafa","7":"product_cat-duefte","8":"product_cat-fur-sie-de","9":"product_tag-profumi-de","10":"product_tag-eau-de-parfum-de","11":"product_tag-frau","12":"product_tag-frauentag","14":"first","15":"outofstock","16":"sale","17":"taxable","18":"shipping-taxable","19":"purchasable","20":"product-type-simple"},"brands":[{"id":772,"name":"Lattafa","slug":"lattafa"}],"_links":{"self":[{"href":"https:\/\/www.freeshopfrontiera.ch\/de\/wp-json\/wp\/v2\/product\/39590","targetHints":{"allow":["GET"]}}],"collection":[{"href":"https:\/\/www.freeshopfrontiera.ch\/de\/wp-json\/wp\/v2\/product"}],"about":[{"href":"https:\/\/www.freeshopfrontiera.ch\/de\/wp-json\/wp\/v2\/types\/product"}],"replies":[{"embeddable":true,"href":"https:\/\/www.freeshopfrontiera.ch\/de\/wp-json\/wp\/v2\/comments?post=39590"}],"version-history":[{"count":2,"href":"https:\/\/www.freeshopfrontiera.ch\/de\/wp-json\/wp\/v2\/product\/39590\/revisions"}],"predecessor-version":[{"id":39595,"href":"https:\/\/www.freeshopfrontiera.ch\/de\/wp-json\/wp\/v2\/product\/39590\/revisions\/39595"}],"wp:featuredmedia":[{"embeddable":true,"href":"https:\/\/www.freeshopfrontiera.ch\/de\/wp-json\/wp\/v2\/media\/39585"}],"wp:attachment":[{"href":"https:\/\/www.freeshopfrontiera.ch\/de\/wp-json\/wp\/v2\/media?parent=39590"}],"wp:term":[{"taxonomy":"pwb-brand","embeddable":true,"href":"https:\/\/www.freeshopfrontiera.ch\/de\/wp-json\/wp\/v2\/pwb-brand?post=39590"},{"taxonomy":"product_brand","embeddable":true,"href":"https:\/\/www.freeshopfrontiera.ch\/de\/wp-json\/wp\/v2\/product_brand?post=39590"},{"taxonomy":"product_cat","embeddable":true,"href":"https:\/\/www.freeshopfrontiera.ch\/de\/wp-json\/wp\/v2\/product_cat?post=39590"},{"taxonomy":"product_tag","embeddable":true,"href":"https:\/\/www.freeshopfrontiera.ch\/de\/wp-json\/wp\/v2\/product_tag?post=39590"}],"curies":[{"name":"wp","href":"https:\/\/api.w.org\/{rel}","templated":true}]}}