{"id":39810,"date":"2025-02-11T11:14:58","date_gmt":"2025-02-11T11:14:58","guid":{"rendered":"https:\/\/www.freeshopfrontiera.ch\/shop\/abercrombiefitch-away-tonight-homme-30ml\/"},"modified":"2026-02-11T11:19:26","modified_gmt":"2026-02-11T11:19:26","slug":"abercrombiefitch-away-tonight-homme-30ml","status":"publish","type":"product","link":"https:\/\/www.freeshopfrontiera.ch\/de\/shop\/abercrombiefitch-away-tonight-homme-30ml\/","title":{"rendered":"ABERCROMBIE&#038;FITCH Away Tonight Homme 30ml"},"content":{"rendered":"<p>Abercrombie &amp; Fitch Away Tonight Homme Eau de Toilette Vapo 30 ml ist ein moderner und dynamischer Herrenduft, der die Energie und die elektrisierende Atmosph\u00e4re eines Abends mit Freunden einf\u00e4ngt. Die Duftkomposition geh\u00f6rt zur aromatisch-holzigen Duftfamilie und er\u00f6ffnet mit frischen, spritzigen Noten von Bergamotte und rosa Grapefruit, verfeinert durch eine w\u00fcrzige Nuance von rosa Pfeffer, die dem Duft von Beginn an Charakter verleiht.<\/p>\n<p>Im Herzen entfaltet sich eine intensivere und raffinierte Facette mit Vetiver und Geranie, die Eleganz und Tiefe mit gr\u00fcnen, leicht erdigen Akzenten hinzuf\u00fcgen. Die Basisnoten aus Sandelholz, Zedernholz und Patchouli sorgen f\u00fcr W\u00e4rme, Sinnlichkeit und eine ausgewogene, anhaltende Pr\u00e4senz. Das Ergebnis ist ein vielseitiger Duft, besonders geeignet f\u00fcr den Abend und mildere Jahreszeiten, der Selbstbewusstsein, Spontaneit\u00e4t und modernen Charme ausstrahlt. Das 30-ml-Format ist praktisch und ideal f\u00fcr unterwegs. Away Tonight Homme ist die perfekte Wahl f\u00fcr M\u00e4nner, die den Moment stilvoll genie\u00dfen.<\/p>\n<p>&nbsp;<\/p>\n<p>Follow us!\u00a0 <a href=\"https:\/\/www.instagram.com\/freeshopswiss\/\" target=\"_blank\" rel=\"noopener\">@freeshopswiss<\/a><\/p>\n","protected":false},"excerpt":{"rendered":"<p>Abercrombie &amp; Fitch Away Tonight Homme Eau de Toilette Vapo 30 ml ist ein moderner und dynamischer Herrenduft, der die Energie und die elektrisierende Atmosph\u00e4re eines Abends mit Freunden einf\u00e4ngt.<\/p>\n","protected":false},"featured_media":39805,"comment_status":"open","ping_status":"closed","template":"","meta":[],"pwb-brand":[288],"product_brand":[],"product_cat":[86,4196],"product_tag":[147,4368,953,1642],"class_list":{"0":"post-39810","1":"product","2":"type-product","3":"status-publish","4":"has-post-thumbnail","6":"pwb-brand-abercrombiefitch","7":"product_cat-fur-ihn-de","8":"product_cat-dufte-aktion","9":"product_tag-eau-de-toilette-de","10":"product_tag-fruehlingsspecial","11":"product_tag-uomo-de","12":"product_tag-mens-fragrances-de","14":"first","15":"instock","16":"sale","17":"taxable","18":"shipping-taxable","19":"purchasable","20":"product-type-simple"},"brands":[{"id":288,"name":"Abercrombie&amp;Fitch","slug":"abercrombiefitch"}],"_links":{"self":[{"href":"https:\/\/www.freeshopfrontiera.ch\/de\/wp-json\/wp\/v2\/product\/39810","targetHints":{"allow":["GET"]}}],"collection":[{"href":"https:\/\/www.freeshopfrontiera.ch\/de\/wp-json\/wp\/v2\/product"}],"about":[{"href":"https:\/\/www.freeshopfrontiera.ch\/de\/wp-json\/wp\/v2\/types\/product"}],"replies":[{"embeddable":true,"href":"https:\/\/www.freeshopfrontiera.ch\/de\/wp-json\/wp\/v2\/comments?post=39810"}],"version-history":[{"count":2,"href":"https:\/\/www.freeshopfrontiera.ch\/de\/wp-json\/wp\/v2\/product\/39810\/revisions"}],"predecessor-version":[{"id":39816,"href":"https:\/\/www.freeshopfrontiera.ch\/de\/wp-json\/wp\/v2\/product\/39810\/revisions\/39816"}],"wp:featuredmedia":[{"embeddable":true,"href":"https:\/\/www.freeshopfrontiera.ch\/de\/wp-json\/wp\/v2\/media\/39805"}],"wp:attachment":[{"href":"https:\/\/www.freeshopfrontiera.ch\/de\/wp-json\/wp\/v2\/media?parent=39810"}],"wp:term":[{"taxonomy":"pwb-brand","embeddable":true,"href":"https:\/\/www.freeshopfrontiera.ch\/de\/wp-json\/wp\/v2\/pwb-brand?post=39810"},{"taxonomy":"product_brand","embeddable":true,"href":"https:\/\/www.freeshopfrontiera.ch\/de\/wp-json\/wp\/v2\/product_brand?post=39810"},{"taxonomy":"product_cat","embeddable":true,"href":"https:\/\/www.freeshopfrontiera.ch\/de\/wp-json\/wp\/v2\/product_cat?post=39810"},{"taxonomy":"product_tag","embeddable":true,"href":"https:\/\/www.freeshopfrontiera.ch\/de\/wp-json\/wp\/v2\/product_tag?post=39810"}],"curies":[{"name":"wp","href":"https:\/\/api.w.org\/{rel}","templated":true}]}}