{"id":39929,"date":"2026-01-02T12:51:11","date_gmt":"2026-01-02T12:51:11","guid":{"rendered":"https:\/\/www.freeshopfrontiera.ch\/shop\/ahmed-al-maghribi-marj-60ml\/"},"modified":"2026-02-16T12:55:25","modified_gmt":"2026-02-16T12:55:25","slug":"ahmed-al-maghribi-marj-60ml","status":"publish","type":"product","link":"https:\/\/www.freeshopfrontiera.ch\/de\/shop\/ahmed-al-maghribi-marj-60ml\/","title":{"rendered":"AHMED AL MAGHRIBI Marj 60ml"},"content":{"rendered":"<p data-start=\"3342\" data-end=\"3688\"><strong data-start=\"3342\" data-end=\"3393\">AHMED AL MAGHRIBI Marj Eau de Parfum Vapo 60\u202fml<\/strong> ist ein intensiver, raffinierter orientalischer Duft, der f\u00fcr alle geschaffen wurde, die einen bleibenden Eindruck hinterlassen m\u00f6chten. Der Auftakt ist lebendig und fesselnd, mit <strong data-start=\"3574\" data-end=\"3643\">Bergamotte, Mandarine, rosa Pfeffer, Elemi, Muskat, Honig und Oud<\/strong>, die einen magnetischen Einstieg schaffen.<\/p>\n<p data-start=\"3690\" data-end=\"3914\">Im Herzen verschmelzen <strong data-start=\"3713\" data-end=\"3753\">Patchouli, Cashmere-Holz und Vetiver<\/strong> mit einem blumigen Bouquet aus <strong data-start=\"3785\" data-end=\"3818\">Rose, Jasmin und Orangenbl\u00fcte<\/strong>, erg\u00e4nzt durch warme Gew\u00fcrze wie <strong data-start=\"3852\" data-end=\"3871\">Safran und Zimt<\/strong>, und verleihen Tiefe, Eleganz und W\u00e4rme.<\/p>\n<p data-start=\"3916\" data-end=\"4170\">Die Basis ist reichhaltig und langanhaltend, mit <strong data-start=\"3965\" data-end=\"4063\">Moschus, Amber, Sandelholz, Leder, roten Fr\u00fcchten wie Himbeere und Birne, Vetiver und Veilchen<\/strong>, verfeinert durch Akzente von <strong data-start=\"4094\" data-end=\"4111\">Oud und Amber<\/strong>, die einen unvergesslichen, eleganten Duft hinterlassen.<\/p>\n<p data-start=\"4172\" data-end=\"4409\">Dieser Unisex-Duft eignet sich perfekt f\u00fcr besondere Abende, elegante Anl\u00e4sse oder Momente, in denen man auffallen m\u00f6chte. <strong data-start=\"4295\" data-end=\"4303\">Marj<\/strong> verbindet orientalische Tradition mit moderner Kreativit\u00e4t zu einem luxuri\u00f6sen olfaktorischen Erlebnis.<\/p>\n<p data-start=\"1035\" data-end=\"1255\">Follow us!\u00a0 <a href=\"https:\/\/www.instagram.com\/freeshopswiss\/\" target=\"_blank\" rel=\"noopener\">@freeshopswiss<\/a><\/p>\n","protected":false},"excerpt":{"rendered":"<p><strong data-start=\"3342\" data-end=\"3393\">AHMED AL MAGHRIBI Marj Eau de Parfum Vapo 60\u202fml<\/strong> ist ein intensiver, raffinierter orientalischer Duft, der f\u00fcr alle geschaffen wurde, die einen bleibenden Eindruck hinterlassen m\u00f6chten.<\/p>\n","protected":false},"featured_media":39923,"comment_status":"open","ping_status":"closed","template":"","meta":[],"pwb-brand":[4229],"product_brand":[],"product_cat":[84,86,111],"product_tag":[790,952,254,293,953,1642,595],"class_list":{"0":"post-39929","1":"product","2":"type-product","3":"status-publish","4":"has-post-thumbnail","6":"pwb-brand-ahmed-al-maghribi","7":"product_cat-duefte","8":"product_cat-fur-ihn-de","9":"product_cat-fur-sie-de","10":"product_tag-womens-fragrances-de","11":"product_tag-profumi-de","12":"product_tag-eau-de-parfum-de","13":"product_tag-frau","14":"product_tag-uomo-de","15":"product_tag-mens-fragrances-de","16":"product_tag-unisex-de-2","18":"first","19":"instock","20":"sale","21":"taxable","22":"shipping-taxable","23":"purchasable","24":"product-type-simple"},"brands":[{"id":4229,"name":"AHMED AL MAGHRIBI","slug":"ahmed-al-maghribi"}],"_links":{"self":[{"href":"https:\/\/www.freeshopfrontiera.ch\/de\/wp-json\/wp\/v2\/product\/39929","targetHints":{"allow":["GET"]}}],"collection":[{"href":"https:\/\/www.freeshopfrontiera.ch\/de\/wp-json\/wp\/v2\/product"}],"about":[{"href":"https:\/\/www.freeshopfrontiera.ch\/de\/wp-json\/wp\/v2\/types\/product"}],"replies":[{"embeddable":true,"href":"https:\/\/www.freeshopfrontiera.ch\/de\/wp-json\/wp\/v2\/comments?post=39929"}],"version-history":[{"count":1,"href":"https:\/\/www.freeshopfrontiera.ch\/de\/wp-json\/wp\/v2\/product\/39929\/revisions"}],"predecessor-version":[{"id":39932,"href":"https:\/\/www.freeshopfrontiera.ch\/de\/wp-json\/wp\/v2\/product\/39929\/revisions\/39932"}],"wp:featuredmedia":[{"embeddable":true,"href":"https:\/\/www.freeshopfrontiera.ch\/de\/wp-json\/wp\/v2\/media\/39923"}],"wp:attachment":[{"href":"https:\/\/www.freeshopfrontiera.ch\/de\/wp-json\/wp\/v2\/media?parent=39929"}],"wp:term":[{"taxonomy":"pwb-brand","embeddable":true,"href":"https:\/\/www.freeshopfrontiera.ch\/de\/wp-json\/wp\/v2\/pwb-brand?post=39929"},{"taxonomy":"product_brand","embeddable":true,"href":"https:\/\/www.freeshopfrontiera.ch\/de\/wp-json\/wp\/v2\/product_brand?post=39929"},{"taxonomy":"product_cat","embeddable":true,"href":"https:\/\/www.freeshopfrontiera.ch\/de\/wp-json\/wp\/v2\/product_cat?post=39929"},{"taxonomy":"product_tag","embeddable":true,"href":"https:\/\/www.freeshopfrontiera.ch\/de\/wp-json\/wp\/v2\/product_tag?post=39929"}],"curies":[{"name":"wp","href":"https:\/\/api.w.org\/{rel}","templated":true}]}}