{"id":39979,"date":"2026-01-02T11:07:37","date_gmt":"2026-01-02T11:07:37","guid":{"rendered":"https:\/\/www.freeshopfrontiera.ch\/shop\/ahmed-al-maghribi-ruby-eau-de-parfum-100ml\/"},"modified":"2026-02-17T11:14:17","modified_gmt":"2026-02-17T11:14:17","slug":"ahmed-al-maghribi-ruby-eau-de-parfum-100ml","status":"publish","type":"product","link":"https:\/\/www.freeshopfrontiera.ch\/de\/shop\/ahmed-al-maghribi-ruby-eau-de-parfum-100ml\/","title":{"rendered":"AHMED AL MAGHRIBI Ruby Eau de Parfum 100ml"},"content":{"rendered":"<p data-start=\"2607\" data-end=\"2913\"><strong data-start=\"2607\" data-end=\"2653\">AHMED AL MAGHRIBI Ruby Eau de Parfum 100ml<\/strong> ist ein kostbares und verf\u00fchrerisches Parfum f\u00fcr die elegante und selbstbewusste Frau. Dieser raffinierte Duft vereint die Leidenschaft und Raffinesse orientalischer Parfums mit weiblichen, umh\u00fcllenden Noten, die einen unvergesslichen Eindruck hinterlassen.<\/p>\n<p data-start=\"2915\" data-end=\"3344\">Die <strong data-start=\"2919\" data-end=\"2932\">Kopfnoten<\/strong> er\u00f6ffnen frisch und fruchtig, wecken die Sinne und ziehen sofort Aufmerksamkeit auf sich. Das <strong data-start=\"3027\" data-end=\"3035\">Herz<\/strong> offenbart wei\u00dfe Bl\u00fcten und feine Gew\u00fcrze, die Eleganz und Tiefe verleihen, w\u00e4hrend edles Holz und Oud W\u00e4rme und eine Hauch von geheimnisvoller Raffinesse bieten. Die <strong data-start=\"3202\" data-end=\"3216\">Basisnoten<\/strong> von Moschus, Amber und Patchouli runden die Komposition ab und hinterlassen eine sinnliche, langanhaltende Spur auf der Haut.<\/p>\n<p data-start=\"3346\" data-end=\"3655\">Der 100ml-Flakon ist elegant und stilvoll gestaltet und spiegelt den dezenten Luxus des Duftes wider \u2013 gleichzeitig ein sch\u00f6nes Objekt f\u00fcr das Schminktischdisplay. <strong data-start=\"3510\" data-end=\"3518\">Ruby<\/strong> ist nicht nur ein Parfum, sondern ein sinnliches Erlebnis, das die Tr\u00e4gerin den ganzen Tag \u00fcber mit Charme und Ausstrahlung begleitet.<\/p>\n<p data-start=\"3657\" data-end=\"3853\">Ideal als exklusives Geschenk oder t\u00e4glicher Begleiter, unterstreicht dieses Eau de Parfum Pers\u00f6nlichkeit und feminine Eleganz und verwandelt jeden Moment in ein unvergessliches, edles Erlebnis.<\/p>\n<p data-start=\"1198\" data-end=\"1381\">Follow us!\u00a0 <a href=\"https:\/\/www.instagram.com\/freeshopswiss\/\" target=\"_blank\" rel=\"noopener\">@freeshopswiss<\/a><\/p>\n","protected":false},"excerpt":{"rendered":"<p><strong data-start=\"2607\" data-end=\"2653\">AHMED AL MAGHRIBI Ruby Eau de Parfum 100ml<\/strong> ist ein kostbares und verf\u00fchrerisches Parfum f\u00fcr die elegante und selbstbewusste Frau.<\/p>\n","protected":false},"featured_media":39974,"comment_status":"open","ping_status":"closed","template":"","meta":[],"pwb-brand":[4229],"product_brand":[],"product_cat":[84,111,4196],"product_tag":[790,952,254,293],"class_list":{"0":"post-39979","1":"product","2":"type-product","3":"status-publish","4":"has-post-thumbnail","6":"pwb-brand-ahmed-al-maghribi","7":"product_cat-duefte","8":"product_cat-fur-sie-de","9":"product_cat-dufte-aktion","10":"product_tag-womens-fragrances-de","11":"product_tag-profumi-de","12":"product_tag-eau-de-parfum-de","13":"product_tag-frau","15":"first","16":"instock","17":"sale","18":"taxable","19":"shipping-taxable","20":"purchasable","21":"product-type-simple"},"brands":[{"id":4229,"name":"AHMED AL MAGHRIBI","slug":"ahmed-al-maghribi"}],"_links":{"self":[{"href":"https:\/\/www.freeshopfrontiera.ch\/de\/wp-json\/wp\/v2\/product\/39979","targetHints":{"allow":["GET"]}}],"collection":[{"href":"https:\/\/www.freeshopfrontiera.ch\/de\/wp-json\/wp\/v2\/product"}],"about":[{"href":"https:\/\/www.freeshopfrontiera.ch\/de\/wp-json\/wp\/v2\/types\/product"}],"replies":[{"embeddable":true,"href":"https:\/\/www.freeshopfrontiera.ch\/de\/wp-json\/wp\/v2\/comments?post=39979"}],"version-history":[{"count":2,"href":"https:\/\/www.freeshopfrontiera.ch\/de\/wp-json\/wp\/v2\/product\/39979\/revisions"}],"predecessor-version":[{"id":39983,"href":"https:\/\/www.freeshopfrontiera.ch\/de\/wp-json\/wp\/v2\/product\/39979\/revisions\/39983"}],"wp:featuredmedia":[{"embeddable":true,"href":"https:\/\/www.freeshopfrontiera.ch\/de\/wp-json\/wp\/v2\/media\/39974"}],"wp:attachment":[{"href":"https:\/\/www.freeshopfrontiera.ch\/de\/wp-json\/wp\/v2\/media?parent=39979"}],"wp:term":[{"taxonomy":"pwb-brand","embeddable":true,"href":"https:\/\/www.freeshopfrontiera.ch\/de\/wp-json\/wp\/v2\/pwb-brand?post=39979"},{"taxonomy":"product_brand","embeddable":true,"href":"https:\/\/www.freeshopfrontiera.ch\/de\/wp-json\/wp\/v2\/product_brand?post=39979"},{"taxonomy":"product_cat","embeddable":true,"href":"https:\/\/www.freeshopfrontiera.ch\/de\/wp-json\/wp\/v2\/product_cat?post=39979"},{"taxonomy":"product_tag","embeddable":true,"href":"https:\/\/www.freeshopfrontiera.ch\/de\/wp-json\/wp\/v2\/product_tag?post=39979"}],"curies":[{"name":"wp","href":"https:\/\/api.w.org\/{rel}","templated":true}]}}