{"id":40011,"date":"2026-01-01T11:59:29","date_gmt":"2026-01-01T11:59:29","guid":{"rendered":"https:\/\/www.freeshopfrontiera.ch\/shop\/ahmed-al-maghribi-xtasy-eau-de-parfum-100ml\/"},"modified":"2026-02-17T12:03:15","modified_gmt":"2026-02-17T12:03:15","slug":"ahmed-al-maghribi-xtasy-eau-de-parfum-100ml","status":"publish","type":"product","link":"https:\/\/www.freeshopfrontiera.ch\/de\/shop\/ahmed-al-maghribi-xtasy-eau-de-parfum-100ml\/","title":{"rendered":"AHMED AL MAGHRIBI Xtasy Eau de Parfum 100ml"},"content":{"rendered":"<p data-start=\"2500\" data-end=\"2772\"><strong data-start=\"2500\" data-end=\"2547\">AHMED AL MAGHRIBI Xtasy Eau de Parfum 100ml<\/strong> ist ein intensiver und verf\u00fchrerischer Duft f\u00fcr die mutige und anspruchsvolle Frau. Dieses Parfum verbindet florale und orientalische Noten mit sinnlichen Akzenten und schafft ein umh\u00fcllendes, unvergessliches Dufterlebnis.<\/p>\n<p data-start=\"2774\" data-end=\"3173\">Die <strong data-start=\"2778\" data-end=\"2791\">Kopfnoten<\/strong> er\u00f6ffnen hell und fruchtig und ziehen sofort Aufmerksamkeit auf sich. Das <strong data-start=\"2866\" data-end=\"2874\">Herz<\/strong> offenbart wei\u00dfe Blumen und feine Gew\u00fcrze, harmonisiert mit edlen H\u00f6lzern und Oud, die Tiefe, W\u00e4rme und eine geheimnisvolle Aura verleihen. Die <strong data-start=\"3018\" data-end=\"3032\">Basisnoten<\/strong> von Amber, Moschus und Patchouli runden die Komposition ab und hinterlassen eine langanhaltende, elegante und sinnliche Spur auf der Haut.<\/p>\n<p data-start=\"3175\" data-end=\"3474\">Der 100ml-Flakon mit eleganten, modernen Linien spiegelt den diskreten Luxus des Duftes wider und ist ein stilvolles Objekt f\u00fcr das Schminktischdisplay. <strong data-start=\"3328\" data-end=\"3337\">Xtasy<\/strong> ist nicht nur ein Parfum, sondern ein sinnliches Erlebnis, das die Tr\u00e4gerin den ganzen Tag \u00fcber mit Charme und Ausstrahlung begleitet.<\/p>\n<p data-start=\"3476\" data-end=\"3693\">Perfekt als exklusives Geschenk oder t\u00e4glicher Begleiter unterstreicht dieses Eau de Parfum Weiblichkeit und Pers\u00f6nlichkeit und verwandelt jeden Moment in einen besonderen, unvergesslichen und charmanten Augenblick.<\/p>\n<p data-start=\"1109\" data-end=\"1312\">Follow us!\u00a0 <a href=\"https:\/\/www.instagram.com\/freeshopswiss\/\" target=\"_blank\" rel=\"noopener\">@freeshopswiss<\/a><\/p>\n","protected":false},"excerpt":{"rendered":"<p><strong data-start=\"2500\" data-end=\"2547\">AHMED AL MAGHRIBI Xtasy Eau de Parfum 100ml<\/strong> ist ein intensiver und verf\u00fchrerischer Duft f\u00fcr die mutige und anspruchsvolle Frau.<\/p>\n","protected":false},"featured_media":40006,"comment_status":"open","ping_status":"closed","template":"","meta":[],"pwb-brand":[4229],"product_brand":[],"product_cat":[84,111],"product_tag":[790,952,254,293],"class_list":{"0":"post-40011","1":"product","2":"type-product","3":"status-publish","4":"has-post-thumbnail","6":"pwb-brand-ahmed-al-maghribi","7":"product_cat-duefte","8":"product_cat-fur-sie-de","9":"product_tag-womens-fragrances-de","10":"product_tag-profumi-de","11":"product_tag-eau-de-parfum-de","12":"product_tag-frau","14":"first","15":"instock","16":"sale","17":"taxable","18":"shipping-taxable","19":"purchasable","20":"product-type-simple"},"brands":[{"id":4229,"name":"AHMED AL MAGHRIBI","slug":"ahmed-al-maghribi"}],"_links":{"self":[{"href":"https:\/\/www.freeshopfrontiera.ch\/de\/wp-json\/wp\/v2\/product\/40011","targetHints":{"allow":["GET"]}}],"collection":[{"href":"https:\/\/www.freeshopfrontiera.ch\/de\/wp-json\/wp\/v2\/product"}],"about":[{"href":"https:\/\/www.freeshopfrontiera.ch\/de\/wp-json\/wp\/v2\/types\/product"}],"replies":[{"embeddable":true,"href":"https:\/\/www.freeshopfrontiera.ch\/de\/wp-json\/wp\/v2\/comments?post=40011"}],"version-history":[{"count":2,"href":"https:\/\/www.freeshopfrontiera.ch\/de\/wp-json\/wp\/v2\/product\/40011\/revisions"}],"predecessor-version":[{"id":40018,"href":"https:\/\/www.freeshopfrontiera.ch\/de\/wp-json\/wp\/v2\/product\/40011\/revisions\/40018"}],"wp:featuredmedia":[{"embeddable":true,"href":"https:\/\/www.freeshopfrontiera.ch\/de\/wp-json\/wp\/v2\/media\/40006"}],"wp:attachment":[{"href":"https:\/\/www.freeshopfrontiera.ch\/de\/wp-json\/wp\/v2\/media?parent=40011"}],"wp:term":[{"taxonomy":"pwb-brand","embeddable":true,"href":"https:\/\/www.freeshopfrontiera.ch\/de\/wp-json\/wp\/v2\/pwb-brand?post=40011"},{"taxonomy":"product_brand","embeddable":true,"href":"https:\/\/www.freeshopfrontiera.ch\/de\/wp-json\/wp\/v2\/product_brand?post=40011"},{"taxonomy":"product_cat","embeddable":true,"href":"https:\/\/www.freeshopfrontiera.ch\/de\/wp-json\/wp\/v2\/product_cat?post=40011"},{"taxonomy":"product_tag","embeddable":true,"href":"https:\/\/www.freeshopfrontiera.ch\/de\/wp-json\/wp\/v2\/product_tag?post=40011"}],"curies":[{"name":"wp","href":"https:\/\/api.w.org\/{rel}","templated":true}]}}