{"id":40033,"date":"2026-01-01T08:23:58","date_gmt":"2026-01-01T08:23:58","guid":{"rendered":"https:\/\/www.freeshopfrontiera.ch\/shop\/coach-open-road-eau-de-toilette-40ml\/"},"modified":"2026-02-18T08:28:00","modified_gmt":"2026-02-18T08:28:00","slug":"coach-open-road-eau-de-toilette-40ml","status":"publish","type":"product","link":"https:\/\/www.freeshopfrontiera.ch\/de\/shop\/coach-open-road-eau-de-toilette-40ml\/","title":{"rendered":"COACH Open Road Eau de Toilette 40ml"},"content":{"rendered":"<p>COACH Open Road Eau de Toilette Vapo 40ml ist ein frischer und dynamischer Herrenduft, inspiriert von der Freiheit gro\u00dfer Roadtrips. F\u00fcr den modernen Mann entwickelt, vereint er Energie, Eleganz und Abenteuerlust in einer ausgewogenen und vielseitigen Komposition. Die lebhafte Kopfnote aus rotem Apfel und sizilianischer Zitrone sorgt f\u00fcr fruchtige und zitrische Frische, w\u00e4hrend das aromatische Herz aus Lavendel und Sichuanpfeffer Charakter und w\u00fcrzige Intensit\u00e4t verleiht. Die Basisnoten aus Vetiver, Patchouli und Zedernholz schenken Tiefe sowie eine warme, maskuline und langanhaltende Duftspur. Perfekt f\u00fcr den t\u00e4glichen Gebrauch und jede Jahreszeit, ist das 40ml-Format ideal f\u00fcr unterwegs oder das Fitnessstudio. Ein authentischer, zeitgem\u00e4\u00dfer und unwiderstehlich maskuliner COACH Duft.<\/p>\n<p>&nbsp;<\/p>\n<p>Follow us!\u00a0 <a href=\"https:\/\/www.instagram.com\/freeshopswiss\/\" target=\"_blank\" rel=\"noopener\">@freeshopswiss<\/a><\/p>\n","protected":false},"excerpt":{"rendered":"<p>COACH Open Road Eau de Toilette Vapo 40ml ist ein frischer und dynamischer Herrenduft, inspiriert von der Freiheit gro\u00dfer Roadtrips.<\/p>\n","protected":false},"featured_media":40028,"comment_status":"open","ping_status":"closed","template":"","meta":[],"pwb-brand":[4269],"product_brand":[],"product_cat":[84,86],"product_tag":[952,147,4368,953,1642],"class_list":{"0":"post-40033","1":"product","2":"type-product","3":"status-publish","4":"has-post-thumbnail","6":"pwb-brand-coach","7":"product_cat-duefte","8":"product_cat-fur-ihn-de","9":"product_tag-profumi-de","10":"product_tag-eau-de-toilette-de","11":"product_tag-fruehlingsspecial","12":"product_tag-uomo-de","13":"product_tag-mens-fragrances-de","15":"first","16":"instock","17":"sale","18":"taxable","19":"shipping-taxable","20":"purchasable","21":"product-type-simple"},"brands":[{"id":4269,"name":"COACH","slug":"coach"}],"_links":{"self":[{"href":"https:\/\/www.freeshopfrontiera.ch\/de\/wp-json\/wp\/v2\/product\/40033","targetHints":{"allow":["GET"]}}],"collection":[{"href":"https:\/\/www.freeshopfrontiera.ch\/de\/wp-json\/wp\/v2\/product"}],"about":[{"href":"https:\/\/www.freeshopfrontiera.ch\/de\/wp-json\/wp\/v2\/types\/product"}],"replies":[{"embeddable":true,"href":"https:\/\/www.freeshopfrontiera.ch\/de\/wp-json\/wp\/v2\/comments?post=40033"}],"version-history":[{"count":1,"href":"https:\/\/www.freeshopfrontiera.ch\/de\/wp-json\/wp\/v2\/product\/40033\/revisions"}],"predecessor-version":[{"id":40035,"href":"https:\/\/www.freeshopfrontiera.ch\/de\/wp-json\/wp\/v2\/product\/40033\/revisions\/40035"}],"wp:featuredmedia":[{"embeddable":true,"href":"https:\/\/www.freeshopfrontiera.ch\/de\/wp-json\/wp\/v2\/media\/40028"}],"wp:attachment":[{"href":"https:\/\/www.freeshopfrontiera.ch\/de\/wp-json\/wp\/v2\/media?parent=40033"}],"wp:term":[{"taxonomy":"pwb-brand","embeddable":true,"href":"https:\/\/www.freeshopfrontiera.ch\/de\/wp-json\/wp\/v2\/pwb-brand?post=40033"},{"taxonomy":"product_brand","embeddable":true,"href":"https:\/\/www.freeshopfrontiera.ch\/de\/wp-json\/wp\/v2\/product_brand?post=40033"},{"taxonomy":"product_cat","embeddable":true,"href":"https:\/\/www.freeshopfrontiera.ch\/de\/wp-json\/wp\/v2\/product_cat?post=40033"},{"taxonomy":"product_tag","embeddable":true,"href":"https:\/\/www.freeshopfrontiera.ch\/de\/wp-json\/wp\/v2\/product_tag?post=40033"}],"curies":[{"name":"wp","href":"https:\/\/api.w.org\/{rel}","templated":true}]}}