{"id":40078,"date":"2026-02-20T11:18:32","date_gmt":"2026-02-20T11:18:32","guid":{"rendered":"https:\/\/www.freeshopfrontiera.ch\/shop\/lattafa-give-me-gourmand-eau-de-parfum-vapo-75-ml-vanilla-freak\/"},"modified":"2026-02-20T11:21:42","modified_gmt":"2026-02-20T11:21:42","slug":"lattafa-give-me-gourmand-eau-de-parfum-vapo-75-ml-vanilla-freak","status":"publish","type":"product","link":"https:\/\/www.freeshopfrontiera.ch\/de\/shop\/lattafa-give-me-gourmand-eau-de-parfum-vapo-75-ml-vanilla-freak\/","title":{"rendered":"LATTAFA Give Me Gourmand Eau de Parfum Vapo 75 ml- Vanilla Freak"},"content":{"rendered":"<p data-start=\"2121\" data-end=\"2566\"><strong data-start=\"2121\" data-end=\"2185\">Lattafa Give Me Gourmand Eau de Parfum 75\u202fml \u2013 Vanilla Freak<\/strong> ist ein unwiderstehlicher Duft f\u00fcr alle, die s\u00fc\u00dfe, cremige und ultra-gourmetartige D\u00fcfte lieben. Inspiriert von der Welt der Gourmand-D\u00fcfte, vereint dieses Eau de Parfum warme und einh\u00fcllende Noten von <strong data-start=\"2388\" data-end=\"2441\">Vanille, Buttercreme und frisch gebackenen Keksen<\/strong>, erg\u00e4nzt durch feine Akzente von <strong data-start=\"2475\" data-end=\"2494\">Mandel und Zimt<\/strong>, und schafft eine intensive, komfortable und verf\u00fchrerische Duftspur.<\/p>\n<p data-start=\"2568\" data-end=\"2753\">Perfekt f\u00fcr alle, die einen modernen und sinnlichen Duft suchen, verf\u00fchrt Vanilla Freak vom ersten Spr\u00fchsto\u00df an durch das Gleichgewicht zwischen raffinierter S\u00fc\u00dfe und eleganter Tiefe.<\/p>\n<p data-start=\"2755\" data-end=\"3026\">Die <strong data-start=\"2759\" data-end=\"2776\">Eau de Parfum<\/strong>-Konzentration sorgt f\u00fcr langanhaltenden Duft auf der Haut, ideal f\u00fcr den t\u00e4glichen Gebrauch oder besondere Abende. Das <strong data-start=\"2896\" data-end=\"2911\">75\u202fml Spray<\/strong> ist praktisch und perfekt f\u00fcr die pers\u00f6nliche Sammlung oder als originelles Geschenk f\u00fcr Gourmand-Duftliebhaber.<\/p>\n<p data-start=\"3028\" data-end=\"3088\"><strong data-start=\"3028\" data-end=\"3043\">Hauptnoten:<\/strong> Vanille, Kekse, Mandel, Zimt, Buttercreme.<\/p>\n<p data-start=\"1083\" data-end=\"1161\">Follow us!\u00a0 <a href=\"https:\/\/www.instagram.com\/freeshopswiss\/\" target=\"_blank\" rel=\"noopener\">@freeshopswiss<\/a><\/p>\n","protected":false},"excerpt":{"rendered":"<p><strong data-start=\"2121\" data-end=\"2185\">Lattafa Give Me Gourmand Eau de Parfum 75\u202fml \u2013 Vanilla Freak<\/strong> ist ein unwiderstehlicher Duft f\u00fcr alle, die s\u00fc\u00dfe, cremige und ultra-gourmetartige D\u00fcfte lieben.<\/p>\n","protected":false},"featured_media":40073,"comment_status":"open","ping_status":"closed","template":"","meta":[],"pwb-brand":[772],"product_brand":[],"product_cat":[84,86,111],"product_tag":[790,952,147,953,1642,595],"class_list":{"0":"post-40078","1":"product","2":"type-product","3":"status-publish","4":"has-post-thumbnail","6":"pwb-brand-lattafa","7":"product_cat-duefte","8":"product_cat-fur-ihn-de","9":"product_cat-fur-sie-de","10":"product_tag-womens-fragrances-de","11":"product_tag-profumi-de","12":"product_tag-eau-de-toilette-de","13":"product_tag-uomo-de","14":"product_tag-mens-fragrances-de","15":"product_tag-unisex-de-2","17":"first","18":"instock","19":"sale","20":"taxable","21":"shipping-taxable","22":"purchasable","23":"product-type-simple"},"brands":[{"id":772,"name":"Lattafa","slug":"lattafa"}],"_links":{"self":[{"href":"https:\/\/www.freeshopfrontiera.ch\/de\/wp-json\/wp\/v2\/product\/40078","targetHints":{"allow":["GET"]}}],"collection":[{"href":"https:\/\/www.freeshopfrontiera.ch\/de\/wp-json\/wp\/v2\/product"}],"about":[{"href":"https:\/\/www.freeshopfrontiera.ch\/de\/wp-json\/wp\/v2\/types\/product"}],"replies":[{"embeddable":true,"href":"https:\/\/www.freeshopfrontiera.ch\/de\/wp-json\/wp\/v2\/comments?post=40078"}],"version-history":[{"count":2,"href":"https:\/\/www.freeshopfrontiera.ch\/de\/wp-json\/wp\/v2\/product\/40078\/revisions"}],"predecessor-version":[{"id":40082,"href":"https:\/\/www.freeshopfrontiera.ch\/de\/wp-json\/wp\/v2\/product\/40078\/revisions\/40082"}],"wp:featuredmedia":[{"embeddable":true,"href":"https:\/\/www.freeshopfrontiera.ch\/de\/wp-json\/wp\/v2\/media\/40073"}],"wp:attachment":[{"href":"https:\/\/www.freeshopfrontiera.ch\/de\/wp-json\/wp\/v2\/media?parent=40078"}],"wp:term":[{"taxonomy":"pwb-brand","embeddable":true,"href":"https:\/\/www.freeshopfrontiera.ch\/de\/wp-json\/wp\/v2\/pwb-brand?post=40078"},{"taxonomy":"product_brand","embeddable":true,"href":"https:\/\/www.freeshopfrontiera.ch\/de\/wp-json\/wp\/v2\/product_brand?post=40078"},{"taxonomy":"product_cat","embeddable":true,"href":"https:\/\/www.freeshopfrontiera.ch\/de\/wp-json\/wp\/v2\/product_cat?post=40078"},{"taxonomy":"product_tag","embeddable":true,"href":"https:\/\/www.freeshopfrontiera.ch\/de\/wp-json\/wp\/v2\/product_tag?post=40078"}],"curies":[{"name":"wp","href":"https:\/\/api.w.org\/{rel}","templated":true}]}}