{"id":40084,"date":"2026-01-03T11:30:12","date_gmt":"2026-01-03T11:30:12","guid":{"rendered":"https:\/\/www.freeshopfrontiera.ch\/?post_type=product&#038;p=40084"},"modified":"2026-02-20T11:39:41","modified_gmt":"2026-02-20T11:39:41","slug":"lattafa-give-me-gourmand-eau-de-parfum-vapo-75-ml-berry-on-top","status":"publish","type":"product","link":"https:\/\/www.freeshopfrontiera.ch\/de\/shop\/lattafa-give-me-gourmand-eau-de-parfum-vapo-75-ml-berry-on-top\/","title":{"rendered":"LATTAFA Give Me Gourmand Eau de Parfum Vapo 75 ml-Berry On Top"},"content":{"rendered":"<p data-start=\"3756\" data-end=\"4295\"><strong data-start=\"3756\" data-end=\"3819\">Lattafa Give Me Gourmand Eau de Parfum 75\u202fml \u2013 Berry On Top<\/strong> ist ein s\u00fc\u00dfer, fruchtiger und herrlich verspielter Duft, der f\u00fcr Liebhaber gourmander Parfums mit einer fruchtigen Note entwickelt wurde. Inspiriert von Erdbeerdesserts er\u00f6ffnet dieses Eau de Parfum mit saftigen Noten von <strong data-start=\"4042\" data-end=\"4083\">frischer Erdbeere und Chantilly\u2011Creme<\/strong>, gefolgt von einem Herzen aus <strong data-start=\"4114\" data-end=\"4160\">Erdbeermarmelade, Zucker und wei\u00dfen Blumen<\/strong>, das lebendig und einh\u00fcllend wirkt. Die Basis aus <strong data-start=\"4211\" data-end=\"4251\">cremiger Vanille und weichem Moschus<\/strong> hinterl\u00e4sst eine warme, sinnliche Duftspur.<\/p>\n<p data-start=\"4297\" data-end=\"4594\">Perfekt f\u00fcr alle, die einen modernen und femininen Duft mit Charakter suchen, verf\u00fchrt Berry On Top vom ersten Spr\u00fchsto\u00df an durch sein Gleichgewicht aus fruchtiger S\u00fc\u00dfe und eleganter Tiefe. Die Konzentration <strong data-start=\"4505\" data-end=\"4522\">Eau de Parfum<\/strong> sorgt f\u00fcr langanhaltenden Duft, ideal f\u00fcr Alltag und besondere Anl\u00e4sse.<\/p>\n<p data-start=\"4596\" data-end=\"4721\">Das praktische <strong data-start=\"4611\" data-end=\"4626\">75\u202fml Spray<\/strong> ist ideal f\u00fcr pers\u00f6nliche Sammlungen oder als originelles Geschenk f\u00fcr Gourmand\u2011Duftliebhaber.<\/p>\n<p data-start=\"1083\" data-end=\"1161\">Follow us!\u00a0 <a href=\"https:\/\/www.instagram.com\/freeshopswiss\/\" target=\"_blank\" rel=\"noopener\">@freeshopswiss<\/a><\/p>\n","protected":false},"excerpt":{"rendered":"<p><strong data-start=\"3756\" data-end=\"3819\">Lattafa Give Me Gourmand Eau de Parfum 75\u202fml \u2013 Berry On Top<\/strong><\/p>\n","protected":false},"featured_media":40090,"comment_status":"open","ping_status":"closed","template":"","meta":[],"pwb-brand":[772],"product_brand":[],"product_cat":[84,86,111],"product_tag":[790,952,147,4349,953,1642,595],"class_list":{"0":"post-40084","1":"product","2":"type-product","3":"status-publish","4":"has-post-thumbnail","6":"pwb-brand-lattafa","7":"product_cat-duefte","8":"product_cat-fur-ihn-de","9":"product_cat-fur-sie-de","10":"product_tag-womens-fragrances-de","11":"product_tag-profumi-de","12":"product_tag-eau-de-toilette-de","13":"product_tag-frauentag","14":"product_tag-uomo-de","15":"product_tag-mens-fragrances-de","16":"product_tag-unisex-de-2","18":"first","19":"instock","20":"sale","21":"taxable","22":"shipping-taxable","23":"purchasable","24":"product-type-simple"},"brands":[{"id":772,"name":"Lattafa","slug":"lattafa"}],"_links":{"self":[{"href":"https:\/\/www.freeshopfrontiera.ch\/de\/wp-json\/wp\/v2\/product\/40084","targetHints":{"allow":["GET"]}}],"collection":[{"href":"https:\/\/www.freeshopfrontiera.ch\/de\/wp-json\/wp\/v2\/product"}],"about":[{"href":"https:\/\/www.freeshopfrontiera.ch\/de\/wp-json\/wp\/v2\/types\/product"}],"replies":[{"embeddable":true,"href":"https:\/\/www.freeshopfrontiera.ch\/de\/wp-json\/wp\/v2\/comments?post=40084"}],"version-history":[{"count":2,"href":"https:\/\/www.freeshopfrontiera.ch\/de\/wp-json\/wp\/v2\/product\/40084\/revisions"}],"predecessor-version":[{"id":40099,"href":"https:\/\/www.freeshopfrontiera.ch\/de\/wp-json\/wp\/v2\/product\/40084\/revisions\/40099"}],"wp:featuredmedia":[{"embeddable":true,"href":"https:\/\/www.freeshopfrontiera.ch\/de\/wp-json\/wp\/v2\/media\/40090"}],"wp:attachment":[{"href":"https:\/\/www.freeshopfrontiera.ch\/de\/wp-json\/wp\/v2\/media?parent=40084"}],"wp:term":[{"taxonomy":"pwb-brand","embeddable":true,"href":"https:\/\/www.freeshopfrontiera.ch\/de\/wp-json\/wp\/v2\/pwb-brand?post=40084"},{"taxonomy":"product_brand","embeddable":true,"href":"https:\/\/www.freeshopfrontiera.ch\/de\/wp-json\/wp\/v2\/product_brand?post=40084"},{"taxonomy":"product_cat","embeddable":true,"href":"https:\/\/www.freeshopfrontiera.ch\/de\/wp-json\/wp\/v2\/product_cat?post=40084"},{"taxonomy":"product_tag","embeddable":true,"href":"https:\/\/www.freeshopfrontiera.ch\/de\/wp-json\/wp\/v2\/product_tag?post=40084"}],"curies":[{"name":"wp","href":"https:\/\/api.w.org\/{rel}","templated":true}]}}