{"id":40115,"date":"2026-01-12T11:49:00","date_gmt":"2026-01-12T11:49:00","guid":{"rendered":"https:\/\/www.freeshopfrontiera.ch\/shop\/lattafa-give-me-gourmand-eau-de-parfum-vapo-75-ml-mallow-madness\/"},"modified":"2026-02-24T11:53:11","modified_gmt":"2026-02-24T11:53:11","slug":"lattafa-give-me-gourmand-eau-de-parfum-vapo-75-ml-mallow-madness","status":"publish","type":"product","link":"https:\/\/www.freeshopfrontiera.ch\/de\/shop\/lattafa-give-me-gourmand-eau-de-parfum-vapo-75-ml-mallow-madness\/","title":{"rendered":"LATTAFA Give Me Gourmand Eau de Parfum Vapo 75 ml-Mallow Madness"},"content":{"rendered":"<p data-start=\"2256\" data-end=\"2323\"><strong data-start=\"2256\" data-end=\"2321\">Lattafa Give Me Gourmand \u2013 Mallow Madness Eau de Parfum 75\u202fml<\/strong><\/p>\n<p data-start=\"2325\" data-end=\"3317\">Lattafa Give Me Gourmand \u2013 <em data-start=\"2352\" data-end=\"2368\">Mallow Madness<\/em> ist ein s\u00fc\u00dfer, fruchtiger Gourmand-Duft, der f\u00fcr alle entwickelt wurde, die verspielte, umh\u00fcllende und angenehme D\u00fcfte lieben. Zur olfaktorischen Familie <strong data-start=\"2523\" data-end=\"2549\">Floral Fruity Gourmand<\/strong> geh\u00f6rend, er\u00f6ffnet dieses Eau de Parfum mit einer Explosion von <strong data-start=\"2614\" data-end=\"2668\">saftigen und leuchtenden Erdbeer- und Himbeernoten<\/strong>, die die Freude an einem fruchtigen Dessert wecken. Im Herzen verbindet ein weicher Akkord aus <strong data-start=\"2764\" data-end=\"2798\">Marshmallow und zarter Freesie<\/strong> eine cremige und leichte Textur, die an eine Zuckerwolke erinnert. Die Basis umh\u00fcllt die Sinne mit <strong data-start=\"2898\" data-end=\"2961\">warmer Vanille, samtiger Schlagsahne und sinnlichem Moschus<\/strong> und schafft eine weiche, s\u00fc\u00dfe und unwiderstehliche Duftspur, die auf der Haut bleibt. Diese olfaktorische Komposition vereint fruchtige, florale und Gourmand-Elemente harmonisch und bietet einen Duft, der zugleich s\u00fc\u00df, modern und angenehm ist \u2013 perfekt f\u00fcr alle, die einen verspielten, aber dennoch eleganten Duft f\u00fcr entspannte Tage oder Abende suchen.<\/p>\n<p data-start=\"69\" data-end=\"1035\" data-is-last-node=\"\" data-is-only-node=\"\">Follow us!\u00a0 <a href=\"https:\/\/www.instagram.com\/freeshopswiss\/\" target=\"_blank\" rel=\"noopener\">@freeshopswiss<\/a><\/p>\n","protected":false},"excerpt":{"rendered":"<p>Lattafa Give Me Gourmand \u2013 <em data-start=\"96\" data-end=\"112\">Mallow Madness<\/em> \u00e8 una fragranza gourmand fruttata e dolce pensata per chi ama profumi giocosi, avvolgenti e confortanti.<\/p>\n","protected":false},"featured_media":40110,"comment_status":"open","ping_status":"closed","template":"","meta":[],"pwb-brand":[772],"product_brand":[],"product_cat":[84,86,111],"product_tag":[790,952,254,293,4349,953,1642,595],"class_list":{"0":"post-40115","1":"product","2":"type-product","3":"status-publish","4":"has-post-thumbnail","6":"pwb-brand-lattafa","7":"product_cat-duefte","8":"product_cat-fur-ihn-de","9":"product_cat-fur-sie-de","10":"product_tag-womens-fragrances-de","11":"product_tag-profumi-de","12":"product_tag-eau-de-parfum-de","13":"product_tag-frau","14":"product_tag-frauentag","15":"product_tag-uomo-de","16":"product_tag-mens-fragrances-de","17":"product_tag-unisex-de-2","19":"first","20":"instock","21":"sale","22":"taxable","23":"shipping-taxable","24":"purchasable","25":"product-type-simple"},"brands":[{"id":772,"name":"Lattafa","slug":"lattafa"}],"_links":{"self":[{"href":"https:\/\/www.freeshopfrontiera.ch\/de\/wp-json\/wp\/v2\/product\/40115","targetHints":{"allow":["GET"]}}],"collection":[{"href":"https:\/\/www.freeshopfrontiera.ch\/de\/wp-json\/wp\/v2\/product"}],"about":[{"href":"https:\/\/www.freeshopfrontiera.ch\/de\/wp-json\/wp\/v2\/types\/product"}],"replies":[{"embeddable":true,"href":"https:\/\/www.freeshopfrontiera.ch\/de\/wp-json\/wp\/v2\/comments?post=40115"}],"version-history":[{"count":1,"href":"https:\/\/www.freeshopfrontiera.ch\/de\/wp-json\/wp\/v2\/product\/40115\/revisions"}],"predecessor-version":[{"id":40118,"href":"https:\/\/www.freeshopfrontiera.ch\/de\/wp-json\/wp\/v2\/product\/40115\/revisions\/40118"}],"wp:featuredmedia":[{"embeddable":true,"href":"https:\/\/www.freeshopfrontiera.ch\/de\/wp-json\/wp\/v2\/media\/40110"}],"wp:attachment":[{"href":"https:\/\/www.freeshopfrontiera.ch\/de\/wp-json\/wp\/v2\/media?parent=40115"}],"wp:term":[{"taxonomy":"pwb-brand","embeddable":true,"href":"https:\/\/www.freeshopfrontiera.ch\/de\/wp-json\/wp\/v2\/pwb-brand?post=40115"},{"taxonomy":"product_brand","embeddable":true,"href":"https:\/\/www.freeshopfrontiera.ch\/de\/wp-json\/wp\/v2\/product_brand?post=40115"},{"taxonomy":"product_cat","embeddable":true,"href":"https:\/\/www.freeshopfrontiera.ch\/de\/wp-json\/wp\/v2\/product_cat?post=40115"},{"taxonomy":"product_tag","embeddable":true,"href":"https:\/\/www.freeshopfrontiera.ch\/de\/wp-json\/wp\/v2\/product_tag?post=40115"}],"curies":[{"name":"wp","href":"https:\/\/api.w.org\/{rel}","templated":true}]}}