{"id":40130,"date":"2026-02-24T12:02:21","date_gmt":"2026-02-24T12:02:21","guid":{"rendered":"https:\/\/www.freeshopfrontiera.ch\/shop\/lattafa-give-me-gourmand-eau-de-parfum-vapo-75-ml-whipped-pleasure\/"},"modified":"2026-02-24T12:07:10","modified_gmt":"2026-02-24T12:07:10","slug":"lattafa-give-me-gourmand-eau-de-parfum-vapo-75-ml-whipped-pleasure","status":"publish","type":"product","link":"https:\/\/www.freeshopfrontiera.ch\/de\/shop\/lattafa-give-me-gourmand-eau-de-parfum-vapo-75-ml-whipped-pleasure\/","title":{"rendered":"LATTAFA Give Me Gourmand Eau de Parfum Vapo 75 ml-Whipped Pleasure"},"content":{"rendered":"<p data-start=\"2242\" data-end=\"2311\"><strong data-start=\"2242\" data-end=\"2309\">Lattafa Give Me Gourmand \u2013 Whipped Pleasure Eau de Parfum 75\u202fml<\/strong><\/p>\n<p data-start=\"2313\" data-end=\"3261\">Lattafa Give Me Gourmand \u2013 <em data-start=\"2340\" data-end=\"2358\">Whipped Pleasure<\/em> ist ein orientalisch\u2011vanilliger Gourmand-Duft f\u00fcr alle, die s\u00fc\u00dfe, cremige und umh\u00fcllende D\u00fcfte mit modernem und sinnlichem Charakter lieben. Zu Beginn verbinden sich <strong data-start=\"2525\" data-end=\"2587\">karamellisierter Popcorn, Karamell und gesalzenes Karamell<\/strong> in einer unwiderstehlichen s\u00fc\u00df\u2011salzigen Umarmung, die die Energie eines frisch zubereiteten Desserts weckt. Im Herzen sorgen <strong data-start=\"2713\" data-end=\"2753\">cremige Milch und leuchtender Jasmin<\/strong> f\u00fcr eine weiche, samtige Textur und balancieren die S\u00fc\u00dfe mit einem raffinierten floralen Akzent. Die Basis besteht aus <strong data-start=\"2873\" data-end=\"2933\">warmer Tonkabohne, harziger Benzoe, Moschus und Ambrofix<\/strong>, die eine umh\u00fcllende, weiche und sinnliche Duftspur hinterl\u00e4sst, die auf der Haut bleibt. Diese Komposition vereint harmonisch Gourmand-, Vanille- und Moschuselemente und bietet einen Duft, der s\u00fc\u00df, aber dennoch raffiniert ist \u2013 perfekt f\u00fcr kalte Tage, gem\u00fctliche Momente oder um Abenden eine elegante s\u00fc\u00dfe Note zu verleihen.<\/p>\n<p data-start=\"2313\" data-end=\"3261\">\n<p data-start=\"71\" data-end=\"1144\">Follow us!\u00a0 <a href=\"https:\/\/www.instagram.com\/freeshopswiss\/\" target=\"_blank\" rel=\"noopener\">@freeshopswiss<\/a><\/p>\n","protected":false},"excerpt":{"rendered":"<p>Lattafa Give Me Gourmand \u2013 <em data-start=\"2340\" data-end=\"2358\">Whipped Pleasure<\/em> ist ein orientalisch\u2011vanilliger Gourmand-Duft f\u00fcr alle, die s\u00fc\u00dfe.<\/p>\n","protected":false},"featured_media":40125,"comment_status":"open","ping_status":"closed","template":"","meta":[],"pwb-brand":[772],"product_brand":[],"product_cat":[84,86,111],"product_tag":[790,952,293,4349,953,1642,595],"class_list":{"0":"post-40130","1":"product","2":"type-product","3":"status-publish","4":"has-post-thumbnail","6":"pwb-brand-lattafa","7":"product_cat-duefte","8":"product_cat-fur-ihn-de","9":"product_cat-fur-sie-de","10":"product_tag-womens-fragrances-de","11":"product_tag-profumi-de","12":"product_tag-frau","13":"product_tag-frauentag","14":"product_tag-uomo-de","15":"product_tag-mens-fragrances-de","16":"product_tag-unisex-de-2","18":"first","19":"instock","20":"sale","21":"taxable","22":"shipping-taxable","23":"purchasable","24":"product-type-simple"},"brands":[{"id":772,"name":"Lattafa","slug":"lattafa"}],"_links":{"self":[{"href":"https:\/\/www.freeshopfrontiera.ch\/de\/wp-json\/wp\/v2\/product\/40130","targetHints":{"allow":["GET"]}}],"collection":[{"href":"https:\/\/www.freeshopfrontiera.ch\/de\/wp-json\/wp\/v2\/product"}],"about":[{"href":"https:\/\/www.freeshopfrontiera.ch\/de\/wp-json\/wp\/v2\/types\/product"}],"replies":[{"embeddable":true,"href":"https:\/\/www.freeshopfrontiera.ch\/de\/wp-json\/wp\/v2\/comments?post=40130"}],"version-history":[{"count":2,"href":"https:\/\/www.freeshopfrontiera.ch\/de\/wp-json\/wp\/v2\/product\/40130\/revisions"}],"predecessor-version":[{"id":40135,"href":"https:\/\/www.freeshopfrontiera.ch\/de\/wp-json\/wp\/v2\/product\/40130\/revisions\/40135"}],"wp:featuredmedia":[{"embeddable":true,"href":"https:\/\/www.freeshopfrontiera.ch\/de\/wp-json\/wp\/v2\/media\/40125"}],"wp:attachment":[{"href":"https:\/\/www.freeshopfrontiera.ch\/de\/wp-json\/wp\/v2\/media?parent=40130"}],"wp:term":[{"taxonomy":"pwb-brand","embeddable":true,"href":"https:\/\/www.freeshopfrontiera.ch\/de\/wp-json\/wp\/v2\/pwb-brand?post=40130"},{"taxonomy":"product_brand","embeddable":true,"href":"https:\/\/www.freeshopfrontiera.ch\/de\/wp-json\/wp\/v2\/product_brand?post=40130"},{"taxonomy":"product_cat","embeddable":true,"href":"https:\/\/www.freeshopfrontiera.ch\/de\/wp-json\/wp\/v2\/product_cat?post=40130"},{"taxonomy":"product_tag","embeddable":true,"href":"https:\/\/www.freeshopfrontiera.ch\/de\/wp-json\/wp\/v2\/product_tag?post=40130"}],"curies":[{"name":"wp","href":"https:\/\/api.w.org\/{rel}","templated":true}]}}