{"id":40144,"date":"2026-02-24T13:05:39","date_gmt":"2026-02-24T13:05:39","guid":{"rendered":"https:\/\/www.freeshopfrontiera.ch\/shop\/lattafa-give-me-gourmand-eau-de-parfum-vapo-75-ml-choco-overdose\/"},"modified":"2026-02-24T13:11:36","modified_gmt":"2026-02-24T13:11:36","slug":"lattafa-give-me-gourmand-eau-de-parfum-vapo-75-ml-choco-overdose","status":"publish","type":"product","link":"https:\/\/www.freeshopfrontiera.ch\/de\/shop\/lattafa-give-me-gourmand-eau-de-parfum-vapo-75-ml-choco-overdose\/","title":{"rendered":"LATTAFA Give Me Gourmand Eau de Parfum Vapo 75 ml-Choco Overdose"},"content":{"rendered":"<p data-start=\"2027\" data-end=\"2094\"><strong data-start=\"2027\" data-end=\"2092\">Lattafa Give Me Gourmand \u2013 Choco Overdose Eau de Parfum 75 ml<\/strong><\/p>\n<p data-start=\"2096\" data-end=\"3044\">Lattafa Give Me Gourmand \u2013 <em data-start=\"2123\" data-end=\"2139\">Choco Overdose<\/em> ist ein intensiver und verf\u00fchrerischer Gourmand-Duft f\u00fcr alle, die s\u00fc\u00dfe, genussvolle und tiefgr\u00fcndige Parfums lieben. Zur Duftfamilie <strong data-start=\"2274\" data-end=\"2294\">Vanille-Gourmand<\/strong> geh\u00f6rend, er\u00f6ffnet dieses Eau de Parfum mit reichen und umh\u00fcllenden Noten von <strong data-start=\"2373\" data-end=\"2416\">dunkler Schokolade und ger\u00f6stetem Kakao<\/strong>, die sofort mit einer raffinierten S\u00fc\u00dfe begeistern. Im Herzen verleihen <strong data-start=\"2489\" data-end=\"2534\">ger\u00f6stete Haseln\u00fcsse und Schokoladencreme<\/strong> ein weiches und luxuri\u00f6ses Gef\u00fchl und erinnern an ein frisch zubereitetes cremiges Dessert. Die Basis entfaltet sich mit <strong data-start=\"2656\" data-end=\"2713\">warmer Vanille, Karamell, Moschus und sanften H\u00f6lzern<\/strong>, wodurch eine tiefe, samtige und unwiderstehliche Duftspur entsteht, die lange auf der Haut bleibt. Diese Komposition vereint gourmandige, schokoladige und vanillige Elemente harmonisch und bietet einen reichen und wohltuenden Duft \u2013 perfekt f\u00fcr kalte Tage oder besondere Abende, an denen man sich eine elegante s\u00fc\u00dfe Note w\u00fcnscht.<\/p>\n<p data-start=\"67\" data-end=\"1009\">Follow us!\u00a0 <a href=\"https:\/\/www.instagram.com\/freeshopswiss\/\" target=\"_blank\" rel=\"noopener\">@freeshopswiss<\/a><\/p>\n","protected":false},"excerpt":{"rendered":"<p>Lattafa Give Me Gourmand \u2013 <em data-start=\"2123\" data-end=\"2139\">Choco Overdose<\/em> ist ein intensiver und verf\u00fchrerischer Gourmand-Duft f\u00fcr alle, die s\u00fc\u00dfe.<\/p>\n","protected":false},"featured_media":40140,"comment_status":"open","ping_status":"closed","template":"","meta":[],"pwb-brand":[772],"product_brand":[],"product_cat":[84,86,111],"product_tag":[790,952,254,293,953,1642,595],"class_list":{"0":"post-40144","1":"product","2":"type-product","3":"status-publish","4":"has-post-thumbnail","6":"pwb-brand-lattafa","7":"product_cat-duefte","8":"product_cat-fur-ihn-de","9":"product_cat-fur-sie-de","10":"product_tag-womens-fragrances-de","11":"product_tag-profumi-de","12":"product_tag-eau-de-parfum-de","13":"product_tag-frau","14":"product_tag-uomo-de","15":"product_tag-mens-fragrances-de","16":"product_tag-unisex-de-2","18":"first","19":"outofstock","20":"sale","21":"taxable","22":"shipping-taxable","23":"purchasable","24":"product-type-simple"},"brands":[{"id":772,"name":"Lattafa","slug":"lattafa"}],"_links":{"self":[{"href":"https:\/\/www.freeshopfrontiera.ch\/de\/wp-json\/wp\/v2\/product\/40144","targetHints":{"allow":["GET"]}}],"collection":[{"href":"https:\/\/www.freeshopfrontiera.ch\/de\/wp-json\/wp\/v2\/product"}],"about":[{"href":"https:\/\/www.freeshopfrontiera.ch\/de\/wp-json\/wp\/v2\/types\/product"}],"replies":[{"embeddable":true,"href":"https:\/\/www.freeshopfrontiera.ch\/de\/wp-json\/wp\/v2\/comments?post=40144"}],"version-history":[{"count":1,"href":"https:\/\/www.freeshopfrontiera.ch\/de\/wp-json\/wp\/v2\/product\/40144\/revisions"}],"predecessor-version":[{"id":40147,"href":"https:\/\/www.freeshopfrontiera.ch\/de\/wp-json\/wp\/v2\/product\/40144\/revisions\/40147"}],"wp:featuredmedia":[{"embeddable":true,"href":"https:\/\/www.freeshopfrontiera.ch\/de\/wp-json\/wp\/v2\/media\/40140"}],"wp:attachment":[{"href":"https:\/\/www.freeshopfrontiera.ch\/de\/wp-json\/wp\/v2\/media?parent=40144"}],"wp:term":[{"taxonomy":"pwb-brand","embeddable":true,"href":"https:\/\/www.freeshopfrontiera.ch\/de\/wp-json\/wp\/v2\/pwb-brand?post=40144"},{"taxonomy":"product_brand","embeddable":true,"href":"https:\/\/www.freeshopfrontiera.ch\/de\/wp-json\/wp\/v2\/product_brand?post=40144"},{"taxonomy":"product_cat","embeddable":true,"href":"https:\/\/www.freeshopfrontiera.ch\/de\/wp-json\/wp\/v2\/product_cat?post=40144"},{"taxonomy":"product_tag","embeddable":true,"href":"https:\/\/www.freeshopfrontiera.ch\/de\/wp-json\/wp\/v2\/product_tag?post=40144"}],"curies":[{"name":"wp","href":"https:\/\/api.w.org\/{rel}","templated":true}]}}