{"id":40158,"date":"2026-01-02T14:10:34","date_gmt":"2026-01-02T14:10:34","guid":{"rendered":"https:\/\/www.freeshopfrontiera.ch\/shop\/doctor-babor-set-lifting-plumping-booster\/"},"modified":"2026-02-24T14:17:49","modified_gmt":"2026-02-24T14:17:49","slug":"doctor-babor-set-lifting-plumping-booster","status":"publish","type":"product","link":"https:\/\/www.freeshopfrontiera.ch\/de\/shop\/doctor-babor-set-lifting-plumping-booster\/","title":{"rendered":"DOCTOR BABOR SET Lifting &#038; Plumping Booster"},"content":{"rendered":"<div class=\"flex flex-col text-sm pb-25\">\n<article class=\"text-token-text-primary w-full focus:outline-none [--shadow-height:45px] has-data-writing-block:pointer-events-none has-data-writing-block:-mt-(--shadow-height) has-data-writing-block:pt-(--shadow-height) [&amp;:has([data-writing-block])&gt;*]:pointer-events-auto scroll-mt-[calc(var(--header-height)+min(200px,max(70px,20svh)))]\" dir=\"auto\" tabindex=\"-1\" data-turn-id=\"request-WEB:3f50f26c-788c-4159-9e0d-bad63a9c43bd-24\" data-testid=\"conversation-turn-36\" data-scroll-anchor=\"true\" data-turn=\"assistant\">\n<div class=\"text-base my-auto mx-auto pb-10 [--thread-content-margin:--spacing(4)] @w-sm\/main:[--thread-content-margin:--spacing(6)] @w-lg\/main:[--thread-content-margin:--spacing(16)] px-(--thread-content-margin)\">\n<div class=\"[--thread-content-max-width:40rem] @w-lg\/main:[--thread-content-max-width:48rem] mx-auto max-w-(--thread-content-max-width) flex-1 group\/turn-messages focus-visible:outline-hidden relative flex w-full min-w-0 flex-col agent-turn\" tabindex=\"-1\">\n<div class=\"flex max-w-full flex-col grow\">\n<div class=\"min-h-8 text-message relative flex w-full flex-col items-end gap-2 text-start break-words whitespace-normal [.text-message+&amp;]:mt-1\" dir=\"auto\" data-message-author-role=\"assistant\" data-message-id=\"f6f29528-a51a-479d-aaca-50e1fb6763da\" data-message-model-slug=\"gpt-5-2\">\n<div class=\"flex w-full flex-col gap-1 empty:hidden first:pt-[1px]\">\n<div class=\"markdown prose dark:prose-invert w-full wrap-break-word light markdown-new-styling\">\n<p data-start=\"2943\" data-end=\"3041\"><strong data-start=\"2943\" data-end=\"3039\">DOCTOR BABOR Set Lifting &amp; Plumping Booster \u2013 Cream 50 ml + Eye Cream 7 ml + Ampoules 3\u00d72 ml<\/strong><\/p>\n<p data-start=\"3043\" data-end=\"4434\">Das <strong data-start=\"3047\" data-end=\"3094\">DOCTOR BABOR Lifting &amp; Plumping Booster Set<\/strong> ist eine umfassende Hautpflegebehandlung, die einen sichtbaren Lifting-Effekt, mehr Festigkeit und intensive aufpolsternde Wirkung bietet. Ideal f\u00fcr alle, die Zeichen der Hautalterung reduzieren und Elastizit\u00e4t sowie Spannkraft der Haut verbessern m\u00f6chten, kombiniert dieses Set drei leistungsstarke Produkte der DOCTOR BABOR Linie mit modernen Wirkstoffen f\u00fcr eine professionelle Anti-Aging-Routine zu Hause. Die <strong data-start=\"3509\" data-end=\"3545\">Lifting &amp; Plumping Booster Cream<\/strong> (50 ml) spendet intensive Feuchtigkeit, unterst\u00fctzt die Hautstruktur und hilft, Falten und feine Linien sichtbar zu reduzieren, wodurch die Haut glatter und straffer erscheint. Die <strong data-start=\"3727\" data-end=\"3740\">Eye Cream<\/strong> (7 ml) wurde speziell f\u00fcr die empfindliche Augenpartie entwickelt und hilft, M\u00fcdigkeitserscheinungen zu mildern, die Elastizit\u00e4t zu verbessern und einen frischeren, strahlenderen Blick zu verleihen. Die <strong data-start=\"3944\" data-end=\"3980\">konzentrierten Ampullen (3\u00d72 ml)<\/strong> erg\u00e4nzen die Pflege mit einem intensiven Wirkstoff-Boost, der einen sofortigen aufpolsternden Effekt unterst\u00fctzt und die Haut sichtbar revitalisiert. Dank der Kombination aus leichten, zugleich n\u00e4hrenden Texturen und hochwirksamen Inhaltsstoffen ist dieses Set die ideale L\u00f6sung f\u00fcr eine vollst\u00e4ndige Anti-Aging-Routine \u2013 perfekt bei Hautstress, saisonalen Ver\u00e4nderungen oder als Intensivkur f\u00fcr ein glatteres, jugendlicheres und strahlenderes Hautbild.<\/p>\n<\/div>\n<\/div>\n<\/div>\n<\/div>\n<div class=\"z-0 flex min-h-[46px] justify-start\"><\/div>\n<div class=\"mt-3 w-full empty:hidden\">\n<div class=\"text-center\"><\/div>\n<\/div>\n<\/div>\n<\/div>\n<\/article>\n<\/div>\n<div class=\"pointer-events-none h-px w-px absolute bottom-0\" aria-hidden=\"true\" data-edge=\"true\">Follow us! <a href=\"https:\/\/www.instagram.com\/freeshopswiss\/\" target=\"_blank\" rel=\"noopener\">@freeshopswiss<\/a><\/div>\n","protected":false},"excerpt":{"rendered":"<p>Das <strong data-start=\"3047\" data-end=\"3094\">DOCTOR BABOR Lifting &amp; Plumping Booster Set<\/strong> ist eine umfassende Hautpflegebehandlung, die einen sichtbaren Lifting-Effekt, mehr Festigkeit und intensive aufpolsternde Wirkung bietet.<\/p>\n","protected":false},"featured_media":40154,"comment_status":"open","ping_status":"closed","template":"","meta":[],"pwb-brand":[808],"product_brand":[],"product_cat":[111,4200],"product_tag":[419,293,462,300,460],"class_list":{"0":"post-40158","1":"product","2":"type-product","3":"status-publish","4":"has-post-thumbnail","6":"pwb-brand-babor","7":"product_cat-fur-sie-de","8":"product_cat-behandlungen-aktion","9":"product_tag-behandlungen-de","10":"product_tag-frau","11":"product_tag-geschenkset-fuer-damen","12":"product_tag-gesichtsbehandlungen","13":"product_tag-parfuem-geschenkset","15":"first","16":"instock","17":"sale","18":"taxable","19":"shipping-taxable","20":"purchasable","21":"product-type-simple"},"brands":[{"id":808,"name":"Babor","slug":"babor"}],"_links":{"self":[{"href":"https:\/\/www.freeshopfrontiera.ch\/de\/wp-json\/wp\/v2\/product\/40158","targetHints":{"allow":["GET"]}}],"collection":[{"href":"https:\/\/www.freeshopfrontiera.ch\/de\/wp-json\/wp\/v2\/product"}],"about":[{"href":"https:\/\/www.freeshopfrontiera.ch\/de\/wp-json\/wp\/v2\/types\/product"}],"replies":[{"embeddable":true,"href":"https:\/\/www.freeshopfrontiera.ch\/de\/wp-json\/wp\/v2\/comments?post=40158"}],"version-history":[{"count":2,"href":"https:\/\/www.freeshopfrontiera.ch\/de\/wp-json\/wp\/v2\/product\/40158\/revisions"}],"predecessor-version":[{"id":40163,"href":"https:\/\/www.freeshopfrontiera.ch\/de\/wp-json\/wp\/v2\/product\/40158\/revisions\/40163"}],"wp:featuredmedia":[{"embeddable":true,"href":"https:\/\/www.freeshopfrontiera.ch\/de\/wp-json\/wp\/v2\/media\/40154"}],"wp:attachment":[{"href":"https:\/\/www.freeshopfrontiera.ch\/de\/wp-json\/wp\/v2\/media?parent=40158"}],"wp:term":[{"taxonomy":"pwb-brand","embeddable":true,"href":"https:\/\/www.freeshopfrontiera.ch\/de\/wp-json\/wp\/v2\/pwb-brand?post=40158"},{"taxonomy":"product_brand","embeddable":true,"href":"https:\/\/www.freeshopfrontiera.ch\/de\/wp-json\/wp\/v2\/product_brand?post=40158"},{"taxonomy":"product_cat","embeddable":true,"href":"https:\/\/www.freeshopfrontiera.ch\/de\/wp-json\/wp\/v2\/product_cat?post=40158"},{"taxonomy":"product_tag","embeddable":true,"href":"https:\/\/www.freeshopfrontiera.ch\/de\/wp-json\/wp\/v2\/product_tag?post=40158"}],"curies":[{"name":"wp","href":"https:\/\/api.w.org\/{rel}","templated":true}]}}